{"id":758574,"date":"2025-08-28T08:08:44","date_gmt":"2025-08-28T05:08:44","guid":{"rendered":"https:\/\/roveyayinevi.com.tr\/index.php\/urun\/ailenin-otesi\/"},"modified":"2026-04-16T03:11:42","modified_gmt":"2026-04-16T00:11:42","slug":"ailenin-otesi","status":"publish","type":"product","link":"https:\/\/roveyayinevi.com.tr\/index.php\/urun\/ailenin-otesi\/","title":{"rendered":"Ailenin \u00d6tesi"},"content":{"rendered":"<p>Bu kitaptaki t\u00fcm tart\u0131\u015fmam \u015fu ikili de\u011ferlendirmeye dayan\u0131yor asl\u0131nda: (1) Bildi\u011fimiz haliyle aile, bizim ele\u015ftirilerimizden ve m\u00fccadelemizden ba\u011f\u0131ms\u0131z bir bi\u00e7imde, zaten yap\u0131sal olarak \u00e7\u00f6k\u00fcyor ve \u00fcreme bi\u00e7imlerimizi, cinselli\u011fimizi ve karde\u015fliklerimizi \u00f6rg\u00fctlemenin alternatif yollar\u0131n\u0131 aramaya \u00e7oktan ba\u015flad\u0131k; (2) Aile, erkek \/ baba tahakk\u00fcm\u00fcn\u00fcn temel oda\u011f\u0131yd\u0131 ve h\u00e2l\u00e2 da \u00f6yle; bu tahakk\u00fcm, t\u00fcm toplumsal, politik ve k\u00fclt\u00fcrel alanlar\u0131 kapsasa da, sadece ailede yenileniyor, sadece orada yeniden hayatiyet kazan\u0131yor. \u00d6te yandan, yeni bir \u00fcreme, cinsellik ve karde\u015flik rejimi ne kendili\u011finden ortaya \u00e7\u0131kacak, ne yokluktan zuhur edecek, ne de \u00fctopik hayal g\u00fcc\u00fcm\u00fcz\u00fcn, felsefi ve ele\u015ftirel m\u00fclahazalar\u0131m\u0131z\u0131n bir sonucu olacak. Eskinin y\u0131k\u0131nt\u0131lar\u0131 \u00fczerinde, eski, tahrip olmu\u015f ailenin kal\u0131nt\u0131lar\u0131n\u0131, yap\u0131 ta\u015flar\u0131n\u0131, hatta bazen k\u00f6\u015fe ve kilit ta\u015flar\u0131n\u0131 kullanarak in\u015fa edilecek. Ne yaz\u0131k ki, neyi kullan\u0131p neyi \u00e7\u00f6pe ataca\u011f\u0131m\u0131za karar verme, keyfimizce \u015funu al\u0131p bunu b\u0131rakma konusunda da \u00f6zg\u00fcr de\u011filiz yeterince. Ancak yine de bu y\u00f6nde \u00e7aba g\u00f6sterebiliriz, ba\u015fka bir \u015fey i\u00e7in olmasa bile, gelecek nesiller ad\u0131na. \u2014 B\u00fclent Somay  <\/p>\n","protected":false},"excerpt":{"rendered":"<p>Bu kitaptaki t\u00fcm tart\u0131\u015fmam \u015fu ikili de\u011ferlendirmeye dayan\u0131yor asl\u0131nda: (1) Bildi\u011fimiz haliyle aile, bizim ele\u015ftirilerimizden ve m\u00fccadelemizden ba\u011f\u0131ms\u0131z bir bi\u00e7imde, zaten yap\u0131sal olarak \u00e7\u00f6k\u00fcyor ve \u00fcreme<span class=\"excerpt-hellip\"> [\u2026]<\/span><\/p>\n","protected":false},"featured_media":0,"template":"","meta":{"_monsterinsights_skip_tracking":false,"_monsterinsights_sitenote_active":false,"_monsterinsights_sitenote_note":"","_monsterinsights_sitenote_category":0},"product_brand":[],"product_cat":[12324],"product_tag":[],"class_list":{"0":"post-758574","1":"product","2":"type-product","3":"status-publish","5":"product_cat-sosyoloji","6":"pa_cilt-ciltsiz","7":"pa_tur-kitap","8":"pa_yayinevi-metis-yayinlari","9":"pa_yazar-bulent-somay","11":"first","12":"instock","13":"sale","14":"shipping-taxable","15":"purchasable","16":"product-type-simple"},"_links":{"self":[{"href":"https:\/\/roveyayinevi.com.tr\/index.php\/wp-json\/wp\/v2\/product\/758574","targetHints":{"allow":["GET"]}}],"collection":[{"href":"https:\/\/roveyayinevi.com.tr\/index.php\/wp-json\/wp\/v2\/product"}],"about":[{"href":"https:\/\/roveyayinevi.com.tr\/index.php\/wp-json\/wp\/v2\/types\/product"}],"wp:attachment":[{"href":"https:\/\/roveyayinevi.com.tr\/index.php\/wp-json\/wp\/v2\/media?parent=758574"}],"wp:term":[{"taxonomy":"product_brand","embeddable":true,"href":"https:\/\/roveyayinevi.com.tr\/index.php\/wp-json\/wp\/v2\/product_brand?post=758574"},{"taxonomy":"product_cat","embeddable":true,"href":"https:\/\/roveyayinevi.com.tr\/index.php\/wp-json\/wp\/v2\/product_cat?post=758574"},{"taxonomy":"product_tag","embeddable":true,"href":"https:\/\/roveyayinevi.com.tr\/index.php\/wp-json\/wp\/v2\/product_tag?post=758574"}],"curies":[{"name":"wp","href":"https:\/\/api.w.org\/{rel}","templated":true}]}}