{"id":758571,"date":"2025-08-28T08:08:40","date_gmt":"2025-08-28T05:08:40","guid":{"rendered":"https:\/\/roveyayinevi.com.tr\/index.php\/urun\/ayisiginda-kadinlar\/"},"modified":"2026-04-16T03:11:42","modified_gmt":"2026-04-16T00:11:42","slug":"ayisiginda-kadinlar","status":"publish","type":"product","link":"https:\/\/roveyayinevi.com.tr\/index.php\/urun\/ayisiginda-kadinlar\/","title":{"rendered":"Ay\u0131\u015f\u0131\u011f\u0131nda Kad\u0131nlar"},"content":{"rendered":"<p>Ay \u0131\u015f\u0131\u011f\u0131; resimde, edebiyatta, m\u00fczikte, kadim hik\u00e2ye anlat\u0131c\u0131l\u0131\u011f\u0131nda, yani sanat\u0131n her dal\u0131nda bilinmezli\u011fi ve bilinmezli\u011fin getirdi\u011fi gizemi, bilinmezli\u011fe ba\u011fl\u0131 gelen tedirginli\u011fi ve \u00fcrkekli\u011fi temsil eder. Ay \u0131\u015f\u0131\u011f\u0131 ayr\u0131ca y\u00fczlerce y\u0131l kad\u0131nlarla, daha do\u011frusu cad\u0131larla ili\u015fkilendirilmi\u015f, cad\u0131lar\u0131n b\u00fcy\u00fclerini gecenin karanl\u0131\u011f\u0131nda, ay \u0131\u015f\u0131\u011f\u0131n\u0131n k\u0131lavuzlu\u011funda yapt\u0131\u011f\u0131 d\u00fc\u015f\u00fcn\u00fclm\u00fc\u015ft\u00fcr. Ay \u0131\u015f\u0131\u011f\u0131 kad\u0131nlara hem yasak k\u0131l\u0131nm\u0131\u015f, geceleri evlerinden \u00e7\u0131kmamalar\u0131 beklenmi\u015f, hem de s\u0131rf bu yasak y\u00fcz\u00fcnden fethedilmesi me\u015fru ve hak halini alm\u0131\u015ft\u0131r. Her sene ay \u0131\u015f\u0131\u011f\u0131nda gece y\u00fcr\u00fcy\u00fc\u015f\u00fc yap\u0131yorsak ve h\u00e2l\u00e2 geceleri fethetmenin pe\u015findeysek bir bildi\u011fimiz var demektir\u2026 Bu kitapta Ezgi Aksoy\u2019un kalemi ve Bet\u00fcl Y\u0131lmaz\u2019\u0131n \u00e7izgileriyle hayat bulan b\u00fct\u00fcn kad\u0131n hik\u00e2yeleri; gecenin karanl\u0131\u011f\u0131nda yolunu bulamamaktan \u00e7ekinen, kaybolmaktan korkan, ancak b\u00fct\u00fcn engellere ra\u011fmen yolundan d\u00f6nmeyen, ay \u0131\u015f\u0131\u011f\u0131n\u0131n k\u0131s\u0131tl\u0131 ayd\u0131nl\u0131\u011f\u0131nda el yordam\u0131yla ilmek ilmek kendi hik\u00e2yesini yaratan, alan\u0131nda \u00f6nc\u00fc olan, bir devrimin me\u015falesini tutu\u015fturan ve hepimize ilham olan kad\u0131nlar\u0131n hayranl\u0131k verici hayatlar\u0131na ufak bir fener \u0131\u015f\u0131\u011f\u0131 daha tutuyor. Ay \u0131\u015f\u0131\u011f\u0131n\u0131n hortlaklar\u0131 ve ecinnileri, t\u00fcrl\u00fc gece yarat\u0131\u011f\u0131n\u0131 ve hayaletleri, perileri ve iblisleri hat\u0131rlatt\u0131\u011f\u0131 g\u00fcnler \u00e7oktan tarihe kar\u0131\u015ft\u0131. Art\u0131k bilimin ve e\u015fitlik inanc\u0131n\u0131n \u0131\u015f\u0131\u011f\u0131yla yolunu bulan kad\u0131nlar ayd\u0131nlat\u0131yor g\u00fcnd\u00fcz\u00fcm\u00fcz\u00fc ve gecemizi. <\/p>\n","protected":false},"excerpt":{"rendered":"<p>Ay \u0131\u015f\u0131\u011f\u0131; resimde, edebiyatta, m\u00fczikte, kadim hik\u00e2ye anlat\u0131c\u0131l\u0131\u011f\u0131nda, yani sanat\u0131n her dal\u0131nda bilinmezli\u011fi ve bilinmezli\u011fin getirdi\u011fi gizemi, bilinmezli\u011fe ba\u011fl\u0131 gelen tedirginli\u011fi ve \u00fcrkekli\u011fi temsil eder. Ay<span class=\"excerpt-hellip\"> [\u2026]<\/span><\/p>\n","protected":false},"featured_media":0,"template":"","meta":{"_monsterinsights_skip_tracking":false,"_monsterinsights_sitenote_active":false,"_monsterinsights_sitenote_note":"","_monsterinsights_sitenote_category":0},"product_brand":[],"product_cat":[12274],"product_tag":[],"class_list":{"0":"post-758571","1":"product","2":"type-product","3":"status-publish","5":"product_cat-cocuk-ve-genclik-kitaplari","6":"pa_cilt-ciltsiz","7":"pa_tur-kitap","8":"pa_yayinevi-kara-karga-yayinlari","9":"pa_yazar-ezgi-aksoy","11":"first","12":"instock","13":"sale","14":"shipping-taxable","15":"purchasable","16":"product-type-simple"},"_links":{"self":[{"href":"https:\/\/roveyayinevi.com.tr\/index.php\/wp-json\/wp\/v2\/product\/758571","targetHints":{"allow":["GET"]}}],"collection":[{"href":"https:\/\/roveyayinevi.com.tr\/index.php\/wp-json\/wp\/v2\/product"}],"about":[{"href":"https:\/\/roveyayinevi.com.tr\/index.php\/wp-json\/wp\/v2\/types\/product"}],"wp:attachment":[{"href":"https:\/\/roveyayinevi.com.tr\/index.php\/wp-json\/wp\/v2\/media?parent=758571"}],"wp:term":[{"taxonomy":"product_brand","embeddable":true,"href":"https:\/\/roveyayinevi.com.tr\/index.php\/wp-json\/wp\/v2\/product_brand?post=758571"},{"taxonomy":"product_cat","embeddable":true,"href":"https:\/\/roveyayinevi.com.tr\/index.php\/wp-json\/wp\/v2\/product_cat?post=758571"},{"taxonomy":"product_tag","embeddable":true,"href":"https:\/\/roveyayinevi.com.tr\/index.php\/wp-json\/wp\/v2\/product_tag?post=758571"}],"curies":[{"name":"wp","href":"https:\/\/api.w.org\/{rel}","templated":true}]}}