{"id":758569,"date":"2025-08-28T08:08:38","date_gmt":"2025-08-28T05:08:38","guid":{"rendered":"https:\/\/roveyayinevi.com.tr\/index.php\/urun\/samanin-kadin-cemberi\/"},"modified":"2026-04-16T03:11:42","modified_gmt":"2026-04-16T00:11:42","slug":"samanin-kadin-cemberi","status":"publish","type":"product","link":"https:\/\/roveyayinevi.com.tr\/index.php\/urun\/samanin-kadin-cemberi\/","title":{"rendered":"\u015eaman\u0131n Kad\u0131n \u00c7emberi"},"content":{"rendered":"<p>\u201cDavula vuran \u015faman olan de\u011fildir, davula vuran e\u015fi\u011fi ge\u00e7endir.\u201d Kad\u0131n \u00e7emberi, par\u00e7alar\u0131n\u0131 bir araya getirmeye niyetlenmi\u015f bir kad\u0131n\u0131n muazzam bir metaforudur. \u00c7emberde yerinizi ald\u0131\u011f\u0131n\u0131z andan itibaren \u00e7emberin alan\u0131 \u00e7al\u0131\u015fmaya ba\u015flar. G\u00f6r\u00fcnmez ilmekler at\u0131l\u0131r, gizli d\u00fc\u011f\u00fcmler \u00e7\u00f6z\u00fcl\u00fcr&#8230; \u00c7emberler, do\u011fumun ve \u00f6l\u00fcm\u00fcn, ba\u015flang\u0131c\u0131n ve biti\u015fin, yaralara bakman\u0131n ve d\u00f6n\u00fc\u015f\u00fcm\u00fcn, kutsal olanla birle\u015fip onu y\u00fcceltmenin yeridir. Orada t\u00fcm kad\u0131nlar toplan\u0131r, birbirini destekler ve en zay\u0131f olan\u0131 y\u00fcreklendirmek i\u00e7in g\u00fcc\u00fc \u00e7a\u011f\u0131r\u0131r. Kutsal \u00f6yk\u00fclerde anlat\u0131lan ana tanr\u0131\u00e7an\u0131n \u00e7e\u015fitli formlar\u0131 e\u015fli\u011finde y\u00fcr\u00fcnecek bu gizli yolda ama\u00e7 kendi potansiyelinizi a\u00e7\u0131\u011fa \u00e7\u0131karmak, uyum yaratmak ve \u015fifad\u0131r. Di\u015fil enerjinin g\u00fcc\u00fcn\u00fc ke\u015ffedece\u011finiz bu kitap, sadece bir kitap olman\u0131n \u00f6tesine ge\u00e7erek, aktif uygulamalar, rit\u00fceller ve meditasyonlar e\u015fli\u011finde sizleri sevgi, sars\u0131lmaz g\u00fc\u00e7 ve besleyici bir s\u0131cakl\u0131kla saracak. Do\u011fan\u0131n d\u00f6ng\u00fcs\u00fcnden ilham alaca\u011f\u0131n\u0131z bu \u00e7emberde k\u0131z karde\u015flerinizle birlikte yerinizi al\u0131n ve kalbinizi sonsuz \u015fefkate a\u00e7\u0131n. <\/p>\n","protected":false},"excerpt":{"rendered":"<p>\u201cDavula vuran \u015faman olan de\u011fildir, davula vuran e\u015fi\u011fi ge\u00e7endir.\u201d Kad\u0131n \u00e7emberi, par\u00e7alar\u0131n\u0131 bir araya getirmeye niyetlenmi\u015f bir kad\u0131n\u0131n muazzam bir metaforudur. \u00c7emberde yerinizi ald\u0131\u011f\u0131n\u0131z andan itibaren<span class=\"excerpt-hellip\"> [\u2026]<\/span><\/p>\n","protected":false},"featured_media":0,"template":"","meta":{"_monsterinsights_skip_tracking":false,"_monsterinsights_sitenote_active":false,"_monsterinsights_sitenote_note":"","_monsterinsights_sitenote_category":0},"product_brand":[],"product_cat":[12364,12376],"product_tag":[],"class_list":{"0":"post-758569","1":"product","2":"type-product","3":"status-publish","5":"product_cat-genel-konular","6":"product_cat-kisisel-gelisim","7":"pa_cilt-ciltsiz","8":"pa_tur-kitap","9":"pa_yayinevi-destek-yayinlari","10":"pa_yazar-felis-kohen","12":"first","13":"instock","14":"sale","15":"shipping-taxable","16":"purchasable","17":"product-type-simple"},"_links":{"self":[{"href":"https:\/\/roveyayinevi.com.tr\/index.php\/wp-json\/wp\/v2\/product\/758569","targetHints":{"allow":["GET"]}}],"collection":[{"href":"https:\/\/roveyayinevi.com.tr\/index.php\/wp-json\/wp\/v2\/product"}],"about":[{"href":"https:\/\/roveyayinevi.com.tr\/index.php\/wp-json\/wp\/v2\/types\/product"}],"wp:attachment":[{"href":"https:\/\/roveyayinevi.com.tr\/index.php\/wp-json\/wp\/v2\/media?parent=758569"}],"wp:term":[{"taxonomy":"product_brand","embeddable":true,"href":"https:\/\/roveyayinevi.com.tr\/index.php\/wp-json\/wp\/v2\/product_brand?post=758569"},{"taxonomy":"product_cat","embeddable":true,"href":"https:\/\/roveyayinevi.com.tr\/index.php\/wp-json\/wp\/v2\/product_cat?post=758569"},{"taxonomy":"product_tag","embeddable":true,"href":"https:\/\/roveyayinevi.com.tr\/index.php\/wp-json\/wp\/v2\/product_tag?post=758569"}],"curies":[{"name":"wp","href":"https:\/\/api.w.org\/{rel}","templated":true}]}}