{"id":758568,"date":"2025-08-28T08:08:36","date_gmt":"2025-08-28T05:08:36","guid":{"rendered":"https:\/\/roveyayinevi.com.tr\/index.php\/urun\/tanrinin-huzur-bahsettigi-shantaram-ciltli\/"},"modified":"2026-04-16T03:11:42","modified_gmt":"2026-04-16T00:11:42","slug":"tanrinin-huzur-bahsettigi-shantaram-ciltli","status":"publish","type":"product","link":"https:\/\/roveyayinevi.com.tr\/index.php\/urun\/tanrinin-huzur-bahsettigi-shantaram-ciltli\/","title":{"rendered":"Tanr\u0131\u2019n\u0131n Huzur Bah\u015fetti\u011fi Shantaram (Ciltli)"},"content":{"rendered":"<p>\u201cBiri bana bu kitab\u0131n ne ile ilgili oldu\u011funu sorarsa, ona d\u00fcnyadaki her \u015feyle ilgili, diye cevap veririm. Gregory David Roberts, Bombay i\u00e7in t\u0131pk\u0131 Lawrence Durrell&#8217;\u0131n \u0130skenderiye, Melville&#8217;in B\u00fcy\u00fck Okyanus, Thoreau&#8217;nun Walden G\u00f6l\u00fc i\u00e7in yapt\u0131\u011f\u0131n\u0131 yapm\u0131\u015f. Bombay\u2019\u0131 d\u00fcnya edebiyat\u0131n\u0131n sonsuza dek an\u0131lacak yerlerinden biri k\u0131lm\u0131\u015f.\u201d -Pat Conroy   \u201cA\u015fk, kader ve yapt\u0131\u011f\u0131m\u0131z se\u00e7imler hakk\u0131nda bildiklerimi \u00f6\u011frenmem \u00e7ok uzun s\u00fcrd\u00fc, d\u00fcnyan\u0131n pek \u00e7ok yerini dola\u015fmam gerekti ama hepsinin \u00f6z\u00fcn\u00fc bir anda, bir duvara zincirlenmi\u015f halde i\u015fkence g\u00f6r\u00fcrken kavrad\u0131m.\u201d \u201cE\u015fsiz, kesinlikle \u00e7ok cesur ve inan\u0131lmaz vah\u015fi. Shantaram en zengin hayal g\u00fc\u00e7lerini bile haz\u0131rl\u0131ks\u0131z yakalayacak.\u201d -Elle   \u201cShantaram ilk c\u00fcmlesiyle tavl\u0131yor. Heyecan verici, dokunakl\u0131 ve korkutucu&#8230; Muhte\u015fem bir roman.\u201d -Detroit Free Press \u201c\u00c7ok zekice&#8230; Canl\u0131 karakterlerle dolu. Ama Shantaram&#8217;daki en g\u00fc\u00e7l\u00fc karakter \u015fehrin ta kendisi, Bombay. Roberts&#8217;\u0131n Hindistan&#8217;a, orada ya\u015fayan insanlara duydu\u011fu i\u00e7ten sevgi, kitab\u0131 okumay\u0131 daha da zevkli k\u0131l\u0131yor. Roberts bizi Bombay\u2019\u0131n gecekondular\u0131na, uyu\u015fturucu sat\u0131lan mekanlar\u0131na, batakhanelerine, barlar\u0131na g\u00f6t\u00fcr\u00fcyor ve, siz de gelin, diyor.  Biz de gidiyoruz.\u201d -The Washington Post   \u201cNefes kesici&#8230; Y\u00fcrekten hissedilen, film gibi izlenen bir yap\u0131t. Heyecanla okunuyor.\u201d -Publisher&#8217;s Weekly   \u201cNefis yaz\u0131lm\u0131\u015f, sayfalar\u0131n\u0131 \u00e7evirmekten kendinizi alamayaca\u011f\u0131n\u0131z bir ba\u015fyap\u0131t. Ki\u015fi ve yer adlar\u0131n\u0131n gizlendi\u011fi romanlara bir yan\u0131t. Az say\u0131da yabanc\u0131n\u0131n bildi\u011fi Hindistan&#8217;\u0131n \u00f6teki y\u00fcz\u00fcn\u00fcn enfes bir anlat\u0131m\u0131.\u201d -Kirkus Reviews \u201cYarat\u0131c\u0131 bir anlat\u0131m.\u201d -People \u201cCanl\u0131 ve e\u011flenceli. Duygusal ve sinematik g\u00fczellikteki dili \u00e7ok etkileyici.\u201d -USA Today \u201cEngin bir d\u00fc\u015f\u00fcnce g\u00fcc\u00fc, s\u0131rad\u0131\u015f\u0131 bir vizyon.\u201d &#8211; Time Out<\/p>\n","protected":false},"excerpt":{"rendered":"<p>\u201cBiri bana bu kitab\u0131n ne ile ilgili oldu\u011funu sorarsa, ona d\u00fcnyadaki her \u015feyle ilgili, diye cevap veririm. Gregory David Roberts, Bombay i\u00e7in t\u0131pk\u0131 Lawrence Durrell&#8217;\u0131n \u0130skenderiye,<span class=\"excerpt-hellip\"> [\u2026]<\/span><\/p>\n","protected":false},"featured_media":0,"template":"","meta":{"_monsterinsights_skip_tracking":false,"_monsterinsights_sitenote_active":false,"_monsterinsights_sitenote_note":"","_monsterinsights_sitenote_category":0},"product_brand":[],"product_cat":[18545,12291],"product_tag":[],"class_list":{"0":"post-758568","1":"product","2":"type-product","3":"status-publish","5":"product_cat-anlati","6":"product_cat-edebiyat","7":"pa_cilt-ciltli","8":"pa_tur-kitap","9":"pa_yayinevi-artemis-yayinlari","10":"pa_yazar-gregory-david-roberts","12":"first","13":"instock","14":"sale","15":"shipping-taxable","16":"purchasable","17":"product-type-simple"},"_links":{"self":[{"href":"https:\/\/roveyayinevi.com.tr\/index.php\/wp-json\/wp\/v2\/product\/758568","targetHints":{"allow":["GET"]}}],"collection":[{"href":"https:\/\/roveyayinevi.com.tr\/index.php\/wp-json\/wp\/v2\/product"}],"about":[{"href":"https:\/\/roveyayinevi.com.tr\/index.php\/wp-json\/wp\/v2\/types\/product"}],"wp:attachment":[{"href":"https:\/\/roveyayinevi.com.tr\/index.php\/wp-json\/wp\/v2\/media?parent=758568"}],"wp:term":[{"taxonomy":"product_brand","embeddable":true,"href":"https:\/\/roveyayinevi.com.tr\/index.php\/wp-json\/wp\/v2\/product_brand?post=758568"},{"taxonomy":"product_cat","embeddable":true,"href":"https:\/\/roveyayinevi.com.tr\/index.php\/wp-json\/wp\/v2\/product_cat?post=758568"},{"taxonomy":"product_tag","embeddable":true,"href":"https:\/\/roveyayinevi.com.tr\/index.php\/wp-json\/wp\/v2\/product_tag?post=758568"}],"curies":[{"name":"wp","href":"https:\/\/api.w.org\/{rel}","templated":true}]}}