{"id":758567,"date":"2025-08-28T08:08:35","date_gmt":"2025-08-28T05:08:35","guid":{"rendered":"https:\/\/roveyayinevi.com.tr\/index.php\/urun\/sinirsiz-genisletilmis-version\/"},"modified":"2026-04-16T03:11:42","modified_gmt":"2026-04-16T00:11:42","slug":"sinirsiz-genisletilmis-version","status":"publish","type":"product","link":"https:\/\/roveyayinevi.com.tr\/index.php\/urun\/sinirsiz-genisletilmis-version\/","title":{"rendered":"S\u0131n\u0131rs\u0131z &#8211; Geni\u015fletilmi\u015f Version"},"content":{"rendered":"<p>D\u00fcnyaca \u00fcnl\u00fc beyin ko\u00e7u Jim Kwik, 30 y\u0131l\u0131 a\u015fk\u0131n bir s\u00fcredir akt\u00f6rler, sporcular, CEO&#8217;lar ve i\u015f d\u00fcnyas\u0131n\u0131n \u00f6nc\u00fcleri de d\u00e2hil olmak \u00fczere bir\u00e7ok \u00fcst\u00fcn ba\u015far\u0131l\u0131 insan\u0131n gizli silah\u0131 olmaya devam ediyor. Yazar, \u201cS\u0131n\u0131rs\u0131z\u201d ile kendi kendine \u00f6\u011frenmeyi, ileti\u015fimi, haf\u0131zay\u0131, odaklanmay\u0131, hat\u0131rlamay\u0131 ve h\u0131zl\u0131 okumay\u0131 geli\u015ftirerek \u015fa\u015f\u0131rt\u0131c\u0131 sonu\u00e7lar elde etmek i\u00e7in bilime dayal\u0131 uygulamalar\u0131 ve sahada test edilmi\u015f ipu\u00e7lar\u0131n\u0131 a\u00e7\u0131kl\u0131yor. Bu geni\u015fletilmi\u015f bask\u0131da d\u00f6rt yeni b\u00f6l\u00fcm bulunuyor:\u2022 \u0130nsan zek\u00e2s\u0131n\u0131 artt\u0131rmak \u00fczere yapay zek\u00e2y\u0131 kullanma y\u00f6ntemleri\u2022 Bili\u015fsel performans\u0131 artt\u0131rmak i\u00e7in nootropikler ve beslenme alan\u0131ndaki en son ke\u015fifler\u2022 \u0130\u015f Hayat\u0131nda S\u0131n\u0131rs\u0131z b\u00f6l\u00fcm\u00fcnde ister tamamen uzaktan \u00e7al\u0131\u015f\u0131yor, ister hibrit modeli benimsemi\u015f olun ya da geleneksel ofis ortam\u0131nda \u00e7al\u0131\u015fmaya devam edin; de\u011fi\u015fen i\u015f ortam\u0131na uyum sa\u011flamak ve geli\u015fmek i\u00e7in ihtiyac\u0131n\u0131z olan ara\u00e7lar\u2022 \u201cHayvan beyin tipinizi\u201d \u00f6\u011frenmek i\u00e7in bir \u00f6z de\u011ferlendirme Jim&#8217;in \u00f6\u011fretilerini hayatlar\u0131na d\u00e2hil eden insanlar\u0131n d\u00f6n\u00fc\u015ft\u00fcr\u00fcc\u00fc ba\u015far\u0131 \u00f6yk\u00fcleriyle g\u00fcncellenen S\u0131n\u0131rs\u0131z\u2019\u0131n geni\u015fletilmi\u015f versiyonu, insanlara zihniyetlerini, motivasyonlar\u0131n\u0131 ve y\u00f6ntemlerini de\u011fi\u015ftirerek ve durdurulamaz bir ivme yaratarak daha fazlas\u0131na -daha fazla \u00fcretkenli\u011fe, daha fazla d\u00f6n\u00fc\u015f\u00fcme, daha fazla ki\u015fisel ve i\u015fle ilgili ba\u015far\u0131ya- ula\u015fma yetene\u011fi kazand\u0131r\u0131yor. Bu d\u00f6rt de\u011ferli kavram (zihniyet, motivasyon, y\u00f6ntemler ve ivme), beyninizin s\u00fcper g\u00fc\u00e7lerini ortaya \u00e7\u0131kar\u0131p al\u0131\u015fkanl\u0131klar\u0131n\u0131z\u0131 de\u011fi\u015ftirecek pratik tekniklerle birlikte S\u0131n\u0131rs\u0131z\u2019\u0131n sayfalar\u0131nda ke\u015ffedilmeyi bekliyor. S\u0131n\u0131rs\u0131z zihinsel kapasiteye ula\u015fman\u0131n s\u0131rr\u0131, sizi neyin motive etti\u011fini ortaya \u00e7\u0131karmakt\u0131r. Tutkular\u0131n\u0131z\u0131, ama\u00e7lar\u0131n\u0131z\u0131 ve enerjinizin kaynaklar\u0131n\u0131 a\u00e7\u0131\u011fa \u00e7\u0131kard\u0131\u011f\u0131n\u0131zda, hedeflerinizi net g\u00f6rerek onlara daha kolay odaklanabilirsiniz. \u00d6\u011frenme s\u00fcrecinizi h\u0131zland\u0131r\u0131n, haf\u0131zan\u0131z\u0131 geli\u015ftirin ve beyin performans\u0131n\u0131z\u0131 art\u0131r\u0131n. Jim Kwik, h\u0131zl\u0131 okuma yoluyla bir kitab\u0131 \u00fc\u00e7 kat daha h\u0131zl\u0131 bitirebilmeniz (ve hat\u0131rlayabilmeniz), rekor s\u00fcrede yeni bir dil \u00f6\u011frenebilmeniz ve yeni becerilerde kolayl\u0131kla ustala\u015fabilmeniz i\u00e7in h\u0131zland\u0131r\u0131lm\u0131\u015f \u00f6\u011frenme \u00fczerine en yeni n\u00f6robilim y\u00f6ntemlerini uyguluyor. S\u0131n\u0131rs\u0131z (Geni\u015fletilmi\u015f Versiyon), zihinsel performans\u0131n\u0131z\u0131 y\u00fckseltmenize ve hayat\u0131n\u0131z\u0131 d\u00f6n\u00fc\u015ft\u00fcrmenize yard\u0131mc\u0131 olacak pratik tekniklerle dolu bir ba\u015fucu beyin e\u011fitimi kitab\u0131d\u0131r. &#8220;D\u00e2hi hap\u0131 diye bir \u015fey h\u00e2l\u00e2 icat edilmedi ama Jim size, beyninizin en iyi versiyonunu ve en parlak gelece\u011finizi ortaya \u00e7\u0131karacak s\u00fcreci sunuyor.&#8221; -Dr. Mark Hyman \u201cJIM KWIK: 195 \u00fclkede \u00e7evrim i\u00e7i kurslar veren, a\u00e7\u0131l\u0131\u015f konu\u015fmalar\u0131 200.000\u2019den fazla ki\u015fi taraf\u0131ndan izlenen ki\u015fisel geli\u015fim uzman\u0131\u201d<\/p>\n","protected":false},"excerpt":{"rendered":"<p>D\u00fcnyaca \u00fcnl\u00fc beyin ko\u00e7u Jim Kwik, 30 y\u0131l\u0131 a\u015fk\u0131n bir s\u00fcredir akt\u00f6rler, sporcular, CEO&#8217;lar ve i\u015f d\u00fcnyas\u0131n\u0131n \u00f6nc\u00fcleri de d\u00e2hil olmak \u00fczere bir\u00e7ok \u00fcst\u00fcn ba\u015far\u0131l\u0131 insan\u0131n<span class=\"excerpt-hellip\"> [\u2026]<\/span><\/p>\n","protected":false},"featured_media":0,"template":"","meta":{"_monsterinsights_skip_tracking":false,"_monsterinsights_sitenote_active":false,"_monsterinsights_sitenote_note":"","_monsterinsights_sitenote_category":0},"product_brand":[],"product_cat":[12364,12376],"product_tag":[],"class_list":{"0":"post-758567","1":"product","2":"type-product","3":"status-publish","5":"product_cat-genel-konular","6":"product_cat-kisisel-gelisim","7":"pa_cilt-ciltsiz","8":"pa_tur-kitap","9":"pa_yayinevi-parola-yayinlari","10":"pa_yazar-jim-kwik","12":"first","13":"instock","14":"sale","15":"shipping-taxable","16":"purchasable","17":"product-type-simple"},"_links":{"self":[{"href":"https:\/\/roveyayinevi.com.tr\/index.php\/wp-json\/wp\/v2\/product\/758567","targetHints":{"allow":["GET"]}}],"collection":[{"href":"https:\/\/roveyayinevi.com.tr\/index.php\/wp-json\/wp\/v2\/product"}],"about":[{"href":"https:\/\/roveyayinevi.com.tr\/index.php\/wp-json\/wp\/v2\/types\/product"}],"wp:attachment":[{"href":"https:\/\/roveyayinevi.com.tr\/index.php\/wp-json\/wp\/v2\/media?parent=758567"}],"wp:term":[{"taxonomy":"product_brand","embeddable":true,"href":"https:\/\/roveyayinevi.com.tr\/index.php\/wp-json\/wp\/v2\/product_brand?post=758567"},{"taxonomy":"product_cat","embeddable":true,"href":"https:\/\/roveyayinevi.com.tr\/index.php\/wp-json\/wp\/v2\/product_cat?post=758567"},{"taxonomy":"product_tag","embeddable":true,"href":"https:\/\/roveyayinevi.com.tr\/index.php\/wp-json\/wp\/v2\/product_tag?post=758567"}],"curies":[{"name":"wp","href":"https:\/\/api.w.org\/{rel}","templated":true}]}}