{"id":758566,"date":"2025-08-28T08:08:33","date_gmt":"2025-08-28T05:08:33","guid":{"rendered":"https:\/\/roveyayinevi.com.tr\/index.php\/urun\/arastirma-kutuphanelerinde-hizmet-basarisinin-tanimlanmasi\/"},"modified":"2026-04-16T03:11:42","modified_gmt":"2026-04-16T00:11:42","slug":"arastirma-kutuphanelerinde-hizmet-basarisinin-tanimlanmasi","status":"publish","type":"product","link":"https:\/\/roveyayinevi.com.tr\/index.php\/urun\/arastirma-kutuphanelerinde-hizmet-basarisinin-tanimlanmasi\/","title":{"rendered":"Ara\u015ft\u0131rma K\u00fct\u00fcphanelerinde Hizmet Ba\u015far\u0131s\u0131n\u0131n Tan\u0131mlanmas\u0131"},"content":{"rendered":"<p>Bu kitapta, k\u00fct\u00fcphanelerde hizmet ba\u015far\u0131s\u0131 hakk\u0131nda bilgi verilmekte veara\u015ft\u0131rma k\u00fct\u00fcphanelerinde hizmet ba\u015far\u0131s\u0131n\u0131 etkileyen fakt\u00f6rlerirdelenmektedir. K\u00fct\u00fcphane hizmetlerinin tespiti, planlanmas\u0131,s\u0131n\u0131fland\u0131r\u0131lmas\u0131, sunulmas\u0131, duyurulmas\u0131, kulland\u0131r\u0131lmas\u0131, g\u00fcncellenmesi vede\u011ferlendirmesine y\u00f6nelik faaliyetlerin k\u00fct\u00fcphane hizmet ba\u015far\u0131s\u0131na nekadar, nas\u0131l ve ne \u015fekilde etki etti\u011fi sorusuna cevap aranmaktad\u0131r. Elde edilenbulgular \u0131\u015f\u0131\u011f\u0131nda k\u00fct\u00fcphane hizmetlerinde ba\u015far\u0131y\u0131 sa\u011flayan fakt\u00f6rler \u0130SAMK\u00fct\u00fcphanesi \u00f6rne\u011fi ile ortaya konulmaya \u00e7al\u0131\u015f\u0131lm\u0131\u015ft\u0131r. \u0130SAM k\u00fct\u00fcphanesi\u00f6rne\u011fi ile ortaya konan ba\u015far\u0131 fakt\u00f6rlerinin di\u011fer ara\u015ft\u0131rma k\u00fct\u00fcphanelerininhizmetlerini geli\u015ftirmelerine katk\u0131 sa\u011flamas\u0131, olu\u015fturulan soru ve ifadeler ilebilimsel \u00e7al\u0131\u015fmalarda k\u00fct\u00fcphanelere y\u00f6nelik nitel de\u011ferlendirmelere katk\u0131sunmas\u0131 beklenmektedir.\u00c7al\u0131\u015fma T\u00fcrkiye\u2019nin en \u00f6nemli ara\u015ft\u0131rma k\u00fct\u00fcphanelerinden biri olan \u0130SAMK\u00fct\u00fcphanesi\u2019nin kurulu\u015fundan g\u00fcn\u00fcm\u00fcze tarihsel geli\u015fimi hakk\u0131nda birincilkaynaklara dayanarak kapsaml\u0131 bilgiler sunmas\u0131 a\u00e7\u0131s\u0131ndan da \u00f6nemta\u015f\u0131maktad\u0131r. Bu ba\u011flamda eserin bilgi ve belge y\u00f6netimi alan\u0131nda yap\u0131lacakkurum tarihi \u00e7al\u0131\u015fmalar\u0131na da rehberlik edebilece\u011fi d\u00fc\u015f\u00fcn\u00fclmektedir.<\/p>\n","protected":false},"excerpt":{"rendered":"<p>Bu kitapta, k\u00fct\u00fcphanelerde hizmet ba\u015far\u0131s\u0131 hakk\u0131nda bilgi verilmekte veara\u015ft\u0131rma k\u00fct\u00fcphanelerinde hizmet ba\u015far\u0131s\u0131n\u0131 etkileyen fakt\u00f6rlerirdelenmektedir. K\u00fct\u00fcphane hizmetlerinin tespiti, planlanmas\u0131,s\u0131n\u0131fland\u0131r\u0131lmas\u0131, sunulmas\u0131, duyurulmas\u0131, kulland\u0131r\u0131lmas\u0131, g\u00fcncellenmesi vede\u011ferlendirmesine y\u00f6nelik faaliyetlerin k\u00fct\u00fcphane<span class=\"excerpt-hellip\"> [\u2026]<\/span><\/p>\n","protected":false},"featured_media":0,"template":"","meta":{"_monsterinsights_skip_tracking":false,"_monsterinsights_sitenote_active":false,"_monsterinsights_sitenote_note":"","_monsterinsights_sitenote_category":0},"product_brand":[],"product_cat":[13072,12291],"product_tag":[],"class_list":{"0":"post-758566","1":"product","2":"type-product","3":"status-publish","5":"product_cat-arastirma-inceleme-referans","6":"product_cat-edebiyat","7":"pa_cilt-ciltsiz","8":"pa_tur-kitap","9":"pa_yayinevi-aktif-yayinevi","10":"pa_yazar-nuri-taskin","12":"first","13":"instock","14":"sale","15":"shipping-taxable","16":"purchasable","17":"product-type-simple"},"_links":{"self":[{"href":"https:\/\/roveyayinevi.com.tr\/index.php\/wp-json\/wp\/v2\/product\/758566","targetHints":{"allow":["GET"]}}],"collection":[{"href":"https:\/\/roveyayinevi.com.tr\/index.php\/wp-json\/wp\/v2\/product"}],"about":[{"href":"https:\/\/roveyayinevi.com.tr\/index.php\/wp-json\/wp\/v2\/types\/product"}],"wp:attachment":[{"href":"https:\/\/roveyayinevi.com.tr\/index.php\/wp-json\/wp\/v2\/media?parent=758566"}],"wp:term":[{"taxonomy":"product_brand","embeddable":true,"href":"https:\/\/roveyayinevi.com.tr\/index.php\/wp-json\/wp\/v2\/product_brand?post=758566"},{"taxonomy":"product_cat","embeddable":true,"href":"https:\/\/roveyayinevi.com.tr\/index.php\/wp-json\/wp\/v2\/product_cat?post=758566"},{"taxonomy":"product_tag","embeddable":true,"href":"https:\/\/roveyayinevi.com.tr\/index.php\/wp-json\/wp\/v2\/product_tag?post=758566"}],"curies":[{"name":"wp","href":"https:\/\/api.w.org\/{rel}","templated":true}]}}