{"id":758565,"date":"2025-08-28T08:08:31","date_gmt":"2025-08-28T05:08:31","guid":{"rendered":"https:\/\/roveyayinevi.com.tr\/index.php\/urun\/yunus-emre-and-his-mystical-poetry-ciltli\/"},"modified":"2026-04-16T03:11:41","modified_gmt":"2026-04-16T00:11:41","slug":"yunus-emre-and-his-mystical-poetry-ciltli","status":"publish","type":"product","link":"https:\/\/roveyayinevi.com.tr\/index.php\/urun\/yunus-emre-and-his-mystical-poetry-ciltli\/","title":{"rendered":"Yunus Emre and His Mystical Poetry (Ciltli)"},"content":{"rendered":"<p>Anadolu tasavvuf gelene\u011fini ve T\u00fcrk\u00e7enin bir edebiyat dili olarak geli\u015fiminiderinden etkileyen Yunus Emre\u2019nin \u015fiirleri, Tal\u00e2t Sait Halman\u2019\u0131n derledi\u011fi buinceleme kitab\u0131yla yeniden uluslararas\u0131 okuyucu kitlesinin dikkatine sunuluyor.T\u00fcrk edebiyat\u0131 ve \u0130slam mistisizminin \u00f6nde gelen uzmanlar\u0131nca yaz\u0131lm\u0131\u015f\u0130ngilizce makaleleri bir araya getiren bu eserde; Andreas Tietze, YunusEmre\u2019yi kendi d\u00f6neminin Avrupal\u0131 mistik \u015fairleriyle kar\u015f\u0131la\u015ft\u0131r\u0131yor. AnnemarieSchimmel, Yunus\u2019u \u0130slam d\u00fcnyas\u0131n\u0131n genel tasavvuf k\u00fclt\u00fcr\u00fc i\u00e7erisindede\u011ferlendiriyor. \u0130lhan Ba\u015fg\u00f6z, Yunus\u2019un \u015fiirlerine dayanarak onun ya\u015fam\u0131n\u0131 ved\u00fc\u015f\u00fcncelerini mercek alt\u0131na al\u0131yor. John R. Walsh, Yunus Emre \u015fiirlerini birerilahi olarak incelerken, Mehmet Kaplan bu eserleri metafizik a\u00e7\u0131dan yorumluyor.Tal\u00e2t Sait Halman ise Yunus\u2019un \u015fiirlerindeki h\u00fcmanizmi g\u00f6zler \u00f6n\u00fcne seriyor.Kitapta Yunus Emre\u2019nin pek \u00e7ok \u015fiirinin \u0130ngilizce \u00e7evirisine de yer veriliyor.One of the first poets in Anatolia to have composed poetry in Turkish, YunusEmre (d. ca. 1320) had a profound impact on the development of Turkish as aliterary language and the flourishing of an Anatolian mystical tradition. His workhas indeed retained its ethical and aesthetic relevance to this day.This volume brings together essays by some of the most well-known scholarsof Islamic mysticism and Turkish language and literature to shed light on thepoetry of Yunus from different perspectives. Andreas Tietze compares YunusEmre with the European mystic poets of his time. Annemarie Schimmelevaluates the poet within the context of Islamic mysticism in general. \u0130lhanBa\u015fg\u00f6z examines Yunus Emre\u2019s life and the evolution of his ideas based onthe evidence extracted from his poems. John R. Walsh explores Yunus Emre\u2019spoems in terms of their function as hymns, while Mehmet Kaplan analyzes themetaphysical aspects of the poet\u2019s work. Tal\u00e2t Sait Halman\u2019s contributionsurveys the humanistic concepts in the poems composed by this greatAnatolian mystic. The book also offers a wide selection of Yunus Emre\u2019s poemstranslated into English.<\/p>\n","protected":false},"excerpt":{"rendered":"<p>Anadolu tasavvuf gelene\u011fini ve T\u00fcrk\u00e7enin bir edebiyat dili olarak geli\u015fiminiderinden etkileyen Yunus Emre\u2019nin \u015fiirleri, Tal\u00e2t Sait Halman\u2019\u0131n derledi\u011fi buinceleme kitab\u0131yla yeniden uluslararas\u0131 okuyucu kitlesinin dikkatine sunuluyor.T\u00fcrk<span class=\"excerpt-hellip\"> [\u2026]<\/span><\/p>\n","protected":false},"featured_media":0,"template":"","meta":{"_monsterinsights_skip_tracking":false,"_monsterinsights_sitenote_active":false,"_monsterinsights_sitenote_note":"","_monsterinsights_sitenote_category":0},"product_brand":[],"product_cat":[13072,12291],"product_tag":[],"class_list":{"0":"post-758565","1":"product","2":"type-product","3":"status-publish","5":"product_cat-arastirma-inceleme-referans","6":"product_cat-edebiyat","7":"pa_cilt-ciltli","8":"pa_tur-kitap","9":"pa_yayinevi-koc-universitesi-yayinlari","10":"pa_yazar-kolektif","12":"first","13":"instock","14":"sale","15":"shipping-taxable","16":"purchasable","17":"product-type-simple"},"_links":{"self":[{"href":"https:\/\/roveyayinevi.com.tr\/index.php\/wp-json\/wp\/v2\/product\/758565","targetHints":{"allow":["GET"]}}],"collection":[{"href":"https:\/\/roveyayinevi.com.tr\/index.php\/wp-json\/wp\/v2\/product"}],"about":[{"href":"https:\/\/roveyayinevi.com.tr\/index.php\/wp-json\/wp\/v2\/types\/product"}],"wp:attachment":[{"href":"https:\/\/roveyayinevi.com.tr\/index.php\/wp-json\/wp\/v2\/media?parent=758565"}],"wp:term":[{"taxonomy":"product_brand","embeddable":true,"href":"https:\/\/roveyayinevi.com.tr\/index.php\/wp-json\/wp\/v2\/product_brand?post=758565"},{"taxonomy":"product_cat","embeddable":true,"href":"https:\/\/roveyayinevi.com.tr\/index.php\/wp-json\/wp\/v2\/product_cat?post=758565"},{"taxonomy":"product_tag","embeddable":true,"href":"https:\/\/roveyayinevi.com.tr\/index.php\/wp-json\/wp\/v2\/product_tag?post=758565"}],"curies":[{"name":"wp","href":"https:\/\/api.w.org\/{rel}","templated":true}]}}