{"id":758564,"date":"2025-08-28T08:08:30","date_gmt":"2025-08-28T05:08:30","guid":{"rendered":"https:\/\/roveyayinevi.com.tr\/index.php\/urun\/hilekar-hucre\/"},"modified":"2026-04-16T03:11:41","modified_gmt":"2026-04-16T00:11:41","slug":"hilekar-hucre","status":"publish","type":"product","link":"https:\/\/roveyayinevi.com.tr\/index.php\/urun\/hilekar-hucre\/","title":{"rendered":"Hilekar H\u00fccre"},"content":{"rendered":"<p>Kansere neden olan etkenleri d\u00fc\u015f\u00fcnd\u00fc\u011f\u00fcm\u00fczde evrim ilk akl\u0131m\u0131zagelenler aras\u0131nda de\u011fildir. Oysaki evrim ve kanser yak\u0131ndan ili\u015fkilidir. D\u00fcnya\u2019n\u0131n uzun tarihi i\u00e7inde ya\u015fam\u0131 m\u00fcmk\u00fcn k\u0131lan s\u00fcre\u00e7ler kanserin de yarat\u0131c\u0131s\u0131d\u0131r. Kanserin evrimsel k\u00f6kenlerinin anla\u015f\u0131lmas\u0131 bize kanser tedavisinde daha etkili, devrim niteli\u011finde \u00e7\u00f6z\u00fcmler bulma \u015fans\u0131 verebilir.Hilek\u00e2r H\u00fccre\u2019de Athena Aktipis kanser ile evrim aras\u0131ndaki s\u0131ra d\u0131\u015f\u0131 ili\u015fkiyi anlayabilmek i\u00e7in milyarlarca y\u0131l geriye giderek tekh\u00fccreli ya\u015famdan \u00e7okh\u00fccrelili\u011fe ge\u00e7i\u015fin izlerini s\u00fcr\u00fcyor. \u0130\u015fbirli\u011fi i\u00e7indeki h\u00fccrelerden baz\u0131lar\u0131, hilek\u00e2r olanlar, kaynaklar\u0131 a\u015f\u0131r\u0131 kullanmaya, kontrols\u00fcz \u00e7o\u011falmaya ba\u015flar. Sonu\u00e7 kanserdir. Kanserin her yerde kar\u015f\u0131m\u0131za \u00e7\u0131kmas\u0131 evrimin bir sonucudur ve \u00e7okh\u00fccreli ya\u015fam devam etti\u011fi m\u00fcddet\u00e7e kanser de varl\u0131\u011f\u0131n\u0131 s\u00fcrd\u00fcrecektir. \u00d6yleyse kanseri tedavi etmekten vazge\u00e7memiz mi gerekiyor? Aktipis, kansere ba\u015fka bir mercekten bakmay\u0131 \u00f6neriyor. Hastal\u0131k hemen yok edilmesi gereken bir d\u00fc\u015fman de\u011fil, uzun vadede kontrol alt\u0131nda tuttu\u011fumuz bir yolda\u015f olabilir.Kanserin biyolojik ge\u00e7mi\u015fimizin, bug\u00fcn\u00fcm\u00fcz\u00fcn ve gelece\u011fimizin par\u00e7as\u0131 oldu\u011fu ve evrime kar\u015f\u0131 verece\u011fimiz bir sava\u015f\u0131 kazanmam\u0131z\u0131n m\u00fcmk\u00fcn olmad\u0131\u011f\u0131 ger\u00e7e\u011fini kabullenirsek, kanser tedavileri daha ak\u0131lc\u0131, daha stratejik ve daha insani olabilir. Hilek\u00e2r H\u00fccre kanserin temel do\u011fas\u0131n\u0131 ve kanserle olan ili\u015fkimizi yeniden d\u00fc\u015f\u00fcnmeye davet ediyor.<\/p>\n","protected":false},"excerpt":{"rendered":"<p>Kansere neden olan etkenleri d\u00fc\u015f\u00fcnd\u00fc\u011f\u00fcm\u00fczde evrim ilk akl\u0131m\u0131zagelenler aras\u0131nda de\u011fildir. Oysaki evrim ve kanser yak\u0131ndan ili\u015fkilidir. D\u00fcnya\u2019n\u0131n uzun tarihi i\u00e7inde ya\u015fam\u0131 m\u00fcmk\u00fcn k\u0131lan s\u00fcre\u00e7ler kanserin de<span class=\"excerpt-hellip\"> [\u2026]<\/span><\/p>\n","protected":false},"featured_media":0,"template":"","meta":{"_monsterinsights_skip_tracking":false,"_monsterinsights_sitenote_active":false,"_monsterinsights_sitenote_note":"","_monsterinsights_sitenote_category":0},"product_brand":[],"product_cat":[13005,38128],"product_tag":[],"class_list":{"0":"post-758564","1":"product","2":"type-product","3":"status-publish","5":"product_cat-bilim-muhendislik","6":"product_cat-tip-bilimleri","7":"pa_cilt-ciltsiz","8":"pa_tur-kitap","9":"pa_yayinevi-koc-universitesi-yayinlari","10":"pa_yazar-athena-aktipis","12":"first","13":"instock","14":"sale","15":"shipping-taxable","16":"purchasable","17":"product-type-simple"},"_links":{"self":[{"href":"https:\/\/roveyayinevi.com.tr\/index.php\/wp-json\/wp\/v2\/product\/758564","targetHints":{"allow":["GET"]}}],"collection":[{"href":"https:\/\/roveyayinevi.com.tr\/index.php\/wp-json\/wp\/v2\/product"}],"about":[{"href":"https:\/\/roveyayinevi.com.tr\/index.php\/wp-json\/wp\/v2\/types\/product"}],"wp:attachment":[{"href":"https:\/\/roveyayinevi.com.tr\/index.php\/wp-json\/wp\/v2\/media?parent=758564"}],"wp:term":[{"taxonomy":"product_brand","embeddable":true,"href":"https:\/\/roveyayinevi.com.tr\/index.php\/wp-json\/wp\/v2\/product_brand?post=758564"},{"taxonomy":"product_cat","embeddable":true,"href":"https:\/\/roveyayinevi.com.tr\/index.php\/wp-json\/wp\/v2\/product_cat?post=758564"},{"taxonomy":"product_tag","embeddable":true,"href":"https:\/\/roveyayinevi.com.tr\/index.php\/wp-json\/wp\/v2\/product_tag?post=758564"}],"curies":[{"name":"wp","href":"https:\/\/api.w.org\/{rel}","templated":true}]}}