{"id":758563,"date":"2025-08-28T08:08:29","date_gmt":"2025-08-28T05:08:29","guid":{"rendered":"https:\/\/roveyayinevi.com.tr\/index.php\/urun\/insanlarin-sekillendirdigi-bir-dunyada-hayvanlari-nasil-sevmeli\/"},"modified":"2026-04-16T03:11:41","modified_gmt":"2026-04-16T00:11:41","slug":"insanlarin-sekillendirdigi-bir-dunyada-hayvanlari-nasil-sevmeli","status":"publish","type":"product","link":"https:\/\/roveyayinevi.com.tr\/index.php\/urun\/insanlarin-sekillendirdigi-bir-dunyada-hayvanlari-nasil-sevmeli\/","title":{"rendered":"\u0130nsanlar\u0131n \u015eekillendirdi\u011fi Bir D\u00fcnyada Hayvanlar\u0131 Nas\u0131l Sevmeli?"},"content":{"rendered":"<p>Hayvanlar\u0131 seviyoruz, fakat eylemlerimiz bu sevgiye s\u0131\u011f\u0131yor mu?Sevgimizi s\u0131navdan ge\u00e7irsek, hayvan ya\u015fam\u0131n\u0131n de\u011fersizli\u011fi \u00fczerine kurulmu\u015f mezbahalar\u0131m\u0131z, bir g\u00fcnl\u00fckken yavrusundan kopar\u0131lm\u0131\u015f, meme iltihab\u0131 ve topall\u0131kla bo\u011fu\u015fan s\u00fct makinesi ineklerimiz, gaddarl\u0131\u011f\u0131n v\u00fccut bulmu\u015f hali olan bal\u0131k\u00e7\u0131l\u0131k y\u00f6ntemlerimiz, hayvanlar\u0131n yapayl\u0131\u011fa ve can s\u0131k\u0131nt\u0131s\u0131na mahk\u00fbm edildi\u011fi hayvanat bah\u00e7elerimiz ve hatta cins hayvan hevesimiz y\u00fcz\u00fcnden eklem sorunlar\u0131ndan ve t\u00fcrl\u00fc hastal\u0131klardan mustarip k\u00f6peklerimiz, bu s\u0131navdan ge\u00e7ebilir mi?Henry Mance Hayvanlar\u0131 Nas\u0131l Sevmeli\u2019de, sahne \u0131\u015f\u0131klar\u0131n\u0131 y\u00fcz \u00e7evirdi\u011fimiz, yok sayd\u0131\u011f\u0131m\u0131z, g\u00f6rmezden geldi\u011fimiz hoyratl\u0131\u011f\u0131m\u0131za \u00e7eviriyor. Kendi s\u0131nav\u0131n\u0131 vermek i\u00e7in bir mezbahada y\u00fcz y\u00fcze geldi\u011fi ba\u015f\u0131 kopuk koyunun g\u00f6\u011f\u00fcs kafesine ku\u015f bak\u0131\u015f\u0131 bak\u0131yor, dondurucu so\u011fukta bal\u0131k tutmaya, puslu ormanda geyik vurmaya \u00e7al\u0131\u015f\u0131yor. Avc\u0131l\u0131ktan veganl\u0131\u011fa uzanan yelpazede sevgisini tan\u0131mlamaya \u00e7al\u0131\u015f\u0131rken okuru kendi k\u00fclt\u00fcr\u00fcne, al\u0131\u015fkanl\u0131klar\u0131na ve duygular\u0131na do\u011fru zorlu bir yolculu\u011fa \u00e7\u0131kar\u0131yor. S\u0131r\u00e7a k\u00f6\u015fk\u00fcn\u00fczden \u00e7\u0131kmaya, d\u00fcnya \u00fczerinde b\u0131rakt\u0131\u011f\u0131m\u0131z ayak izini g\u00f6rmeye, hayvanlara adil muamelenin daha iyi yollar\u0131n\u0131 aramaya haz\u0131r m\u0131s\u0131n\u0131z? \u0130nsanlar ba\u015fka hayvanlarla ba\u011flant\u0131 kurmak i\u00e7in kendi yollar\u0131n\u0131 bulur, diyor Mance. Sizinki ne olacak?<\/p>\n","protected":false},"excerpt":{"rendered":"<p>Hayvanlar\u0131 seviyoruz, fakat eylemlerimiz bu sevgiye s\u0131\u011f\u0131yor mu?Sevgimizi s\u0131navdan ge\u00e7irsek, hayvan ya\u015fam\u0131n\u0131n de\u011fersizli\u011fi \u00fczerine kurulmu\u015f mezbahalar\u0131m\u0131z, bir g\u00fcnl\u00fckken yavrusundan kopar\u0131lm\u0131\u015f, meme iltihab\u0131 ve topall\u0131kla bo\u011fu\u015fan s\u00fct<span class=\"excerpt-hellip\"> [\u2026]<\/span><\/p>\n","protected":false},"featured_media":0,"template":"","meta":{"_monsterinsights_skip_tracking":false,"_monsterinsights_sitenote_active":false,"_monsterinsights_sitenote_note":"","_monsterinsights_sitenote_category":0},"product_brand":[],"product_cat":[13005,37328],"product_tag":[],"class_list":{"0":"post-758563","1":"product","2":"type-product","3":"status-publish","5":"product_cat-bilim-muhendislik","6":"product_cat-diger-bilim-muhendislik","7":"pa_cilt-ciltsiz","8":"pa_tur-kitap","9":"pa_yayinevi-koc-universitesi-yayinlari","10":"pa_yazar-henry-mance","12":"first","13":"instock","14":"sale","15":"shipping-taxable","16":"purchasable","17":"product-type-simple"},"_links":{"self":[{"href":"https:\/\/roveyayinevi.com.tr\/index.php\/wp-json\/wp\/v2\/product\/758563","targetHints":{"allow":["GET"]}}],"collection":[{"href":"https:\/\/roveyayinevi.com.tr\/index.php\/wp-json\/wp\/v2\/product"}],"about":[{"href":"https:\/\/roveyayinevi.com.tr\/index.php\/wp-json\/wp\/v2\/types\/product"}],"wp:attachment":[{"href":"https:\/\/roveyayinevi.com.tr\/index.php\/wp-json\/wp\/v2\/media?parent=758563"}],"wp:term":[{"taxonomy":"product_brand","embeddable":true,"href":"https:\/\/roveyayinevi.com.tr\/index.php\/wp-json\/wp\/v2\/product_brand?post=758563"},{"taxonomy":"product_cat","embeddable":true,"href":"https:\/\/roveyayinevi.com.tr\/index.php\/wp-json\/wp\/v2\/product_cat?post=758563"},{"taxonomy":"product_tag","embeddable":true,"href":"https:\/\/roveyayinevi.com.tr\/index.php\/wp-json\/wp\/v2\/product_tag?post=758563"}],"curies":[{"name":"wp","href":"https:\/\/api.w.org\/{rel}","templated":true}]}}