{"id":758558,"date":"2025-08-28T08:08:20","date_gmt":"2025-08-28T05:08:20","guid":{"rendered":"https:\/\/roveyayinevi.com.tr\/index.php\/urun\/peppa-pig-george-nezle-oldu\/"},"modified":"2026-04-16T03:11:41","modified_gmt":"2026-04-16T00:11:41","slug":"peppa-pig-george-nezle-oldu","status":"publish","type":"product","link":"https:\/\/roveyayinevi.com.tr\/index.php\/urun\/peppa-pig-george-nezle-oldu\/","title":{"rendered":"Peppa Pig  George Nezle Oldu"},"content":{"rendered":"<p>Peppa ve George ya\u011fmur ya\u011farken d\u0131\u015far\u0131da oynamay\u0131 seviyor ama George ya\u011fmur \u015fapkas\u0131n\u0131 takmaktan ho\u015flanm\u0131yor. \u00c7amur birikintilerinde hoplay\u0131p z\u0131plarken \u00e7ok e\u011flendi&#8230; ta ki sonunda nezle oluncaya dek! George\u2019 un iyile\u015fmesi ne kadar s\u00fcrecek? <\/p>\n","protected":false},"excerpt":{"rendered":"<p>Peppa ve George ya\u011fmur ya\u011farken d\u0131\u015far\u0131da oynamay\u0131 seviyor ama George ya\u011fmur \u015fapkas\u0131n\u0131 takmaktan ho\u015flanm\u0131yor. \u00c7amur birikintilerinde hoplay\u0131p z\u0131plarken \u00e7ok e\u011flendi&#8230; ta ki sonunda nezle oluncaya dek!<span class=\"excerpt-hellip\"> [\u2026]<\/span><\/p>\n","protected":false},"featured_media":0,"template":"","meta":{"_monsterinsights_skip_tracking":false,"_monsterinsights_sitenote_active":false,"_monsterinsights_sitenote_note":"","_monsterinsights_sitenote_category":0},"product_brand":[],"product_cat":[12274,12518],"product_tag":[],"class_list":{"0":"post-758558","1":"product","2":"type-product","3":"status-publish","5":"product_cat-cocuk-ve-genclik-kitaplari","6":"product_cat-okul-oncesi-kitaplar","7":"pa_cilt-ciltsiz","8":"pa_tur-kitap","9":"pa_yayinevi-dogan-cocuk","10":"pa_yazar-kolektif","12":"first","13":"instock","14":"sale","15":"shipping-taxable","16":"purchasable","17":"product-type-simple"},"_links":{"self":[{"href":"https:\/\/roveyayinevi.com.tr\/index.php\/wp-json\/wp\/v2\/product\/758558","targetHints":{"allow":["GET"]}}],"collection":[{"href":"https:\/\/roveyayinevi.com.tr\/index.php\/wp-json\/wp\/v2\/product"}],"about":[{"href":"https:\/\/roveyayinevi.com.tr\/index.php\/wp-json\/wp\/v2\/types\/product"}],"wp:attachment":[{"href":"https:\/\/roveyayinevi.com.tr\/index.php\/wp-json\/wp\/v2\/media?parent=758558"}],"wp:term":[{"taxonomy":"product_brand","embeddable":true,"href":"https:\/\/roveyayinevi.com.tr\/index.php\/wp-json\/wp\/v2\/product_brand?post=758558"},{"taxonomy":"product_cat","embeddable":true,"href":"https:\/\/roveyayinevi.com.tr\/index.php\/wp-json\/wp\/v2\/product_cat?post=758558"},{"taxonomy":"product_tag","embeddable":true,"href":"https:\/\/roveyayinevi.com.tr\/index.php\/wp-json\/wp\/v2\/product_tag?post=758558"}],"curies":[{"name":"wp","href":"https:\/\/api.w.org\/{rel}","templated":true}]}}