{"id":758556,"date":"2025-08-28T08:08:16","date_gmt":"2025-08-28T05:08:16","guid":{"rendered":"https:\/\/roveyayinevi.com.tr\/index.php\/urun\/bay-kocaburun-ve-sihirli-fasulye\/"},"modified":"2026-04-16T03:11:41","modified_gmt":"2026-04-16T00:11:41","slug":"bay-kocaburun-ve-sihirli-fasulye","status":"publish","type":"product","link":"https:\/\/roveyayinevi.com.tr\/index.php\/urun\/bay-kocaburun-ve-sihirli-fasulye\/","title":{"rendered":"Bay Kocaburun Ve Sihirli Fasulye"},"content":{"rendered":"<p>Bir varm\u0131\u015f bir yokmu\u015f\u2026 K\u00fc\u00e7\u00fck Bay ve Bayanlar masal kahraman\u0131 olmu\u015f!   Kurba\u011fa prensten iyilik perisine, sihirli fasulyeden bezelye tanesine, k\u00f6t\u00fc cad\u0131dan ejderhalara, denizk\u0131zlar\u0131na ve perilere&#8230; T\u00fcrl\u00fc masal kahraman\u0131n\u0131n yolu, K\u00fc\u00e7\u00fck Bay ve Bayanlar ile kesi\u015fiyor.   G\u0131d\u0131klayan Masallar herkesi k\u0131k\u0131r k\u0131k\u0131r g\u00fcld\u00fcr\u00fcyor! <\/p>\n","protected":false},"excerpt":{"rendered":"<p>Bir varm\u0131\u015f bir yokmu\u015f\u2026 K\u00fc\u00e7\u00fck Bay ve Bayanlar masal kahraman\u0131 olmu\u015f! Kurba\u011fa prensten iyilik perisine, sihirli fasulyeden bezelye tanesine, k\u00f6t\u00fc cad\u0131dan ejderhalara, denizk\u0131zlar\u0131na ve perilere&#8230; T\u00fcrl\u00fc<span class=\"excerpt-hellip\"> [\u2026]<\/span><\/p>\n","protected":false},"featured_media":0,"template":"","meta":{"_monsterinsights_skip_tracking":false,"_monsterinsights_sitenote_active":false,"_monsterinsights_sitenote_note":"","_monsterinsights_sitenote_category":0},"product_brand":[],"product_cat":[12274,12518],"product_tag":[],"class_list":{"0":"post-758556","1":"product","2":"type-product","3":"status-publish","5":"product_cat-cocuk-ve-genclik-kitaplari","6":"product_cat-okul-oncesi-kitaplar","7":"pa_cilt-ciltsiz","8":"pa_tur-kitap","9":"pa_yayinevi-dogan-cocuk","10":"pa_yazar-roger-hargreaves","12":"first","13":"instock","14":"sale","15":"shipping-taxable","16":"purchasable","17":"product-type-simple"},"_links":{"self":[{"href":"https:\/\/roveyayinevi.com.tr\/index.php\/wp-json\/wp\/v2\/product\/758556","targetHints":{"allow":["GET"]}}],"collection":[{"href":"https:\/\/roveyayinevi.com.tr\/index.php\/wp-json\/wp\/v2\/product"}],"about":[{"href":"https:\/\/roveyayinevi.com.tr\/index.php\/wp-json\/wp\/v2\/types\/product"}],"wp:attachment":[{"href":"https:\/\/roveyayinevi.com.tr\/index.php\/wp-json\/wp\/v2\/media?parent=758556"}],"wp:term":[{"taxonomy":"product_brand","embeddable":true,"href":"https:\/\/roveyayinevi.com.tr\/index.php\/wp-json\/wp\/v2\/product_brand?post=758556"},{"taxonomy":"product_cat","embeddable":true,"href":"https:\/\/roveyayinevi.com.tr\/index.php\/wp-json\/wp\/v2\/product_cat?post=758556"},{"taxonomy":"product_tag","embeddable":true,"href":"https:\/\/roveyayinevi.com.tr\/index.php\/wp-json\/wp\/v2\/product_tag?post=758556"}],"curies":[{"name":"wp","href":"https:\/\/api.w.org\/{rel}","templated":true}]}}