{"id":758554,"date":"2025-08-28T08:08:13","date_gmt":"2025-08-28T05:08:13","guid":{"rendered":"https:\/\/roveyayinevi.com.tr\/index.php\/urun\/halk-adina-paralara-el-koyuyoruz\/"},"modified":"2026-04-16T03:11:41","modified_gmt":"2026-04-16T00:11:41","slug":"halk-adina-paralara-el-koyuyoruz","status":"publish","type":"product","link":"https:\/\/roveyayinevi.com.tr\/index.php\/urun\/halk-adina-paralara-el-koyuyoruz\/","title":{"rendered":"Halk Ad\u0131na Paralara El Koyuyoruz"},"content":{"rendered":"<p>1970\u2019ler Ankara\u2026 Bir grup \u00f6\u011frenci Bas\u0131n Yay\u0131n Y\u00fcksek Okulu\u2019nun st\u00fcdyolar\u0131n\u0131n oldu\u011fu kat\u0131 kararg\u00e2ha \u00e7evirmi\u015f orada ya\u015f\u0131yor, birbirlerinden hi\u00e7 ayr\u0131lm\u0131yor, adeta birlikte nefes al\u0131yorlard\u0131. Bas\u0131n Yay\u0131n Kom\u00fcn\u00fc diyorlard\u0131 onlara. Devrime inan\u0131yorlard\u0131, gelecek g\u00fczel g\u00fcnlere. Ve devrimi \u00f6rg\u00fctlemek i\u00e7in paraya ihtiya\u00e7lar\u0131 vard\u0131, Deniz Gezmi\u015flerin, Mahir \u00c7ayanlar\u0131n oldu\u011fu gibi. Kom\u00fcnc\u00fcler d\u00fc\u015f\u00fcn\u00fcp ta\u015f\u0131n\u0131p banka soymaya karar verdiler. Ve talih y\u00fczlerine g\u00fcld\u00fc. Bir arkada\u015flar\u0131 Ziraat Bankas\u0131\u2019nda \u00e7al\u0131\u015f\u0131yordu ve \u0130zmir\u2019den Denizli\u2019ye paralar\u0131 ta\u015f\u0131yacak ara\u00e7ta olacakt\u0131. 20\u2019li ya\u015flar\u0131ndaki bir grup gen\u00e7, b\u00fct\u00fcn memleketin solu\u011funu tutup izleyece\u011fi bir soygun planlad\u0131lar. Ziraat Bankas\u0131 arac\u0131nda banka g\u00f6revlilerine silah do\u011frultup, \u201cT\u00fcrkiye halk\u0131n\u0131n kurtulu\u015fu ad\u0131na arabadaki paralara el koyuyoruz\u201d dediler. Art\u0131k 4 milyonlar\u0131 vard\u0131 ama onlar be\u015f paras\u0131zlard\u0131. Soygun paras\u0131n\u0131n tek kuru\u015funa bile dokunmad\u0131lar. Ka\u00e7\u0131\u015flar\u0131, yakalan\u0131\u015flar\u0131 ve sonras\u0131nda cezaevinden firar edi\u015fleri masum ve \u00f6l\u00fcm\u00fcne cesur bir macera olarak tarihe yaz\u0131ld\u0131.   Gazeteci Sinan Onu\u015f, ger\u00e7ek bir soygun hik\u00e2yesini birinci elden tan\u0131kl\u0131klarla, titiz bir ara\u015ft\u0131rmayla sunuyor. Halk Ad\u0131na Paralara El Koyuyoruz, \u201cen uzun ko\u015fu\u201dnun en g\u00fczel, en heyecanl\u0131 etaplar\u0131ndan birini anlat\u0131yor. Elinizden b\u0131rakamayacaks\u0131n\u0131z. <\/p>\n","protected":false},"excerpt":{"rendered":"<p>1970\u2019ler Ankara\u2026 Bir grup \u00f6\u011frenci Bas\u0131n Yay\u0131n Y\u00fcksek Okulu\u2019nun st\u00fcdyolar\u0131n\u0131n oldu\u011fu kat\u0131 kararg\u00e2ha \u00e7evirmi\u015f orada ya\u015f\u0131yor, birbirlerinden hi\u00e7 ayr\u0131lm\u0131yor, adeta birlikte nefes al\u0131yorlard\u0131. Bas\u0131n Yay\u0131n Kom\u00fcn\u00fc<span class=\"excerpt-hellip\"> [\u2026]<\/span><\/p>\n","protected":false},"featured_media":0,"template":"","meta":{"_monsterinsights_skip_tracking":false,"_monsterinsights_sitenote_active":false,"_monsterinsights_sitenote_note":"","_monsterinsights_sitenote_category":0},"product_brand":[],"product_cat":[13590,12337],"product_tag":[],"class_list":{"0":"post-758554","1":"product","2":"type-product","3":"status-publish","5":"product_cat-arastirma-inceleme-politika-siyaset","6":"product_cat-politika-siyaset","7":"pa_cilt-ciltsiz","8":"pa_tur-kitap","9":"pa_yayinevi-dogan-kitap","10":"pa_yazar-sinan-onus","12":"first","13":"instock","14":"sale","15":"shipping-taxable","16":"purchasable","17":"product-type-simple"},"_links":{"self":[{"href":"https:\/\/roveyayinevi.com.tr\/index.php\/wp-json\/wp\/v2\/product\/758554","targetHints":{"allow":["GET"]}}],"collection":[{"href":"https:\/\/roveyayinevi.com.tr\/index.php\/wp-json\/wp\/v2\/product"}],"about":[{"href":"https:\/\/roveyayinevi.com.tr\/index.php\/wp-json\/wp\/v2\/types\/product"}],"wp:attachment":[{"href":"https:\/\/roveyayinevi.com.tr\/index.php\/wp-json\/wp\/v2\/media?parent=758554"}],"wp:term":[{"taxonomy":"product_brand","embeddable":true,"href":"https:\/\/roveyayinevi.com.tr\/index.php\/wp-json\/wp\/v2\/product_brand?post=758554"},{"taxonomy":"product_cat","embeddable":true,"href":"https:\/\/roveyayinevi.com.tr\/index.php\/wp-json\/wp\/v2\/product_cat?post=758554"},{"taxonomy":"product_tag","embeddable":true,"href":"https:\/\/roveyayinevi.com.tr\/index.php\/wp-json\/wp\/v2\/product_tag?post=758554"}],"curies":[{"name":"wp","href":"https:\/\/api.w.org\/{rel}","templated":true}]}}