{"id":758553,"date":"2025-08-28T08:08:11","date_gmt":"2025-08-28T05:08:11","guid":{"rendered":"https:\/\/roveyayinevi.com.tr\/index.php\/urun\/percy-jackson-ve-olimposlular-labirent-savasi-cizgi-roman\/"},"modified":"2026-04-16T03:11:41","modified_gmt":"2026-04-16T00:11:41","slug":"percy-jackson-ve-olimposlular-labirent-savasi-cizgi-roman","status":"publish","type":"product","link":"https:\/\/roveyayinevi.com.tr\/index.php\/urun\/percy-jackson-ve-olimposlular-labirent-savasi-cizgi-roman\/","title":{"rendered":"Percy Jackson Ve Olimposlular Labirent Sava\u015f\u0131 &#8211; \u00c7izgi Roman"},"content":{"rendered":"<p>Percy, dokuzuncu s\u0131n\u0131flar al\u0131\u015ft\u0131rma g\u00fcn\u00fc gitti\u011finde, korkun\u00e7 bir s\u00fcrprizle kar\u015f\u0131la\u015f\u0131yor: Iblis ponpon k\u0131zlar ve gizemli, tan\u0131d\u0131k bir y\u00fcz. Percy\u2019nin tuhaf maceras\u0131 devam ediyor! Olimposlular ve zalim Titan tanr\u0131s\u0131 Kronos aras\u0131nda ya\u015fanacak sava\u015f yakla\u015f\u0131rken zaman daral\u0131yor. Kronos\u2019un ordusu bir zamanlar a\u015f\u0131lmaz olan s\u0131n\u0131rlar\u0131n\u0131 istila etmeye haz\u0131rlan\u0131rken, Melez Kamp\u0131\u2019n\u0131n g\u00fcvenli kollar\u0131 zay\u0131f d\u00fc\u015f\u00fcyor. Sava\u015f hatlar\u0131 belirlenirken, kimin hangi tarafta yer alaca\u011f\u0131n\u0131 se\u00e7mesi gerekiyor. Istilay\u0131 \u00f6nleyebilmek i\u00e7in Percy, Annabeth, K\u0131v\u0131rc\u0131k ve Tyson, Labirent\u2019te bir g\u00f6reve \u00e7\u0131kmal\u0131 ve her k\u00f6\u015fe ba\u015f\u0131nda onlar\u0131 bekleyen \u015fa\u015f\u0131rt\u0131c\u0131 s\u00fcrprizlerle dolu u\u00e7suz bucaks\u0131z bir yeralt\u0131 d\u00fcnyas\u0131na inmeliler. Hepsinin hayat\u0131n\u0131 sonsuza dek de\u011fi\u015ftirecek bir g\u00f6rev onlar\u0131 bekliyor.  <\/p>\n","protected":false},"excerpt":{"rendered":"<p>Percy, dokuzuncu s\u0131n\u0131flar al\u0131\u015ft\u0131rma g\u00fcn\u00fc gitti\u011finde, korkun\u00e7 bir s\u00fcrprizle kar\u015f\u0131la\u015f\u0131yor: Iblis ponpon k\u0131zlar ve gizemli, tan\u0131d\u0131k bir y\u00fcz. Percy\u2019nin tuhaf maceras\u0131 devam ediyor! Olimposlular ve zalim<span class=\"excerpt-hellip\"> [\u2026]<\/span><\/p>\n","protected":false},"featured_media":0,"template":"","meta":{"_monsterinsights_skip_tracking":false,"_monsterinsights_sitenote_active":false,"_monsterinsights_sitenote_note":"","_monsterinsights_sitenote_category":0},"product_brand":[],"product_cat":[12689,12274],"product_tag":[],"class_list":{"0":"post-758553","1":"product","2":"type-product","3":"status-publish","5":"product_cat-cizgi-roman-cocuk-ve-genclik-kitaplari","6":"product_cat-cocuk-ve-genclik-kitaplari","7":"pa_cilt-ciltsiz","8":"pa_tur-kitap","9":"pa_yayinevi-x-libris","10":"pa_yazar-rick-riordan","12":"first","13":"instock","14":"sale","15":"shipping-taxable","16":"purchasable","17":"product-type-simple"},"_links":{"self":[{"href":"https:\/\/roveyayinevi.com.tr\/index.php\/wp-json\/wp\/v2\/product\/758553","targetHints":{"allow":["GET"]}}],"collection":[{"href":"https:\/\/roveyayinevi.com.tr\/index.php\/wp-json\/wp\/v2\/product"}],"about":[{"href":"https:\/\/roveyayinevi.com.tr\/index.php\/wp-json\/wp\/v2\/types\/product"}],"wp:attachment":[{"href":"https:\/\/roveyayinevi.com.tr\/index.php\/wp-json\/wp\/v2\/media?parent=758553"}],"wp:term":[{"taxonomy":"product_brand","embeddable":true,"href":"https:\/\/roveyayinevi.com.tr\/index.php\/wp-json\/wp\/v2\/product_brand?post=758553"},{"taxonomy":"product_cat","embeddable":true,"href":"https:\/\/roveyayinevi.com.tr\/index.php\/wp-json\/wp\/v2\/product_cat?post=758553"},{"taxonomy":"product_tag","embeddable":true,"href":"https:\/\/roveyayinevi.com.tr\/index.php\/wp-json\/wp\/v2\/product_tag?post=758553"}],"curies":[{"name":"wp","href":"https:\/\/api.w.org\/{rel}","templated":true}]}}