{"id":758552,"date":"2025-08-28T08:08:09","date_gmt":"2025-08-28T05:08:09","guid":{"rendered":"https:\/\/roveyayinevi.com.tr\/index.php\/urun\/disney-prenses-sihirli-unicorn-ormani\/"},"modified":"2026-04-16T03:11:41","modified_gmt":"2026-04-16T00:11:41","slug":"disney-prenses-sihirli-unicorn-ormani","status":"publish","type":"product","link":"https:\/\/roveyayinevi.com.tr\/index.php\/urun\/disney-prenses-sihirli-unicorn-ormani\/","title":{"rendered":"Disney Prenses Sihirli Unicorn Orman\u0131"},"content":{"rendered":"<p>Aurora, asl\u0131nda bir prenses oldu\u011funu ve k\u00f6t\u00fc peri Malefiz\u2019in hain b\u00fcy\u00fcs\u00fcnden korundu\u011funu bilmeden, ormanda \u00fc\u00e7 peri teyzesiyle ya\u015f\u0131yordu. Bah\u00e7eye \u00e7i\u00e7ekler ekti\u011fi s\u0131radan bir g\u00fcn, ans\u0131z\u0131n ola\u011fan\u00fcst\u00fc bir g\u00fcne d\u00f6n\u00fc\u015ft\u00fc! Aurora\u2019n\u0131n reng\u00e2renk \u00e7i\u00e7ekleri, sihirli bir unicorn ailesini bah\u00e7esine \u00e7ekmi\u015fti. Ancak s\u0131ra d\u0131\u015f\u0131 her \u015feyin d\u00fc\u015fman\u0131 olan Malefiz yine hain planlar pe\u015findeydi&#8230; <\/p>\n","protected":false},"excerpt":{"rendered":"<p>Aurora, asl\u0131nda bir prenses oldu\u011funu ve k\u00f6t\u00fc peri Malefiz\u2019in hain b\u00fcy\u00fcs\u00fcnden korundu\u011funu bilmeden, ormanda \u00fc\u00e7 peri teyzesiyle ya\u015f\u0131yordu. Bah\u00e7eye \u00e7i\u00e7ekler ekti\u011fi s\u0131radan bir g\u00fcn, ans\u0131z\u0131n ola\u011fan\u00fcst\u00fc<span class=\"excerpt-hellip\"> [\u2026]<\/span><\/p>\n","protected":false},"featured_media":0,"template":"","meta":{"_monsterinsights_skip_tracking":false,"_monsterinsights_sitenote_active":false,"_monsterinsights_sitenote_note":"","_monsterinsights_sitenote_category":0},"product_brand":[],"product_cat":[12913,12274],"product_tag":[],"class_list":{"0":"post-758552","1":"product","2":"type-product","3":"status-publish","5":"product_cat-3-6-yas-kitaplari","6":"product_cat-cocuk-ve-genclik-kitaplari","7":"pa_cilt-ciltsiz","8":"pa_tur-kitap","9":"pa_yayinevi-dogan-cocuk","10":"pa_yazar-kolektif","12":"first","13":"instock","14":"sale","15":"shipping-taxable","16":"purchasable","17":"product-type-simple"},"_links":{"self":[{"href":"https:\/\/roveyayinevi.com.tr\/index.php\/wp-json\/wp\/v2\/product\/758552","targetHints":{"allow":["GET"]}}],"collection":[{"href":"https:\/\/roveyayinevi.com.tr\/index.php\/wp-json\/wp\/v2\/product"}],"about":[{"href":"https:\/\/roveyayinevi.com.tr\/index.php\/wp-json\/wp\/v2\/types\/product"}],"wp:attachment":[{"href":"https:\/\/roveyayinevi.com.tr\/index.php\/wp-json\/wp\/v2\/media?parent=758552"}],"wp:term":[{"taxonomy":"product_brand","embeddable":true,"href":"https:\/\/roveyayinevi.com.tr\/index.php\/wp-json\/wp\/v2\/product_brand?post=758552"},{"taxonomy":"product_cat","embeddable":true,"href":"https:\/\/roveyayinevi.com.tr\/index.php\/wp-json\/wp\/v2\/product_cat?post=758552"},{"taxonomy":"product_tag","embeddable":true,"href":"https:\/\/roveyayinevi.com.tr\/index.php\/wp-json\/wp\/v2\/product_tag?post=758552"}],"curies":[{"name":"wp","href":"https:\/\/api.w.org\/{rel}","templated":true}]}}