{"id":758547,"date":"2025-08-28T08:07:59","date_gmt":"2025-08-28T05:07:59","guid":{"rendered":"https:\/\/roveyayinevi.com.tr\/index.php\/urun\/savasci-25-yil-ozel-basim\/"},"modified":"2026-04-16T03:11:41","modified_gmt":"2026-04-16T00:11:41","slug":"savasci-25-yil-ozel-basim","status":"publish","type":"product","link":"https:\/\/roveyayinevi.com.tr\/index.php\/urun\/savasci-25-yil-ozel-basim\/","title":{"rendered":"Sava\u015f\u00e7\u0131 \/ 25. Y\u0131l \u00d6zel Bas\u0131m"},"content":{"rendered":"<p>Anlaml\u0131 ve co\u015fkulu bir ya\u015fam i\u00e7in 25. y\u0131lda \u00f6zel bas\u0131m&#8230; 2021 y\u0131l\u0131nda aram\u0131zdan ayr\u0131lan Do\u011fan C\u00fccelo\u011flu, yirmiden fazla kitap yazd\u0131, \u00fclke \u00e7ap\u0131nda seminerler verdi. Televizyonlarda uyumlu aile ya\u015fam\u0131, bireysel fark\u0131ndal\u0131k ve b\u00fct\u00fcnl\u00fck i\u00e7inde ya\u015fama gibi konularda konu\u015fmalar yapt\u0131. Hayat\u0131n\u0131 her insan\u0131n i\u00e7indeki potansiyele hizmet etmeye adam\u0131\u015f olan C\u00fccelo\u011flu\u2019nun en b\u00fcy\u00fck arzusu, \u00e7ocuklar\u0131n mutlu, sa\u011fl\u0131kl\u0131 ve bilge yeti\u015fkinler olarak geli\u015fmelerine yard\u0131mc\u0131 olmakt\u0131. Onun en pop\u00fcler eserlerinden biri olan Sava\u015f\u00e7\u0131\u2019n\u0131n bu yirmi be\u015finci y\u0131l \u00f6zel bas\u0131m\u0131n\u0131 sunuyoruz.<\/p>\n","protected":false},"excerpt":{"rendered":"<p>Anlaml\u0131 ve co\u015fkulu bir ya\u015fam i\u00e7in 25. y\u0131lda \u00f6zel bas\u0131m&#8230; 2021 y\u0131l\u0131nda aram\u0131zdan ayr\u0131lan Do\u011fan C\u00fccelo\u011flu, yirmiden fazla kitap yazd\u0131, \u00fclke \u00e7ap\u0131nda seminerler verdi. Televizyonlarda uyumlu<span class=\"excerpt-hellip\"> [\u2026]<\/span><\/p>\n","protected":false},"featured_media":0,"template":"","meta":{"_monsterinsights_skip_tracking":false,"_monsterinsights_sitenote_active":false,"_monsterinsights_sitenote_note":"","_monsterinsights_sitenote_category":0},"product_brand":[],"product_cat":[12364,12376],"product_tag":[],"class_list":{"0":"post-758547","1":"product","2":"type-product","3":"status-publish","5":"product_cat-genel-konular","6":"product_cat-kisisel-gelisim","7":"pa_cilt-ciltsiz","8":"pa_tur-kitap","9":"pa_yayinevi-remzi-kitabevi","10":"pa_yazar-dogan-cuceloglu","12":"first","13":"instock","14":"sale","15":"shipping-taxable","16":"purchasable","17":"product-type-simple"},"_links":{"self":[{"href":"https:\/\/roveyayinevi.com.tr\/index.php\/wp-json\/wp\/v2\/product\/758547","targetHints":{"allow":["GET"]}}],"collection":[{"href":"https:\/\/roveyayinevi.com.tr\/index.php\/wp-json\/wp\/v2\/product"}],"about":[{"href":"https:\/\/roveyayinevi.com.tr\/index.php\/wp-json\/wp\/v2\/types\/product"}],"wp:attachment":[{"href":"https:\/\/roveyayinevi.com.tr\/index.php\/wp-json\/wp\/v2\/media?parent=758547"}],"wp:term":[{"taxonomy":"product_brand","embeddable":true,"href":"https:\/\/roveyayinevi.com.tr\/index.php\/wp-json\/wp\/v2\/product_brand?post=758547"},{"taxonomy":"product_cat","embeddable":true,"href":"https:\/\/roveyayinevi.com.tr\/index.php\/wp-json\/wp\/v2\/product_cat?post=758547"},{"taxonomy":"product_tag","embeddable":true,"href":"https:\/\/roveyayinevi.com.tr\/index.php\/wp-json\/wp\/v2\/product_tag?post=758547"}],"curies":[{"name":"wp","href":"https:\/\/api.w.org\/{rel}","templated":true}]}}