{"id":758542,"date":"2025-08-28T08:07:50","date_gmt":"2025-08-28T05:07:50","guid":{"rendered":"https:\/\/roveyayinevi.com.tr\/index.php\/urun\/korkudan-da-buyuk-bir-sey\/"},"modified":"2025-08-31T20:12:01","modified_gmt":"2025-08-31T17:12:01","slug":"korkudan-da-buyuk-bir-sey","status":"publish","type":"product","link":"https:\/\/roveyayinevi.com.tr\/index.php\/urun\/korkudan-da-buyuk-bir-sey\/","title":{"rendered":"Korkudan da B\u00fcy\u00fck Bir \u015eey"},"content":{"rendered":"<p>\u201cYerde bir elin b\u00fcy\u00fckl\u00fc\u011f\u00fc kadar kan, bir tutam sa\u00e7 kald\u0131. Yerde, bir insandan geriye kalan korkun\u00e7 bir an\u0131.\u201dSadece kad\u0131nlar\u0131 etkileyen \u00e7aresiz bir intihar salg\u0131n\u0131n\u0131n g\u00f6lgesinde ad\u0131m ad\u0131m sona yakla\u015fan bir d\u00fcnya, bu korkun\u00e7 karma\u015fan\u0131n i\u00e7inde eski sevgilisinin pe\u015fine d\u00fc\u015fen yaln\u0131z, yoksul, paniklemi\u015f bir adam: H\u00fck\u00fcmet aleyhine tweet att\u0131\u011f\u0131 i\u00e7in g\u00f6zalt\u0131na al\u0131nan ve \u015fartl\u0131 tahliye edilen anlat\u0131c\u0131, bir yandan birka\u00e7 kad\u0131n\u0131n intihar\u0131yla ba\u015flayan ve k\u0131sa zamanda kitlesel bir hal alan kaosla ba\u015f etmeye \u00e7abalarken, bir yandan da eski sevgilisinin son arzusunu yerine getirmeye \u00e7al\u0131\u015facakt\u0131r&#8230; Baran G\u00fczel, Her K\u00f6t\u00fc Geceden Sonra adl\u0131 \u00f6yk\u00fc kitab\u0131n\u0131n ard\u0131ndan bu kez bir ilk romanla okurun kar\u015f\u0131s\u0131nda: Kad\u0131nlar\u0131n sa\u00e7lar\u0131n\u0131n kald\u0131r\u0131mlardan kaz\u0131nd\u0131\u011f\u0131 tekinsiz, umutsuz bir evrene a\u00e7\u0131lan Korkudan da B\u00fcy\u00fck Bir \u015eey, erkek egemen d\u00fczenin bir alegorisini ortaya koyuyor.   D\u00fcnya b\u00fcy\u00fck bir \u015fantiyeydi. Belediyeler, ta\u015feronlar i\u015f\u00e7i bulmakta zorlan\u0131yordu. Bir\u00e7ok adam kar\u015f\u0131 \u00e7\u0131k\u0131yordu \u00e7al\u0131\u015fmalara. Ne gerek var, diyorlard\u0131. Yok olup gidecektik nas\u0131lsa. Kaosa teslim olmal\u0131, girdab\u0131n bizi al\u0131p g\u00f6t\u00fcrmesine izin vermeliydik. Elimizde yaln\u0131zca kendi hayatlar\u0131m\u0131z vard\u0131. Gezegeni teslim etmemiz gereken yeni bir ku\u015fak do\u011fmayacakt\u0131. D\u00fczene, paraya, ilerlemeye, g\u00fczelli\u011fe ihtiyac\u0131 yoktu d\u00fcnyan\u0131n. \u0130yili\u011fi kaybetmi\u015ftik, hepsi buydu.<\/p>\n","protected":false},"excerpt":{"rendered":"<p>\u201cYerde bir elin b\u00fcy\u00fckl\u00fc\u011f\u00fc kadar kan, bir tutam sa\u00e7 kald\u0131. Yerde, bir insandan geriye kalan korkun\u00e7 bir an\u0131.\u201dSadece kad\u0131nlar\u0131 etkileyen \u00e7aresiz bir intihar salg\u0131n\u0131n\u0131n g\u00f6lgesinde ad\u0131m<span class=\"excerpt-hellip\"> [\u2026]<\/span><\/p>\n","protected":false},"featured_media":0,"template":"","meta":{"_monsterinsights_skip_tracking":false,"_monsterinsights_sitenote_active":false,"_monsterinsights_sitenote_note":"","_monsterinsights_sitenote_category":0},"product_brand":[],"product_cat":[12291,12711],"product_tag":[],"class_list":{"0":"post-758542","1":"product","2":"type-product","3":"status-publish","5":"product_cat-edebiyat","6":"product_cat-roman-oyku","7":"pa_cilt-ciltsiz","8":"pa_tur-kitap","9":"pa_yayinevi-everest-yayinlari","10":"pa_yazar-baran-guzel","12":"first","13":"instock","14":"sale","15":"shipping-taxable","16":"purchasable","17":"product-type-simple"},"_links":{"self":[{"href":"https:\/\/roveyayinevi.com.tr\/index.php\/wp-json\/wp\/v2\/product\/758542","targetHints":{"allow":["GET"]}}],"collection":[{"href":"https:\/\/roveyayinevi.com.tr\/index.php\/wp-json\/wp\/v2\/product"}],"about":[{"href":"https:\/\/roveyayinevi.com.tr\/index.php\/wp-json\/wp\/v2\/types\/product"}],"wp:attachment":[{"href":"https:\/\/roveyayinevi.com.tr\/index.php\/wp-json\/wp\/v2\/media?parent=758542"}],"wp:term":[{"taxonomy":"product_brand","embeddable":true,"href":"https:\/\/roveyayinevi.com.tr\/index.php\/wp-json\/wp\/v2\/product_brand?post=758542"},{"taxonomy":"product_cat","embeddable":true,"href":"https:\/\/roveyayinevi.com.tr\/index.php\/wp-json\/wp\/v2\/product_cat?post=758542"},{"taxonomy":"product_tag","embeddable":true,"href":"https:\/\/roveyayinevi.com.tr\/index.php\/wp-json\/wp\/v2\/product_tag?post=758542"}],"curies":[{"name":"wp","href":"https:\/\/api.w.org\/{rel}","templated":true}]}}