{"id":758537,"date":"2025-08-28T08:07:39","date_gmt":"2025-08-28T05:07:39","guid":{"rendered":"https:\/\/roveyayinevi.com.tr\/index.php\/urun\/cikolataya-donus\/"},"modified":"2026-04-16T03:11:41","modified_gmt":"2026-04-16T00:11:41","slug":"cikolataya-donus","status":"publish","type":"product","link":"https:\/\/roveyayinevi.com.tr\/index.php\/urun\/cikolataya-donus\/","title":{"rendered":"\u00c7ikolataya D\u00f6n\u00fc\u015f"},"content":{"rendered":"<p>8 Temmuz 2063 Alin\u2019in anneannesinin 90. ya\u015f g\u00fcn\u00fc. Ger\u00e7ek bir \u00e7ikolatal\u0131 pasta, ne g\u00fczel olurdu! Ama art\u0131k kakao diye bir \u015fey kalmam\u0131\u015ft\u0131. \u0130nsanlar\u0131n, do\u011fay\u0131 bilin\u00e7sizce t\u00fcketmesi y\u00fcz\u00fcnden art\u0131k kakao a\u011fa\u00e7lar\u0131 yoktu. Alin, \u00e7ikolata ile b\u00fcy\u00fcyen \u00e7ocuklar\u0131n ne kadar \u015fansl\u0131 olduklar\u0131n\u0131 d\u00fc\u015f\u00fcnd\u00fc. Acaba y\u0131llar \u00f6ncesine d\u00f6n\u00fcp bir \u00c7\u0130KOLATA BANKASI kurmak m\u00fcmk\u00fcn m\u00fcyd\u00fc! Teknoloji, bu kadar ilerlemi\u015fken zaman yolculu\u011fu yap\u0131lamaz m\u0131yd\u0131! Bunu, teknolojiden daha g\u00fc\u00e7l\u00fc bir \u015fey ba\u015farabilirdi.   Bir do\u011fum g\u00fcn\u00fc dile\u011fi, \u00e7ikolatan\u0131n kaderini de\u011fi\u015ftirebilir miydi!<\/p>\n","protected":false},"excerpt":{"rendered":"<p>8 Temmuz 2063 Alin\u2019in anneannesinin 90. ya\u015f g\u00fcn\u00fc. Ger\u00e7ek bir \u00e7ikolatal\u0131 pasta, ne g\u00fczel olurdu! Ama art\u0131k kakao diye bir \u015fey kalmam\u0131\u015ft\u0131. \u0130nsanlar\u0131n, do\u011fay\u0131 bilin\u00e7sizce t\u00fcketmesi<span class=\"excerpt-hellip\"> [\u2026]<\/span><\/p>\n","protected":false},"featured_media":0,"template":"","meta":{"_monsterinsights_skip_tracking":false,"_monsterinsights_sitenote_active":false,"_monsterinsights_sitenote_note":"","_monsterinsights_sitenote_category":0},"product_brand":[],"product_cat":[12274],"product_tag":[],"class_list":{"0":"post-758537","1":"product","2":"type-product","3":"status-publish","5":"product_cat-cocuk-ve-genclik-kitaplari","6":"pa_cilt-ciltsiz","7":"pa_tur-kitap","8":"pa_yayinevi-luna-cocuk-yayinlari","9":"pa_yazar-merve-nezirler","11":"first","12":"instock","13":"sale","14":"shipping-taxable","15":"purchasable","16":"product-type-simple"},"_links":{"self":[{"href":"https:\/\/roveyayinevi.com.tr\/index.php\/wp-json\/wp\/v2\/product\/758537","targetHints":{"allow":["GET"]}}],"collection":[{"href":"https:\/\/roveyayinevi.com.tr\/index.php\/wp-json\/wp\/v2\/product"}],"about":[{"href":"https:\/\/roveyayinevi.com.tr\/index.php\/wp-json\/wp\/v2\/types\/product"}],"wp:attachment":[{"href":"https:\/\/roveyayinevi.com.tr\/index.php\/wp-json\/wp\/v2\/media?parent=758537"}],"wp:term":[{"taxonomy":"product_brand","embeddable":true,"href":"https:\/\/roveyayinevi.com.tr\/index.php\/wp-json\/wp\/v2\/product_brand?post=758537"},{"taxonomy":"product_cat","embeddable":true,"href":"https:\/\/roveyayinevi.com.tr\/index.php\/wp-json\/wp\/v2\/product_cat?post=758537"},{"taxonomy":"product_tag","embeddable":true,"href":"https:\/\/roveyayinevi.com.tr\/index.php\/wp-json\/wp\/v2\/product_tag?post=758537"}],"curies":[{"name":"wp","href":"https:\/\/api.w.org\/{rel}","templated":true}]}}