{"id":758536,"date":"2025-08-28T08:07:37","date_gmt":"2025-08-28T05:07:37","guid":{"rendered":"https:\/\/roveyayinevi.com.tr\/index.php\/urun\/arkadasim-sari\/"},"modified":"2026-04-16T03:11:26","modified_gmt":"2026-04-16T00:11:26","slug":"arkadasim-sari","status":"publish","type":"product","link":"https:\/\/roveyayinevi.com.tr\/index.php\/urun\/arkadasim-sari\/","title":{"rendered":"Arkada\u015f\u0131m Sar\u0131"},"content":{"rendered":"<p>Badem, g\u00f6l\u00fcn k\u0131y\u0131s\u0131nda, sevdi\u011fi \u201cHavu\u00e7lu G\u00fczel Kekim\u201d \u015fark\u0131s\u0131n\u0131 m\u0131r\u0131ldan\u0131rken arkadan ince bir ses duydu:   \u201cG\u00dcNAYDIN!..\u201d   G\u00f6rd\u00fc\u011f\u00fc \u015fey de neydi! O bir tav\u015fan de\u011fildi. K\u0131sa kuyruklu, noktams\u0131 bir \u015feydi. Yeni tan\u0131\u015ft\u0131\u011f\u0131 bu FARKLI \u015fey, onunla arkada\u015f olmak istiyordu.   Peki Badem de arkada\u015f olmak istiyor muydu?     Psikolojik Dan\u0131\u015fman Tu\u011fba Ba\u015f Akg\u00fcl\u2019\u00fcn kaleminden, farkl\u0131l\u0131klar kar\u015f\u0131s\u0131nda ne yapaca\u011f\u0131n\u0131 bilemeyen bir tav\u015fan\u0131n g\u00f6z\u00fcnden, empatik ve \u0131\u015f\u0131k olacak bir hik\u00e2ye\u2026<\/p>\n","protected":false},"excerpt":{"rendered":"<p>Badem, g\u00f6l\u00fcn k\u0131y\u0131s\u0131nda, sevdi\u011fi \u201cHavu\u00e7lu G\u00fczel Kekim\u201d \u015fark\u0131s\u0131n\u0131 m\u0131r\u0131ldan\u0131rken arkadan ince bir ses duydu: \u201cG\u00dcNAYDIN!..\u201d G\u00f6rd\u00fc\u011f\u00fc \u015fey de neydi! O bir tav\u015fan de\u011fildi. K\u0131sa kuyruklu, noktams\u0131<span class=\"excerpt-hellip\"> [\u2026]<\/span><\/p>\n","protected":false},"featured_media":0,"template":"","meta":{"_monsterinsights_skip_tracking":false,"_monsterinsights_sitenote_active":false,"_monsterinsights_sitenote_note":"","_monsterinsights_sitenote_category":0},"product_brand":[],"product_cat":[12274],"product_tag":[],"class_list":{"0":"post-758536","1":"product","2":"type-product","3":"status-publish","5":"product_cat-cocuk-ve-genclik-kitaplari","6":"pa_cilt-ciltsiz","7":"pa_tur-kitap","8":"pa_yayinevi-luna-cocuk-yayinlari","9":"pa_yazar-tugba-bas-akgul","11":"first","12":"instock","13":"sale","14":"shipping-taxable","15":"purchasable","16":"product-type-simple"},"_links":{"self":[{"href":"https:\/\/roveyayinevi.com.tr\/index.php\/wp-json\/wp\/v2\/product\/758536","targetHints":{"allow":["GET"]}}],"collection":[{"href":"https:\/\/roveyayinevi.com.tr\/index.php\/wp-json\/wp\/v2\/product"}],"about":[{"href":"https:\/\/roveyayinevi.com.tr\/index.php\/wp-json\/wp\/v2\/types\/product"}],"wp:attachment":[{"href":"https:\/\/roveyayinevi.com.tr\/index.php\/wp-json\/wp\/v2\/media?parent=758536"}],"wp:term":[{"taxonomy":"product_brand","embeddable":true,"href":"https:\/\/roveyayinevi.com.tr\/index.php\/wp-json\/wp\/v2\/product_brand?post=758536"},{"taxonomy":"product_cat","embeddable":true,"href":"https:\/\/roveyayinevi.com.tr\/index.php\/wp-json\/wp\/v2\/product_cat?post=758536"},{"taxonomy":"product_tag","embeddable":true,"href":"https:\/\/roveyayinevi.com.tr\/index.php\/wp-json\/wp\/v2\/product_tag?post=758536"}],"curies":[{"name":"wp","href":"https:\/\/api.w.org\/{rel}","templated":true}]}}