{"id":758535,"date":"2025-08-28T08:07:36","date_gmt":"2025-08-28T05:07:36","guid":{"rendered":"https:\/\/roveyayinevi.com.tr\/index.php\/urun\/bir-cihan-hukumdari-fatih-sultan-mehmed-ciltli\/"},"modified":"2026-04-16T03:11:26","modified_gmt":"2026-04-16T00:11:26","slug":"bir-cihan-hukumdari-fatih-sultan-mehmed-ciltli","status":"publish","type":"product","link":"https:\/\/roveyayinevi.com.tr\/index.php\/urun\/bir-cihan-hukumdari-fatih-sultan-mehmed-ciltli\/","title":{"rendered":"Bir Cihan H\u00fck\u00fcmdar\u0131 Fatih Sultan Mehmed (Ciltli)"},"content":{"rendered":"<p>Hem Do\u011fu hem de Bat\u0131 k\u00fclt\u00fcr\u00fcne a\u015fina olan Fatih Sultan Mehmed, Yunanl\u0131 Diyojen\u2019i, Herodot\u2019u, Romal\u0131 tarih\u00e7iler Livius ve Rufus\u2019u, B\u00fcy\u00fck \u0130skender\u2019in, papalar\u0131n, imparatorlar\u0131n, Fransa krallar\u0131n\u0131n ve Lombardlar\u2019\u0131n vekayinamelerini okumu\u015ftu. Sezar\u2019\u0131, \u0130skender\u2019i, Anibal\u2019i, Afrikal\u0131 Scipio\u2019yu, Pyrhus\u2019u ve Keykavus\u2019u a\u015fmak niyetinde oldu\u011funu s\u00f6ylerdi. \u0130mparatorlu\u011fu&#8217;nun ger\u00e7ek kurucusu olan Fatih Sultan Mehmed d\u00f6neminde Osmanl\u0131 Devleti bir d\u00fcnya g\u00fcc\u00fc h\u00e2line geldi. Fatih\u2019in h\u00fck\u00fcmdarl\u0131k d\u00f6nemi tarih\u00e7ilikten edebiyata, mimariden medrese e\u011fitimine, b\u00fcrokrasiden saray idaresine kadar bir\u00e7ok alanda klasikle\u015fmenin ba\u015flang\u0131c\u0131d\u0131r. Kendisinden sonraki d\u00f6nemin siyas\u00ee, idar\u00ee ve hukuk\u00ee yap\u0131s\u0131n\u0131 \u015fekillendiren bir h\u00fck\u00fcmdard\u0131r. Bu eserde bir cihan h\u00fck\u00fcmdar\u0131n\u0131n renkli \u015fahsiyetini ve fetihlerini bulacaks\u0131n\u0131z.<\/p>\n","protected":false},"excerpt":{"rendered":"<p>Hem Do\u011fu hem de Bat\u0131 k\u00fclt\u00fcr\u00fcne a\u015fina olan Fatih Sultan Mehmed, Yunanl\u0131 Diyojen\u2019i, Herodot\u2019u, Romal\u0131 tarih\u00e7iler Livius ve Rufus\u2019u, B\u00fcy\u00fck \u0130skender\u2019in, papalar\u0131n, imparatorlar\u0131n, Fransa krallar\u0131n\u0131n ve<span class=\"excerpt-hellip\"> [\u2026]<\/span><\/p>\n","protected":false},"featured_media":0,"template":"","meta":{"_monsterinsights_skip_tracking":false,"_monsterinsights_sitenote_active":false,"_monsterinsights_sitenote_note":"","_monsterinsights_sitenote_category":0},"product_brand":[],"product_cat":[13946,12304],"product_tag":[],"class_list":{"0":"post-758535","1":"product","2":"type-product","3":"status-publish","5":"product_cat-biyografi-otobiyografi","6":"product_cat-tarih","7":"pa_cilt-ciltli","8":"pa_tur-kitap","9":"pa_yayinevi-yeditepe-yayinevi","10":"pa_yazar-erhan-afyoncu","12":"first","13":"instock","14":"sale","15":"shipping-taxable","16":"purchasable","17":"product-type-simple"},"_links":{"self":[{"href":"https:\/\/roveyayinevi.com.tr\/index.php\/wp-json\/wp\/v2\/product\/758535","targetHints":{"allow":["GET"]}}],"collection":[{"href":"https:\/\/roveyayinevi.com.tr\/index.php\/wp-json\/wp\/v2\/product"}],"about":[{"href":"https:\/\/roveyayinevi.com.tr\/index.php\/wp-json\/wp\/v2\/types\/product"}],"wp:attachment":[{"href":"https:\/\/roveyayinevi.com.tr\/index.php\/wp-json\/wp\/v2\/media?parent=758535"}],"wp:term":[{"taxonomy":"product_brand","embeddable":true,"href":"https:\/\/roveyayinevi.com.tr\/index.php\/wp-json\/wp\/v2\/product_brand?post=758535"},{"taxonomy":"product_cat","embeddable":true,"href":"https:\/\/roveyayinevi.com.tr\/index.php\/wp-json\/wp\/v2\/product_cat?post=758535"},{"taxonomy":"product_tag","embeddable":true,"href":"https:\/\/roveyayinevi.com.tr\/index.php\/wp-json\/wp\/v2\/product_tag?post=758535"}],"curies":[{"name":"wp","href":"https:\/\/api.w.org\/{rel}","templated":true}]}}