{"id":758534,"date":"2025-08-28T08:07:35","date_gmt":"2025-08-28T05:07:35","guid":{"rendered":"https:\/\/roveyayinevi.com.tr\/index.php\/urun\/ulusal-ilac-sanayi-stratejisi-acisindan-tibbi-kenevir\/"},"modified":"2026-04-16T03:11:26","modified_gmt":"2026-04-16T00:11:26","slug":"ulusal-ilac-sanayi-stratejisi-acisindan-tibbi-kenevir","status":"publish","type":"product","link":"https:\/\/roveyayinevi.com.tr\/index.php\/urun\/ulusal-ilac-sanayi-stratejisi-acisindan-tibbi-kenevir\/","title":{"rendered":"Ulusal \u0130la\u00e7 Sanayi Stratejisi A\u00e7\u0131s\u0131ndan T\u0131bbi Kenevir"},"content":{"rendered":"<p>Bu kitap, son y\u0131llarda yerle\u015fik tedavi y\u00f6ntemleri ve ila\u00e7lar\u0131n etkisizli\u011fine kar\u015f\u0131 kenevirin t\u0131bbi alanda kullan\u0131lmas\u0131 i\u00e7in m\u00fccadele eden hastalar\u0131n \u00e7abalar\u0131yla d\u00fcnya g\u00fcndeminde olan \u201ct\u0131bbi kenevir\u201d ba\u011flam\u0131nda kannabinoidlerin kanser a\u011fr\u0131s\u0131, ameliyat sonras\u0131 a\u011fr\u0131, kronik a\u011fr\u0131 ve romatizmal hastal\u0131klar, kanser kemoterapisine ba\u011fl\u0131 bulant\u0131 ve kusma, MS, spastisite, alzheimer, amyotrofiklateralskleroz (ALS), anoreksiye ba\u011fl\u0131 i\u015ftahs\u0131zl\u0131k, epilepsi, fibromiyalji, Huntington\u2019s Chorea, mide bulant\u0131s\u0131 ve kusma, migren ve kronik ba\u015f a\u011fr\u0131s\u0131, parkinson, travma sonras\u0131 stres bozuklu\u011fu, uykusuzluk gibi hastal\u0131klar\u0131n tedavisinde etkinlili\u011fi ile ilgili \u00e7al\u0131\u015fmalardan hareketle, \u00fclkemiz i\u00e7in \u201cila\u00e7 etkin hammadesi olarak t\u0131bbi kenevir\u201d alan\u0131nda denetlenebilir, s\u00fcrd\u00fcr\u00fclebilir ve kal\u0131c\u0131 politikalar geli\u015ftirilmesi ve uygulanmas\u0131na katk\u0131 sa\u011flamay\u0131 hedeflemektedir. <\/p>\n","protected":false},"excerpt":{"rendered":"<p>Bu kitap, son y\u0131llarda yerle\u015fik tedavi y\u00f6ntemleri ve ila\u00e7lar\u0131n etkisizli\u011fine kar\u015f\u0131 kenevirin t\u0131bbi alanda kullan\u0131lmas\u0131 i\u00e7in m\u00fccadele eden hastalar\u0131n \u00e7abalar\u0131yla d\u00fcnya g\u00fcndeminde olan \u201ct\u0131bbi kenevir\u201d ba\u011flam\u0131nda<span class=\"excerpt-hellip\"> [\u2026]<\/span><\/p>\n","protected":false},"featured_media":0,"template":"","meta":{"_monsterinsights_skip_tracking":false,"_monsterinsights_sitenote_active":false,"_monsterinsights_sitenote_note":"","_monsterinsights_sitenote_category":0},"product_brand":[],"product_cat":[13005],"product_tag":[],"class_list":{"0":"post-758534","1":"product","2":"type-product","3":"status-publish","5":"product_cat-bilim-muhendislik","6":"pa_cilt-ciltsiz","7":"pa_tur-kitap","8":"pa_yayinevi-zet-akademi-yayinlari","9":"pa_yazar-yavuz-gokalp-yildiz","11":"first","12":"instock","13":"sale","14":"shipping-taxable","15":"purchasable","16":"product-type-simple"},"_links":{"self":[{"href":"https:\/\/roveyayinevi.com.tr\/index.php\/wp-json\/wp\/v2\/product\/758534","targetHints":{"allow":["GET"]}}],"collection":[{"href":"https:\/\/roveyayinevi.com.tr\/index.php\/wp-json\/wp\/v2\/product"}],"about":[{"href":"https:\/\/roveyayinevi.com.tr\/index.php\/wp-json\/wp\/v2\/types\/product"}],"wp:attachment":[{"href":"https:\/\/roveyayinevi.com.tr\/index.php\/wp-json\/wp\/v2\/media?parent=758534"}],"wp:term":[{"taxonomy":"product_brand","embeddable":true,"href":"https:\/\/roveyayinevi.com.tr\/index.php\/wp-json\/wp\/v2\/product_brand?post=758534"},{"taxonomy":"product_cat","embeddable":true,"href":"https:\/\/roveyayinevi.com.tr\/index.php\/wp-json\/wp\/v2\/product_cat?post=758534"},{"taxonomy":"product_tag","embeddable":true,"href":"https:\/\/roveyayinevi.com.tr\/index.php\/wp-json\/wp\/v2\/product_tag?post=758534"}],"curies":[{"name":"wp","href":"https:\/\/api.w.org\/{rel}","templated":true}]}}