{"id":758531,"date":"2025-08-28T08:07:30","date_gmt":"2025-08-28T05:07:30","guid":{"rendered":"https:\/\/roveyayinevi.com.tr\/index.php\/urun\/bilge-baykusun-bilmeceleri\/"},"modified":"2026-01-30T03:48:52","modified_gmt":"2026-01-30T00:48:52","slug":"bilge-baykusun-bilmeceleri","status":"publish","type":"product","link":"https:\/\/roveyayinevi.com.tr\/index.php\/urun\/bilge-baykusun-bilmeceleri\/","title":{"rendered":"Bilge Bayku\u015fun Bilmeceleri"},"content":{"rendered":"<p>Sevgili \u00e7ocuklar, sizler i\u00e7in reng\u00e2renk konu\u015fan hayvanlar kitab\u0131 haz\u0131rlad\u0131k. Ormandaki pek \u00e7ok hayvan\u0131n konu\u015ftu\u011fu hatta bilmeceler sordu\u011fu bu kitab\u0131 okurken e\u011flenecek, kendinizi ormanda onlar aras\u0131nda hissedecek, sorulan bilmeceleri bulmaya \u00e7al\u0131\u015f\u0131rken elinizden b\u0131rakamayacaks\u0131n\u0131z. Bilge Bayku\u015f\u2019un Bilmeceleri ile okumaya g\u00fczel bir ba\u015flang\u0131\u00e7 yapacaks\u0131n\u0131z. O h\u00e2lde iyi okumalar <\/p>\n","protected":false},"excerpt":{"rendered":"<p>Sevgili \u00e7ocuklar, sizler i\u00e7in reng\u00e2renk konu\u015fan hayvanlar kitab\u0131 haz\u0131rlad\u0131k. Ormandaki pek \u00e7ok hayvan\u0131n konu\u015ftu\u011fu hatta bilmeceler sordu\u011fu bu kitab\u0131 okurken e\u011flenecek, kendinizi ormanda onlar aras\u0131nda hissedecek,<span class=\"excerpt-hellip\"> [\u2026]<\/span><\/p>\n","protected":false},"featured_media":0,"template":"","meta":{"_monsterinsights_skip_tracking":false,"_monsterinsights_sitenote_active":false,"_monsterinsights_sitenote_note":"","_monsterinsights_sitenote_category":0},"product_brand":[],"product_cat":[12274,12284],"product_tag":[],"class_list":{"0":"post-758531","1":"product","2":"type-product","3":"status-publish","5":"product_cat-cocuk-ve-genclik-kitaplari","6":"product_cat-hikayeler","7":"pa_cilt-ciltsiz","8":"pa_tur-kitap","9":"pa_yayinevi-vova-yayinlari","10":"pa_yazar-halil-manus","12":"first","13":"instock","14":"sale","15":"shipping-taxable","16":"purchasable","17":"product-type-simple"},"_links":{"self":[{"href":"https:\/\/roveyayinevi.com.tr\/index.php\/wp-json\/wp\/v2\/product\/758531","targetHints":{"allow":["GET"]}}],"collection":[{"href":"https:\/\/roveyayinevi.com.tr\/index.php\/wp-json\/wp\/v2\/product"}],"about":[{"href":"https:\/\/roveyayinevi.com.tr\/index.php\/wp-json\/wp\/v2\/types\/product"}],"wp:attachment":[{"href":"https:\/\/roveyayinevi.com.tr\/index.php\/wp-json\/wp\/v2\/media?parent=758531"}],"wp:term":[{"taxonomy":"product_brand","embeddable":true,"href":"https:\/\/roveyayinevi.com.tr\/index.php\/wp-json\/wp\/v2\/product_brand?post=758531"},{"taxonomy":"product_cat","embeddable":true,"href":"https:\/\/roveyayinevi.com.tr\/index.php\/wp-json\/wp\/v2\/product_cat?post=758531"},{"taxonomy":"product_tag","embeddable":true,"href":"https:\/\/roveyayinevi.com.tr\/index.php\/wp-json\/wp\/v2\/product_tag?post=758531"}],"curies":[{"name":"wp","href":"https:\/\/api.w.org\/{rel}","templated":true}]}}