{"id":758530,"date":"2025-08-28T08:07:28","date_gmt":"2025-08-28T05:07:28","guid":{"rendered":"https:\/\/roveyayinevi.com.tr\/index.php\/urun\/hislerin-dili\/"},"modified":"2026-01-30T03:48:52","modified_gmt":"2026-01-30T00:48:52","slug":"hislerin-dili","status":"publish","type":"product","link":"https:\/\/roveyayinevi.com.tr\/index.php\/urun\/hislerin-dili\/","title":{"rendered":"Hislerin Dili"},"content":{"rendered":"<p>A\u015eKIN Y\u00dcZ\u00dc Camlar\u0131mda menek\u015feler,fesle\u011fenler olsun, Bir de senin ayak seslerin, S\u00fcz\u00fcle s\u00fcz\u00fcle yank\u0131lans\u0131n endam\u0131n, Gel otur y\u00fcre\u011fimin en \u00fccra k\u00f6\u015fesine, Bir r\u00fcya gibi \u00e7\u00f6ks\u00fcn uykular\u0131ma sessizlik, Geriye bir tek ad\u0131n\u0131 say\u0131klamak kals\u0131n. Benim g\u00f6ky\u00fcz\u00fcne bakt\u0131\u011f\u0131m pencerelerim k\u0131r\u0131k, Perdeler \u00e7\u0131\u011fl\u0131klar savururken d\u00f6rt bir yana, Geriye bir hayal gibi kal\u0131yor sessizlik. Sahi beni b\u00f6yle s\u0131r\u0131ls\u0131klam \u0131slatan sevda ya\u011fmuru mu? Oturmu\u015fuz a\u015fk sofras\u0131na, Bereket kokusu burnumun solu\u011funda, Demlikte nefesin, Bir yudum \u00e7ay\u0131 bile k\u0131skan\u0131yorum dudaklar\u0131ndan. Doymak ne ki? \u0130nkar etmiyorum! Nefeslerimizde tutsak bir anason kokusuydu arta kalan. Avu\u00e7lar\u0131m\u0131zda bir yerlerlerdeydi a\u015fk, Hep ya\u015f\u0131yorduk, Ve a\u015fk utan\u0131yordu her mevsim kavu\u015famam\u0131\u015fl\u0131kta.<\/p>\n","protected":false},"excerpt":{"rendered":"<p>A\u015eKIN Y\u00dcZ\u00dc Camlar\u0131mda menek\u015feler,fesle\u011fenler olsun, Bir de senin ayak seslerin, S\u00fcz\u00fcle s\u00fcz\u00fcle yank\u0131lans\u0131n endam\u0131n, Gel otur y\u00fcre\u011fimin en \u00fccra k\u00f6\u015fesine, Bir r\u00fcya gibi \u00e7\u00f6ks\u00fcn uykular\u0131ma sessizlik,<span class=\"excerpt-hellip\"> [\u2026]<\/span><\/p>\n","protected":false},"featured_media":0,"template":"","meta":{"_monsterinsights_skip_tracking":false,"_monsterinsights_sitenote_active":false,"_monsterinsights_sitenote_note":"","_monsterinsights_sitenote_category":0},"product_brand":[],"product_cat":[12291,12509],"product_tag":[],"class_list":{"0":"post-758530","1":"product","2":"type-product","3":"status-publish","5":"product_cat-edebiyat","6":"product_cat-siir","7":"pa_cilt-ciltsiz","8":"pa_tur-kitap","9":"pa_yayinevi-vova-yayinlari","10":"pa_yazar-yusuf-tarhan","12":"first","13":"instock","14":"sale","15":"shipping-taxable","16":"purchasable","17":"product-type-simple"},"_links":{"self":[{"href":"https:\/\/roveyayinevi.com.tr\/index.php\/wp-json\/wp\/v2\/product\/758530","targetHints":{"allow":["GET"]}}],"collection":[{"href":"https:\/\/roveyayinevi.com.tr\/index.php\/wp-json\/wp\/v2\/product"}],"about":[{"href":"https:\/\/roveyayinevi.com.tr\/index.php\/wp-json\/wp\/v2\/types\/product"}],"wp:attachment":[{"href":"https:\/\/roveyayinevi.com.tr\/index.php\/wp-json\/wp\/v2\/media?parent=758530"}],"wp:term":[{"taxonomy":"product_brand","embeddable":true,"href":"https:\/\/roveyayinevi.com.tr\/index.php\/wp-json\/wp\/v2\/product_brand?post=758530"},{"taxonomy":"product_cat","embeddable":true,"href":"https:\/\/roveyayinevi.com.tr\/index.php\/wp-json\/wp\/v2\/product_cat?post=758530"},{"taxonomy":"product_tag","embeddable":true,"href":"https:\/\/roveyayinevi.com.tr\/index.php\/wp-json\/wp\/v2\/product_tag?post=758530"}],"curies":[{"name":"wp","href":"https:\/\/api.w.org\/{rel}","templated":true}]}}