{"id":758524,"date":"2025-08-28T08:07:19","date_gmt":"2025-08-28T05:07:19","guid":{"rendered":"https:\/\/roveyayinevi.com.tr\/index.php\/urun\/cocuklar-icin-mandala-mavi\/"},"modified":"2026-04-16T03:11:26","modified_gmt":"2026-04-16T00:11:26","slug":"cocuklar-icin-mandala-mavi","status":"publish","type":"product","link":"https:\/\/roveyayinevi.com.tr\/index.php\/urun\/cocuklar-icin-mandala-mavi\/","title":{"rendered":"\u00c7ocuklar \u0130\u00e7in Mandala &#8211; Mavi"},"content":{"rendered":"<p>\u00c7ocuklar \u0130\u00e7in Mandala serisi; \u00e7ocuklar\u0131n rengarenk boyalarla keyifli vakit ge\u00e7irmesini sa\u011flamak amac\u0131yla haz\u0131rland\u0131. Detayl\u0131 \u00e7izimleri boyarken hayal d\u00fcnyas\u0131na dalacak ve \u00e7ok e\u011flenecekler. E\u011flence ba\u015flas\u0131n\u2026 <\/p>\n","protected":false},"excerpt":{"rendered":"<p>\u00c7ocuklar \u0130\u00e7in Mandala serisi; \u00e7ocuklar\u0131n rengarenk boyalarla keyifli vakit ge\u00e7irmesini sa\u011flamak amac\u0131yla haz\u0131rland\u0131. Detayl\u0131 \u00e7izimleri boyarken hayal d\u00fcnyas\u0131na dalacak ve \u00e7ok e\u011flenecekler. E\u011flence ba\u015flas\u0131n\u2026<\/p>\n","protected":false},"featured_media":0,"template":"","meta":{"_monsterinsights_skip_tracking":false,"_monsterinsights_sitenote_active":false,"_monsterinsights_sitenote_note":"","_monsterinsights_sitenote_category":0},"product_brand":[],"product_cat":[12644,12274],"product_tag":[],"class_list":{"0":"post-758524","1":"product","2":"type-product","3":"status-publish","5":"product_cat-boyama-kitaplari","6":"product_cat-cocuk-ve-genclik-kitaplari","7":"pa_cilt-ciltsiz","8":"pa_tur-kitap","9":"pa_yayinevi-parilti-yayinlari","10":"pa_yazar-alka-graphic","12":"first","13":"instock","14":"sale","15":"shipping-taxable","16":"purchasable","17":"product-type-simple"},"_links":{"self":[{"href":"https:\/\/roveyayinevi.com.tr\/index.php\/wp-json\/wp\/v2\/product\/758524","targetHints":{"allow":["GET"]}}],"collection":[{"href":"https:\/\/roveyayinevi.com.tr\/index.php\/wp-json\/wp\/v2\/product"}],"about":[{"href":"https:\/\/roveyayinevi.com.tr\/index.php\/wp-json\/wp\/v2\/types\/product"}],"wp:attachment":[{"href":"https:\/\/roveyayinevi.com.tr\/index.php\/wp-json\/wp\/v2\/media?parent=758524"}],"wp:term":[{"taxonomy":"product_brand","embeddable":true,"href":"https:\/\/roveyayinevi.com.tr\/index.php\/wp-json\/wp\/v2\/product_brand?post=758524"},{"taxonomy":"product_cat","embeddable":true,"href":"https:\/\/roveyayinevi.com.tr\/index.php\/wp-json\/wp\/v2\/product_cat?post=758524"},{"taxonomy":"product_tag","embeddable":true,"href":"https:\/\/roveyayinevi.com.tr\/index.php\/wp-json\/wp\/v2\/product_tag?post=758524"}],"curies":[{"name":"wp","href":"https:\/\/api.w.org\/{rel}","templated":true}]}}