{"id":758522,"date":"2025-08-28T08:07:17","date_gmt":"2025-08-28T05:07:17","guid":{"rendered":"https:\/\/roveyayinevi.com.tr\/index.php\/urun\/iyilestirici-sezginin-temelleri\/"},"modified":"2026-04-11T03:21:23","modified_gmt":"2026-04-11T00:21:23","slug":"iyilestirici-sezginin-temelleri","status":"publish","type":"product","link":"https:\/\/roveyayinevi.com.tr\/index.php\/urun\/iyilestirici-sezginin-temelleri\/","title":{"rendered":"\u0130yile\u015ftirici Sezginin Temelleri"},"content":{"rendered":"<p>\u201cBiyografiniz, biyolojiniz haline gelir.\u201d\u2014Caroline Myss   Sezgilerini uygulamalar\u0131nda kullanmak isteyen profesyonelleri ve sa\u011fl\u0131k sorunlar\u0131na kendi bedeninde yan\u0131t arayan herkesi ilgilendiren \u0130yile\u015ftirici Sezginin Temelleri, beden ve zihin sa\u011fl\u0131\u011f\u0131 i\u00e7in t\u0131bbi sezgiyi kullanma konusunda kapsaml\u0131 bir k\u0131lavuz. 2023 Nautilus Kitap \u00d6d\u00fcl\u00fc\u2019n\u00fc kazanan ve en g\u00fcncel bilimsel ara\u015ft\u0131rmalarla vaka \u00e7al\u0131\u015fmalar\u0131na dayanan bu kitab\u0131 okurken b\u00fct\u00fcnle\u015ftirici sa\u011fl\u0131k hizmetlerine devrim niteli\u011finde yeni bir bak\u0131\u015f a\u00e7\u0131s\u0131 getiren t\u0131bbi sezginin tam anlam\u0131yla ne oldu\u011funu, optimum refah\u0131 engelleyebilecek gizli kaynaklar\u0131 ortaya \u00e7\u0131kar\u0131p hayat\u0131n\u0131z\u0131 nas\u0131l de\u011fi\u015ftirebilece\u011finizi ke\u015ffedeceksiniz. \u201cHepimizin sahip oldu\u011fu, dilin, mant\u0131\u011f\u0131n ve d\u00fc\u015f\u00fcncenin \u00f6tesinde bir bilme alan\u0131 vard\u0131r. Colter\u2019\u0131n kitab\u0131 bu do\u011fal yetene\u011fin g\u00fcnl\u00fck ya\u015fam\u0131m\u0131zda \u00e7i\u00e7ek a\u00e7mas\u0131na nas\u0131l izin verebilece\u011fimizi anlat\u0131yor.\u201d\u2014Larry Dossey, MD<\/p>\n","protected":false},"excerpt":{"rendered":"<p>\u201cBiyografiniz, biyolojiniz haline gelir.\u201d\u2014Caroline Myss Sezgilerini uygulamalar\u0131nda kullanmak isteyen profesyonelleri ve sa\u011fl\u0131k sorunlar\u0131na kendi bedeninde yan\u0131t arayan herkesi ilgilendiren \u0130yile\u015ftirici Sezginin Temelleri, beden ve zihin sa\u011fl\u0131\u011f\u0131<span class=\"excerpt-hellip\"> [\u2026]<\/span><\/p>\n","protected":false},"featured_media":0,"template":"","meta":{"_monsterinsights_skip_tracking":false,"_monsterinsights_sitenote_active":false,"_monsterinsights_sitenote_note":"","_monsterinsights_sitenote_category":0},"product_brand":[],"product_cat":[12364,12376],"product_tag":[],"class_list":{"0":"post-758522","1":"product","2":"type-product","3":"status-publish","5":"product_cat-genel-konular","6":"product_cat-kisisel-gelisim","7":"pa_cilt-ciltsiz","8":"pa_tur-kitap","9":"pa_yayinevi-serenad-yayinevi","10":"pa_yazar-wendie-colter","12":"first","13":"instock","14":"sale","15":"shipping-taxable","16":"purchasable","17":"product-type-simple"},"_links":{"self":[{"href":"https:\/\/roveyayinevi.com.tr\/index.php\/wp-json\/wp\/v2\/product\/758522","targetHints":{"allow":["GET"]}}],"collection":[{"href":"https:\/\/roveyayinevi.com.tr\/index.php\/wp-json\/wp\/v2\/product"}],"about":[{"href":"https:\/\/roveyayinevi.com.tr\/index.php\/wp-json\/wp\/v2\/types\/product"}],"wp:attachment":[{"href":"https:\/\/roveyayinevi.com.tr\/index.php\/wp-json\/wp\/v2\/media?parent=758522"}],"wp:term":[{"taxonomy":"product_brand","embeddable":true,"href":"https:\/\/roveyayinevi.com.tr\/index.php\/wp-json\/wp\/v2\/product_brand?post=758522"},{"taxonomy":"product_cat","embeddable":true,"href":"https:\/\/roveyayinevi.com.tr\/index.php\/wp-json\/wp\/v2\/product_cat?post=758522"},{"taxonomy":"product_tag","embeddable":true,"href":"https:\/\/roveyayinevi.com.tr\/index.php\/wp-json\/wp\/v2\/product_tag?post=758522"}],"curies":[{"name":"wp","href":"https:\/\/api.w.org\/{rel}","templated":true}]}}