{"id":758520,"date":"2025-08-28T08:07:14","date_gmt":"2025-08-28T05:07:14","guid":{"rendered":"https:\/\/roveyayinevi.com.tr\/index.php\/urun\/icimizdeki-yabanci\/"},"modified":"2026-04-16T03:11:26","modified_gmt":"2026-04-16T00:11:26","slug":"icimizdeki-yabanci","status":"publish","type":"product","link":"https:\/\/roveyayinevi.com.tr\/index.php\/urun\/icimizdeki-yabanci\/","title":{"rendered":"\u0130\u00e7imizdeki Yabanc\u0131"},"content":{"rendered":"<p>Yabanc\u0131 d\u00fc\u015fmanl\u0131\u011f\u0131, kendine d\u00fc\u015fmanl\u0131kt\u0131r. K\u00f6kenleri \u00e7ocuklukta aranmal\u0131d\u0131r. Yabanc\u0131lara duyulan nefretin, daima, insan\u0131n kendisine kar\u015f\u0131 duydu\u011fu nefretle bir ili\u015fkisi vard\u0131r. E\u011fer insanlar\u0131n, ba\u015fka insanlara neden ac\u0131 \u00e7ektirip, onlar\u0131 neden a\u015fa\u011f\u0131lad\u0131klar\u0131n\u0131 anlamak istiyorsak, \u00f6nce kendi i\u00e7imizde yer alan, tiksindi\u011fimiz \u015feylerle u\u011fra\u015fmal\u0131y\u0131z. \u0130\u00e7imizdeki bu par\u00e7ay\u0131, bize onu hat\u0131rlatan yabanc\u0131y\u0131 yok ederek susturmak isteriz. Ama, e\u011fer insan\u0131n kendisine \u00f6zg\u00fc olan ve birey olu\u015funu belirleyen her \u015fey yabanc\u0131 k\u0131l\u0131n\u0131rsa, geriye, insan\u0131n geli\u015fimini sa\u011flayacak ne kal\u0131r?   Yabanc\u0131 d\u00fc\u015fmanl\u0131\u011f\u0131n\u0131n ve neo-milliyet\u00e7ili\u011fin h\u0131zla yeniden y\u00fckselmeye ba\u015flad\u0131\u011f\u0131 g\u00fcn\u00fcm\u00fczde Gruen, \u201c\u00fc\u00e7\u00fcnc\u00fc bir kulakla dinleyip anlayarak\u201d ve Hitler ile di\u011fer Nazi subaylar\u0131na ili\u015fkin \u00f6rnekler vererek, bizlere bu durumun nedenlerini anlama f\u0131rsat\u0131 sunuyor. \u0130nsanlar, uygarl\u0131k ve k\u00fclt\u00fcrlerle, barbarl\u0131k ve vah\u015fet aras\u0131ndaki ince, ama bariz tabakan\u0131n y\u0131rt\u0131l\u0131p yok olmas\u0131na neden bu kadar \u00e7abuk izin veriyor? Gruen, duygular\u0131m\u0131z\u0131n hi\u00e7 bilmedi\u011fimiz, yabanc\u0131 y\u00f6nlerini ke\u015ffetmemizi sa\u011flayarak, bireysel olarak insanl\u0131\u011f\u0131n gelece\u011fine katk\u0131da bulunacak bir pozisyona gelmemiz i\u00e7in u\u011fra\u015f\u0131yor.   \u201cArno Gruen\u2019den, \u00e7\u0131\u011f\u0131r a\u00e7acak bir kitap daha.\u201d Die Presse   \u201c\u0130nce, ama a\u011f\u0131r&#8230; Gizlisi sakl\u0131s\u0131 olmayan, politik bir kitap&#8230; Her c\u00fcmlede bir d\u00fc\u015f\u00fcnce sakl\u0131, ama bu d\u00fc\u015f\u00fcnceler ifade edilirken tek bir s\u00f6zc\u00fck bile fazladan kullan\u0131lmam\u0131\u015f.\u201d Der Spiegel   \u201cEric Fromm\u2019dan beri yaz\u0131lm\u0131\u015f en iyi sosyal-psikoloji incelemesi.\u201d Aargauer Zeitung<\/p>\n","protected":false},"excerpt":{"rendered":"<p>Yabanc\u0131 d\u00fc\u015fmanl\u0131\u011f\u0131, kendine d\u00fc\u015fmanl\u0131kt\u0131r. K\u00f6kenleri \u00e7ocuklukta aranmal\u0131d\u0131r. Yabanc\u0131lara duyulan nefretin, daima, insan\u0131n kendisine kar\u015f\u0131 duydu\u011fu nefretle bir ili\u015fkisi vard\u0131r. E\u011fer insanlar\u0131n, ba\u015fka insanlara neden ac\u0131 \u00e7ektirip,<span class=\"excerpt-hellip\"> [\u2026]<\/span><\/p>\n","protected":false},"featured_media":0,"template":"","meta":{"_monsterinsights_skip_tracking":false,"_monsterinsights_sitenote_active":false,"_monsterinsights_sitenote_note":"","_monsterinsights_sitenote_category":0},"product_brand":[],"product_cat":[12357],"product_tag":[],"class_list":{"0":"post-758520","1":"product","2":"type-product","3":"status-publish","5":"product_cat-psikoloji","6":"pa_cilt-ciltsiz","7":"pa_tur-kitap","8":"pa_yayinevi-totem-yayinlari","9":"pa_yazar-arno-gruen","11":"first","12":"instock","13":"sale","14":"shipping-taxable","15":"purchasable","16":"product-type-simple"},"_links":{"self":[{"href":"https:\/\/roveyayinevi.com.tr\/index.php\/wp-json\/wp\/v2\/product\/758520","targetHints":{"allow":["GET"]}}],"collection":[{"href":"https:\/\/roveyayinevi.com.tr\/index.php\/wp-json\/wp\/v2\/product"}],"about":[{"href":"https:\/\/roveyayinevi.com.tr\/index.php\/wp-json\/wp\/v2\/types\/product"}],"wp:attachment":[{"href":"https:\/\/roveyayinevi.com.tr\/index.php\/wp-json\/wp\/v2\/media?parent=758520"}],"wp:term":[{"taxonomy":"product_brand","embeddable":true,"href":"https:\/\/roveyayinevi.com.tr\/index.php\/wp-json\/wp\/v2\/product_brand?post=758520"},{"taxonomy":"product_cat","embeddable":true,"href":"https:\/\/roveyayinevi.com.tr\/index.php\/wp-json\/wp\/v2\/product_cat?post=758520"},{"taxonomy":"product_tag","embeddable":true,"href":"https:\/\/roveyayinevi.com.tr\/index.php\/wp-json\/wp\/v2\/product_tag?post=758520"}],"curies":[{"name":"wp","href":"https:\/\/api.w.org\/{rel}","templated":true}]}}