{"id":758513,"date":"2025-08-28T08:07:04","date_gmt":"2025-08-28T05:07:04","guid":{"rendered":"https:\/\/roveyayinevi.com.tr\/index.php\/urun\/hayat-bilgisi-2\/"},"modified":"2026-04-16T03:11:26","modified_gmt":"2026-04-16T00:11:26","slug":"hayat-bilgisi-2","status":"publish","type":"product","link":"https:\/\/roveyayinevi.com.tr\/index.php\/urun\/hayat-bilgisi-2\/","title":{"rendered":"Hayat Bilgisi"},"content":{"rendered":"<p>\u201cKitab\u0131ma Hayat Bilgisi gibi iddial\u0131 bir isim koymak, elbette benim narsist oldu\u011fumu g\u00f6stermemeli. Gelgelelim \u015fimdi yapaca\u011f\u0131m a\u00e7\u0131klaman\u0131n narsist olmad\u0131\u011f\u0131m\u0131 kan\u0131tlad\u0131\u011f\u0131n\u0131 da s\u00f6yleyemeyece\u011fim. Ya\u015f\u0131 san\u0131r\u0131m k\u0131rk\u0131n \u00fczerinde olanlar an\u0131msayacaklard\u0131r, ilkokulda Hayat Bilgisi ad\u0131nda bir dersimiz vard\u0131. Bu kadar g\u00fczel bir ad\u0131 olan ders maalesef o kadar da g\u00fczel de\u011fildi. Kar\u015f\u0131dan kar\u015f\u0131ya ge\u00e7erken \u00f6nce sola, sonra sa\u011fa, sonra tekrar sola bakmam\u0131z\u0131, yerli mal\u0131 kullanmam\u0131z gerekti\u011fini, b\u00fcy\u00fckleri saymam\u0131z\u0131, k\u00fc\u00e7\u00fckleriyse sevmemizi filan \u00f6\u011f\u00fctl\u00fcyordu Hayat Bilgisi kitab\u0131. Oysa neler neler \u00f6\u011frenebilirdik o derste. Elbette o derste \u00f6\u011frenemedi\u011fimiz \u015feyleri yazd\u0131\u011f\u0131m\u0131 iddia edemeyece\u011fim. O kadar da iddial\u0131 olmayay\u0131m yani. \u015eimdiki akl\u0131mla bana \u00f6\u011fretilse fena da olmazd\u0131 diye d\u00fc\u015f\u00fcnd\u00fc\u011f\u00fcm kimi \u015feyleri akl\u0131m erdi\u011fince kaleme ald\u0131m,\u201d diyor Alper Hasano\u011flu. Hayattan ve ili\u015fkilerden umudunu h\u00e2l\u00e2 kesmedi\u011fini ve insanlar\u0131 olmasa da \u2018bir hayvan t\u00fcr\u00fc olan the insan\u2019\u0131 h\u00e2l\u00e2 sevdi\u011fini s\u00f6yl\u00fcyor. H\u00e2l\u00e2 terapi yap\u0131yor, h\u00e2l\u00e2 a\u015fka, \u015fiire, erdeme ve \u015faraba inan\u0131yor. \u201cHer \u015feye inat, i\u015fte hayat!\u201d diyor. Art\u0131k 56 ya\u015f\u0131nda.   -Alper Hasano\u011flu   \u0130nsan     Bu kitab\u0131n k\u00e2\u011f\u0131t ve kartondan daha fazlas\u0131 olmas\u0131n\u0131 istiyoruz. Hatta i\u00e7eri\u011fi ve niyeti gere\u011fi b\u00f6yle olmas\u0131ndan ka\u00e7amayaca\u011f\u0131z da. Kitab\u0131m\u0131za dinamik bir ya\u015fam vermek i\u00e7in yazar\u0131m\u0131zla beraber belli projeler tasarlad\u0131k. Projelerimizin ilkiyse kitaba -ve yazar\u0131m\u0131za- mahsus bir web sitesi olu\u015fturmakt\u0131. Web sitemiz bir topla\u015fma, tart\u0131\u015fma, ak\u0131l y\u00fcr\u00fctme alan\u0131 olacak. Hayat Bilgisi\u2019nin forum sayfas\u0131na t\u00fcm okuyucular\u0131m\u0131z\u0131 bekliyoruz. HATTA ER\u0130\u015e\u0130M\u0130N\u0130Z\u0130 KOLAYLA\u015eTIRMAK \u0130\u00c7\u0130N K\u0130TABIMIZIN ARKA KAPA\u011eININ ALT KISMINA TARATMANIZ \u00dcZERE QR KODUNU EKLED\u0130K. Web sitesine isterseniz kitaba fiziken eri\u015fti\u011finizde QR kodu taratarak, isterseniz hemen \u015fimdi ula\u015fabilirsiniz. https:\/\/hayatbilgisiforum.com<\/p>\n","protected":false},"excerpt":{"rendered":"<p>\u201cKitab\u0131ma Hayat Bilgisi gibi iddial\u0131 bir isim koymak, elbette benim narsist oldu\u011fumu g\u00f6stermemeli. Gelgelelim \u015fimdi yapaca\u011f\u0131m a\u00e7\u0131klaman\u0131n narsist olmad\u0131\u011f\u0131m\u0131 kan\u0131tlad\u0131\u011f\u0131n\u0131 da s\u00f6yleyemeyece\u011fim. Ya\u015f\u0131 san\u0131r\u0131m k\u0131rk\u0131n \u00fczerinde<span class=\"excerpt-hellip\"> [\u2026]<\/span><\/p>\n","protected":false},"featured_media":0,"template":"","meta":{"_monsterinsights_skip_tracking":false,"_monsterinsights_sitenote_active":false,"_monsterinsights_sitenote_note":"","_monsterinsights_sitenote_category":0},"product_brand":[],"product_cat":[12357],"product_tag":[],"class_list":{"0":"post-758513","1":"product","2":"type-product","3":"status-publish","5":"product_cat-psikoloji","6":"pa_cilt-ciltsiz","7":"pa_tur-kitap","8":"pa_yayinevi-pinhan-yayincilik","9":"pa_yazar-alper-hasanoglu","11":"first","12":"instock","13":"sale","14":"shipping-taxable","15":"purchasable","16":"product-type-simple"},"_links":{"self":[{"href":"https:\/\/roveyayinevi.com.tr\/index.php\/wp-json\/wp\/v2\/product\/758513","targetHints":{"allow":["GET"]}}],"collection":[{"href":"https:\/\/roveyayinevi.com.tr\/index.php\/wp-json\/wp\/v2\/product"}],"about":[{"href":"https:\/\/roveyayinevi.com.tr\/index.php\/wp-json\/wp\/v2\/types\/product"}],"wp:attachment":[{"href":"https:\/\/roveyayinevi.com.tr\/index.php\/wp-json\/wp\/v2\/media?parent=758513"}],"wp:term":[{"taxonomy":"product_brand","embeddable":true,"href":"https:\/\/roveyayinevi.com.tr\/index.php\/wp-json\/wp\/v2\/product_brand?post=758513"},{"taxonomy":"product_cat","embeddable":true,"href":"https:\/\/roveyayinevi.com.tr\/index.php\/wp-json\/wp\/v2\/product_cat?post=758513"},{"taxonomy":"product_tag","embeddable":true,"href":"https:\/\/roveyayinevi.com.tr\/index.php\/wp-json\/wp\/v2\/product_tag?post=758513"}],"curies":[{"name":"wp","href":"https:\/\/api.w.org\/{rel}","templated":true}]}}