{"id":758511,"date":"2025-08-28T08:07:00","date_gmt":"2025-08-28T05:07:00","guid":{"rendered":"https:\/\/roveyayinevi.com.tr\/index.php\/urun\/her-seye-hakkiniz-olabilir-umutsuz-olmaya-asla\/"},"modified":"2026-04-16T03:11:26","modified_gmt":"2026-04-16T00:11:26","slug":"her-seye-hakkiniz-olabilir-umutsuz-olmaya-asla","status":"publish","type":"product","link":"https:\/\/roveyayinevi.com.tr\/index.php\/urun\/her-seye-hakkiniz-olabilir-umutsuz-olmaya-asla\/","title":{"rendered":"Her \u015eeye Hakk\u0131n\u0131z Olabilir Umutsuz Olmaya Asla!"},"content":{"rendered":"<p>\u00dclkemin ya\u015fayan en b\u00fcy\u00fck, en sayg\u0131n ustalar\u0131ndan birinin hayata bak\u0131\u015f\u0131, \u00f6\u011fretileri ve en \u00f6nemlisi kendi yolunu bizimle payla\u015fmas\u0131 bizler i\u00e7in ne b\u00fcy\u00fck onur ve mutluluk\u2026 \u00d6l\u00fcms\u00fcz ustaya, bu \u00f6l\u00fcms\u00fcz eser i\u00e7in sonsuz te\u015fekk\u00fcrler ediyorum. Kitab\u0131 okurken i\u00e7im \u0131s\u0131nd\u0131. \u015eemsiyesiz kalan t\u00fcm duygular\u0131ma terc\u00fcman oldunuz.Oyunculu\u011fun b\u00fcy\u00fck bir \u0131\u015f\u0131k oldu\u011funu ve bu \u0131\u015f\u0131\u011f\u0131n i\u00e7imizden geldi\u011fini ben de vurgulamak isterim.Sevgili okurumuz, bu \u0131\u015f\u0131k o kadar b\u00fcy\u00fck ki \u201cYapamazs\u0131n, edemezsin!\u201d diyenlere inat, daha da parl\u0131yor.Ve \u015fimdi diyorum ki:Kitab\u0131n \u0131\u015f\u0131\u011f\u0131 sizin de yolunuzu ayd\u0131nlatacak. Melek Baykal<\/p>\n","protected":false},"excerpt":{"rendered":"<p>\u00dclkemin ya\u015fayan en b\u00fcy\u00fck, en sayg\u0131n ustalar\u0131ndan birinin hayata bak\u0131\u015f\u0131, \u00f6\u011fretileri ve en \u00f6nemlisi kendi yolunu bizimle payla\u015fmas\u0131 bizler i\u00e7in ne b\u00fcy\u00fck onur ve mutluluk\u2026 \u00d6l\u00fcms\u00fcz<span class=\"excerpt-hellip\"> [\u2026]<\/span><\/p>\n","protected":false},"featured_media":0,"template":"","meta":{"_monsterinsights_skip_tracking":false,"_monsterinsights_sitenote_active":false,"_monsterinsights_sitenote_note":"","_monsterinsights_sitenote_category":0},"product_brand":[],"product_cat":[12291,30969],"product_tag":[],"class_list":{"0":"post-758511","1":"product","2":"type-product","3":"status-publish","5":"product_cat-edebiyat","6":"product_cat-soylesi-edebiyat","7":"pa_cilt-ciltsiz","8":"pa_tur-kitap","9":"pa_yayinevi-masa-kitap","10":"pa_yazar-mujdat-gezen","12":"first","13":"instock","14":"sale","15":"shipping-taxable","16":"purchasable","17":"product-type-simple"},"_links":{"self":[{"href":"https:\/\/roveyayinevi.com.tr\/index.php\/wp-json\/wp\/v2\/product\/758511","targetHints":{"allow":["GET"]}}],"collection":[{"href":"https:\/\/roveyayinevi.com.tr\/index.php\/wp-json\/wp\/v2\/product"}],"about":[{"href":"https:\/\/roveyayinevi.com.tr\/index.php\/wp-json\/wp\/v2\/types\/product"}],"wp:attachment":[{"href":"https:\/\/roveyayinevi.com.tr\/index.php\/wp-json\/wp\/v2\/media?parent=758511"}],"wp:term":[{"taxonomy":"product_brand","embeddable":true,"href":"https:\/\/roveyayinevi.com.tr\/index.php\/wp-json\/wp\/v2\/product_brand?post=758511"},{"taxonomy":"product_cat","embeddable":true,"href":"https:\/\/roveyayinevi.com.tr\/index.php\/wp-json\/wp\/v2\/product_cat?post=758511"},{"taxonomy":"product_tag","embeddable":true,"href":"https:\/\/roveyayinevi.com.tr\/index.php\/wp-json\/wp\/v2\/product_tag?post=758511"}],"curies":[{"name":"wp","href":"https:\/\/api.w.org\/{rel}","templated":true}]}}