{"id":758510,"date":"2025-08-28T08:06:57","date_gmt":"2025-08-28T05:06:57","guid":{"rendered":"https:\/\/roveyayinevi.com.tr\/index.php\/urun\/beni-ozletmeyin-turkan-saylan-destani\/"},"modified":"2026-04-13T03:18:42","modified_gmt":"2026-04-13T00:18:42","slug":"beni-ozletmeyin-turkan-saylan-destani","status":"publish","type":"product","link":"https:\/\/roveyayinevi.com.tr\/index.php\/urun\/beni-ozletmeyin-turkan-saylan-destani\/","title":{"rendered":"Beni \u00d6zletmeyin &#8211; T\u00fcrkan Saylan Destan\u0131"},"content":{"rendered":"<p>O nisan ay\u0131nda, hukuk tarihimizin en kara sabahlar\u0131ndan biri yas\u0327an\u0131r. Tu\u0308rkan Saylan o gu\u0308n Arnavutko\u0308y Beyazgu\u0308l Sokak\u2019taki evinde tahliller ic\u0327in kan vermektedir. O esnada kap\u0131 c\u0327alar, kap\u0131da kimin oldu\u011funu biliyordur: Polisler.Kap\u0131daki polisler, o gu\u0308ne dek hic\u0327 durmadan c\u0327al\u0131s\u0327arak binlerce insan\u0131n hayat\u0131na dokunan, Tu\u0308rkiye\u2019deki cu\u0308zzam hastalar\u0131n\u0131n kaderini deg\u0306is\u0327tiren, sosyal proje ve burslarla binlerce k\u0131z c\u0327ocug\u0306unun okumas\u0131n\u0131 sag\u0306layan, art\u0131k sag\u0306l\u0131g\u0306\u0131 pek de yerinde olmayan Tu\u0308rkan Saylan\u2019\u0131n evini aramakla go\u0308revlidir.Tu\u0308rkan Saylan hic\u0327 panik yapmaz ve polisleri gu\u0308lerek kars\u0327\u0131lar. Evi aramalar\u0131na engel c\u0327\u0131karmaz, zaten c\u0327\u0131karacak gu\u0308cu\u0308 de yoktur. Kardelenlerden gelen mektuplardan, kitaplardan ve c\u0327al\u0131s\u0327ma dosyalar\u0131ndan bas\u0327ka hic\u0327bir belgenin bulunamayacag\u0306\u0131 ev, didik didik aran\u0131r. Nas\u0131l bir belge ya da delil arad\u0131klar\u0131n\u0131 bilmedig\u0306i polislere c\u0327ay ikram\u0131 yapt\u0131ran Tu\u0308rkan Saylan\u2019\u0131n ic\u0327i c\u0327ok rahatt\u0131r. C\u0327u\u0308nku\u0308 onun Cumhuriyet\u2019ten bas\u0327ka silah\u0131 yoktur.<\/p>\n","protected":false},"excerpt":{"rendered":"<p>O nisan ay\u0131nda, hukuk tarihimizin en kara sabahlar\u0131ndan biri yas\u0327an\u0131r. Tu\u0308rkan Saylan o gu\u0308n Arnavutko\u0308y Beyazgu\u0308l Sokak\u2019taki evinde tahliller ic\u0327in kan vermektedir. O esnada kap\u0131 c\u0327alar,<span class=\"excerpt-hellip\"> [\u2026]<\/span><\/p>\n","protected":false},"featured_media":0,"template":"","meta":{"_monsterinsights_skip_tracking":false,"_monsterinsights_sitenote_active":false,"_monsterinsights_sitenote_note":"","_monsterinsights_sitenote_category":0},"product_brand":[],"product_cat":[14009,12291],"product_tag":[],"class_list":{"0":"post-758510","1":"product","2":"type-product","3":"status-publish","5":"product_cat-biyografi-otobiyografi-edebiyat","6":"product_cat-edebiyat","7":"pa_cilt-ciltsiz","8":"pa_tur-kitap","9":"pa_yayinevi-masa-kitap","10":"pa_yazar-betul-sukur","12":"first","13":"instock","14":"sale","15":"shipping-taxable","16":"purchasable","17":"product-type-simple"},"_links":{"self":[{"href":"https:\/\/roveyayinevi.com.tr\/index.php\/wp-json\/wp\/v2\/product\/758510","targetHints":{"allow":["GET"]}}],"collection":[{"href":"https:\/\/roveyayinevi.com.tr\/index.php\/wp-json\/wp\/v2\/product"}],"about":[{"href":"https:\/\/roveyayinevi.com.tr\/index.php\/wp-json\/wp\/v2\/types\/product"}],"wp:attachment":[{"href":"https:\/\/roveyayinevi.com.tr\/index.php\/wp-json\/wp\/v2\/media?parent=758510"}],"wp:term":[{"taxonomy":"product_brand","embeddable":true,"href":"https:\/\/roveyayinevi.com.tr\/index.php\/wp-json\/wp\/v2\/product_brand?post=758510"},{"taxonomy":"product_cat","embeddable":true,"href":"https:\/\/roveyayinevi.com.tr\/index.php\/wp-json\/wp\/v2\/product_cat?post=758510"},{"taxonomy":"product_tag","embeddable":true,"href":"https:\/\/roveyayinevi.com.tr\/index.php\/wp-json\/wp\/v2\/product_tag?post=758510"}],"curies":[{"name":"wp","href":"https:\/\/api.w.org\/{rel}","templated":true}]}}