{"id":758508,"date":"2025-08-28T08:06:53","date_gmt":"2025-08-28T05:06:53","guid":{"rendered":"https:\/\/roveyayinevi.com.tr\/index.php\/urun\/dunyanin-alacakaranligi\/"},"modified":"2026-04-16T03:11:26","modified_gmt":"2026-04-16T00:11:26","slug":"dunyanin-alacakaranligi","status":"publish","type":"product","link":"https:\/\/roveyayinevi.com.tr\/index.php\/urun\/dunyanin-alacakaranligi\/","title":{"rendered":"D\u00fcnyan\u0131n Alacakaranl\u0131\u011f\u0131"},"content":{"rendered":"<p>Ba\u015far\u0131l\u0131 y\u00f6netmen Werner Herzog 1997\u2019de Chushingura adl\u0131 operay\u0131 sahnelemek i\u00e7in Tokyo\u2019ya gider.   \u0130kinci D\u00fcnya Sava\u015f\u0131 s\u0131ras\u0131nda Filipinler\u2019deki Lubang Adas\u0131\u2019nda g\u00f6revlendirilen ve imparatorluk ordusu d\u00f6nene kadar ne pahas\u0131na olursa olsun aday\u0131 savunmaktan vazge\u00e7memesi s\u00f6ylenen Japon askeri Onoda, Don Quijote\u2019vari m\u00fccadelesinde pes etmek bilmeden aylarca, y\u0131llarca, on y\u0131llarca direnir. Sava\u015f\u0131n \u00e7oktan bitti\u011finden ve d\u00fcnyadaki geli\u015fmelerden tamamen habersiz olan askerin, zamanla dilini \u00e7\u00f6zd\u00fc\u011f\u00fc ormanda sab\u0131rla bekledi\u011fi tek bir haber vard\u0131r: Japonya\u2019n\u0131n zaferi.   G\u00f6revlendirildi\u011fi adada y\u0131lmadan 29 y\u0131l ge\u00e7iren asker Onoda\u2019n\u0131n filmlere ve kitaplara bir\u00e7ok kez konu olan ger\u00e7ek hik\u00e2yesini bu kez b\u00fcy\u00fck sinemac\u0131 Werner Herzog anlat\u0131yor.   \u201cMuhte\u015fem bir ilk roman.\u201d The New Yorker   \u201cTitizlikle yaz\u0131lm\u0131\u015f lirik bir hik\u00e2ye\u2026 Herzog, ba\u015f d\u00f6nd\u00fcr\u00fcc\u00fc ger\u00e7eklere y\u00f6nelik hummal\u0131 aray\u0131\u015f\u0131nda, okurlara insan\u0131n \u00e7\u0131lg\u0131nl\u0131\u011f\u0131na, \u00f6zdisiplinine ve tahakk\u00fcm\u00fcne a\u00e7\u0131lan bir kap\u0131 sunuyor \u2013 kesinlikle hayat\u0131n\u0131n eseri.\u201d The Washington Post   \u201cAlan\u0131 dar ama verimli bu t\u00fcr\u00fcn ustas\u0131ndan, saplant\u0131dan delili\u011fe varan \u00e7arp\u0131c\u0131 bir \u00f6yk\u00fc.\u201d Kirkus Reviews <\/p>\n","protected":false},"excerpt":{"rendered":"<p>Ba\u015far\u0131l\u0131 y\u00f6netmen Werner Herzog 1997\u2019de Chushingura adl\u0131 operay\u0131 sahnelemek i\u00e7in Tokyo\u2019ya gider. \u0130kinci D\u00fcnya Sava\u015f\u0131 s\u0131ras\u0131nda Filipinler\u2019deki Lubang Adas\u0131\u2019nda g\u00f6revlendirilen ve imparatorluk ordusu d\u00f6nene kadar ne<span class=\"excerpt-hellip\"> [\u2026]<\/span><\/p>\n","protected":false},"featured_media":0,"template":"","meta":{"_monsterinsights_skip_tracking":false,"_monsterinsights_sitenote_active":false,"_monsterinsights_sitenote_note":"","_monsterinsights_sitenote_category":0},"product_brand":[],"product_cat":[12782,12291],"product_tag":[],"class_list":{"0":"post-758508","1":"product","2":"type-product","3":"status-publish","5":"product_cat-alman-edebiyati","6":"product_cat-edebiyat","7":"pa_cilt-ciltsiz","8":"pa_tur-kitap","9":"pa_yayinevi-can-yayinlari","10":"pa_yazar-werner-herzog","12":"first","13":"instock","14":"sale","15":"shipping-taxable","16":"purchasable","17":"product-type-simple"},"_links":{"self":[{"href":"https:\/\/roveyayinevi.com.tr\/index.php\/wp-json\/wp\/v2\/product\/758508","targetHints":{"allow":["GET"]}}],"collection":[{"href":"https:\/\/roveyayinevi.com.tr\/index.php\/wp-json\/wp\/v2\/product"}],"about":[{"href":"https:\/\/roveyayinevi.com.tr\/index.php\/wp-json\/wp\/v2\/types\/product"}],"wp:attachment":[{"href":"https:\/\/roveyayinevi.com.tr\/index.php\/wp-json\/wp\/v2\/media?parent=758508"}],"wp:term":[{"taxonomy":"product_brand","embeddable":true,"href":"https:\/\/roveyayinevi.com.tr\/index.php\/wp-json\/wp\/v2\/product_brand?post=758508"},{"taxonomy":"product_cat","embeddable":true,"href":"https:\/\/roveyayinevi.com.tr\/index.php\/wp-json\/wp\/v2\/product_cat?post=758508"},{"taxonomy":"product_tag","embeddable":true,"href":"https:\/\/roveyayinevi.com.tr\/index.php\/wp-json\/wp\/v2\/product_tag?post=758508"}],"curies":[{"name":"wp","href":"https:\/\/api.w.org\/{rel}","templated":true}]}}