{"id":758507,"date":"2025-08-28T08:06:51","date_gmt":"2025-08-28T05:06:51","guid":{"rendered":"https:\/\/roveyayinevi.com.tr\/index.php\/urun\/kucuk-insanlar-icin-buyuk-sozler-nezaket-ciltli\/"},"modified":"2026-04-16T03:11:26","modified_gmt":"2026-04-16T00:11:26","slug":"kucuk-insanlar-icin-buyuk-sozler-nezaket-ciltli","status":"publish","type":"product","link":"https:\/\/roveyayinevi.com.tr\/index.php\/urun\/kucuk-insanlar-icin-buyuk-sozler-nezaket-ciltli\/","title":{"rendered":"K\u00fc\u00e7\u00fck \u0130nsanlar \u0130\u00e7in B\u00fcy\u00fck S\u00f6zler: Nezaket (Ciltli)"},"content":{"rendered":"<p>Kalbimiz Burada At\u0131yor   Nazik olmak ne demek hi\u00e7 merak ettin mi? Bu kitap, d\u00fcnyam\u0131z\u0131 nezaketle doldurmak i\u00e7in ihtiyac\u0131n olan, g\u00fcndelik dilimizdeki s\u00f6zc\u00fckleri sana sunarak hislerini anlamana yard\u0131m edecek. <\/p>\n","protected":false},"excerpt":{"rendered":"<p>Kalbimiz Burada At\u0131yor Nazik olmak ne demek hi\u00e7 merak ettin mi? Bu kitap, d\u00fcnyam\u0131z\u0131 nezaketle doldurmak i\u00e7in ihtiyac\u0131n olan, g\u00fcndelik dilimizdeki s\u00f6zc\u00fckleri sana sunarak hislerini anlamana<span class=\"excerpt-hellip\"> [\u2026]<\/span><\/p>\n","protected":false},"featured_media":0,"template":"","meta":{"_monsterinsights_skip_tracking":false,"_monsterinsights_sitenote_active":false,"_monsterinsights_sitenote_note":"","_monsterinsights_sitenote_category":0},"product_brand":[],"product_cat":[12274,12518],"product_tag":[],"class_list":{"0":"post-758507","1":"product","2":"type-product","3":"status-publish","5":"product_cat-cocuk-ve-genclik-kitaplari","6":"product_cat-okul-oncesi-kitaplar","7":"pa_cilt-ciltli","8":"pa_tur-kitap","9":"pa_yayinevi-mundi","10":"pa_yazar-helena-mortimer","12":"first","13":"instock","14":"sale","15":"shipping-taxable","16":"purchasable","17":"product-type-simple"},"_links":{"self":[{"href":"https:\/\/roveyayinevi.com.tr\/index.php\/wp-json\/wp\/v2\/product\/758507","targetHints":{"allow":["GET"]}}],"collection":[{"href":"https:\/\/roveyayinevi.com.tr\/index.php\/wp-json\/wp\/v2\/product"}],"about":[{"href":"https:\/\/roveyayinevi.com.tr\/index.php\/wp-json\/wp\/v2\/types\/product"}],"wp:attachment":[{"href":"https:\/\/roveyayinevi.com.tr\/index.php\/wp-json\/wp\/v2\/media?parent=758507"}],"wp:term":[{"taxonomy":"product_brand","embeddable":true,"href":"https:\/\/roveyayinevi.com.tr\/index.php\/wp-json\/wp\/v2\/product_brand?post=758507"},{"taxonomy":"product_cat","embeddable":true,"href":"https:\/\/roveyayinevi.com.tr\/index.php\/wp-json\/wp\/v2\/product_cat?post=758507"},{"taxonomy":"product_tag","embeddable":true,"href":"https:\/\/roveyayinevi.com.tr\/index.php\/wp-json\/wp\/v2\/product_tag?post=758507"}],"curies":[{"name":"wp","href":"https:\/\/api.w.org\/{rel}","templated":true}]}}