{"id":758502,"date":"2025-08-28T08:06:42","date_gmt":"2025-08-28T05:06:42","guid":{"rendered":"https:\/\/roveyayinevi.com.tr\/index.php\/urun\/serefe-sanat-sanatcilar-ve-bilinmeyen-hayatlari-kokteyller-ve-tarifleri\/"},"modified":"2026-04-16T03:11:26","modified_gmt":"2026-04-16T00:11:26","slug":"serefe-sanat-sanatcilar-ve-bilinmeyen-hayatlari-kokteyller-ve-tarifleri","status":"publish","type":"product","link":"https:\/\/roveyayinevi.com.tr\/index.php\/urun\/serefe-sanat-sanatcilar-ve-bilinmeyen-hayatlari-kokteyller-ve-tarifleri\/","title":{"rendered":"\u015eerefe Sanat- Sanat\u00e7\u0131lar ve Bilinmeyen Hayatlar\u0131 Kokteyller ve Tarifleri"},"content":{"rendered":"<p>Tarihin en bilinen sanat\u00e7\u0131lar\u0131n\u0131n az bilinen, samimi hik\u00e2yeleri ile onlar\u0131 en iyi anlatan, ilham ve keyif veren kokteyllerin bulu\u015fmas\u0131\u2026   B\u00fct\u00fcn bunlara e\u015flik eden ve \u00e2deta zihnimizdeki atmosferi tamamlayan leziz m\u00fczikler\u2026   \u015eerefe Sanat, titiz ara\u015ft\u0131rmalar\u0131, mek\u00e2nlar\u0131, \u00e7e\u015fitli alkol ve aromalar\u0131 bir araya getiren; hem g\u00f6ze hem de dama\u011fa hitap eden keyifli bir \u00e7al\u0131\u015fma. <\/p>\n","protected":false},"excerpt":{"rendered":"<p>Tarihin en bilinen sanat\u00e7\u0131lar\u0131n\u0131n az bilinen, samimi hik\u00e2yeleri ile onlar\u0131 en iyi anlatan, ilham ve keyif veren kokteyllerin bulu\u015fmas\u0131\u2026 B\u00fct\u00fcn bunlara e\u015flik eden ve \u00e2deta zihnimizdeki<span class=\"excerpt-hellip\"> [\u2026]<\/span><\/p>\n","protected":false},"featured_media":0,"template":"","meta":{"_monsterinsights_skip_tracking":false,"_monsterinsights_sitenote_active":false,"_monsterinsights_sitenote_note":"","_monsterinsights_sitenote_category":0},"product_brand":[],"product_cat":[44608,12408],"product_tag":[],"class_list":{"0":"post-758502","1":"product","2":"type-product","3":"status-publish","5":"product_cat-diger-sanat","6":"product_cat-sanat","7":"pa_cilt-ciltsiz","8":"pa_tur-kitap","9":"pa_yayinevi-akil-celen-kitaplar","10":"pa_yazar-ceylin-torgay","12":"first","13":"instock","14":"sale","15":"shipping-taxable","16":"purchasable","17":"product-type-simple"},"_links":{"self":[{"href":"https:\/\/roveyayinevi.com.tr\/index.php\/wp-json\/wp\/v2\/product\/758502","targetHints":{"allow":["GET"]}}],"collection":[{"href":"https:\/\/roveyayinevi.com.tr\/index.php\/wp-json\/wp\/v2\/product"}],"about":[{"href":"https:\/\/roveyayinevi.com.tr\/index.php\/wp-json\/wp\/v2\/types\/product"}],"wp:attachment":[{"href":"https:\/\/roveyayinevi.com.tr\/index.php\/wp-json\/wp\/v2\/media?parent=758502"}],"wp:term":[{"taxonomy":"product_brand","embeddable":true,"href":"https:\/\/roveyayinevi.com.tr\/index.php\/wp-json\/wp\/v2\/product_brand?post=758502"},{"taxonomy":"product_cat","embeddable":true,"href":"https:\/\/roveyayinevi.com.tr\/index.php\/wp-json\/wp\/v2\/product_cat?post=758502"},{"taxonomy":"product_tag","embeddable":true,"href":"https:\/\/roveyayinevi.com.tr\/index.php\/wp-json\/wp\/v2\/product_tag?post=758502"}],"curies":[{"name":"wp","href":"https:\/\/api.w.org\/{rel}","templated":true}]}}