{"id":758501,"date":"2025-08-28T08:06:41","date_gmt":"2025-08-28T05:06:41","guid":{"rendered":"https:\/\/roveyayinevi.com.tr\/index.php\/urun\/arkasya-gunlukleri\/"},"modified":"2026-04-16T03:11:26","modified_gmt":"2026-04-16T00:11:26","slug":"arkasya-gunlukleri","status":"publish","type":"product","link":"https:\/\/roveyayinevi.com.tr\/index.php\/urun\/arkasya-gunlukleri\/","title":{"rendered":"Arkasya G\u00fcnl\u00fckleri"},"content":{"rendered":"<p>\u201cY\u00fcz y\u0131lda bir gelen B\u00fcy\u00fck Arkasya Sava\u015f\u0131\u201d Arkasya d\u00fcnyas\u0131nda bir sava\u015f\u00e7\u0131 ve gardiyan\u0131n birbirini bulmas\u0131 kader olarak tan\u0131mlanabilirdi. Lara i\u00e7in Rafael\u2019in de hayat\u0131na d\u00e2hil olmas\u0131yla bu d\u00fcnya farkl\u0131 \u015feyler ifade etmeye ba\u015flar. 100 y\u0131lda bir gelen b\u00fcy\u00fck Arkasya sava\u015f\u0131n\u0131n merkezinde kendisini bulan Lara, t\u00fcm gizemli ge\u00e7mi\u015fi, s\u0131rlarla dolu karanl\u0131k bir gelece\u011fe do\u011fru y\u00fcr\u00fcmek i\u00e7in yola koyulacakt\u0131r. Lara bu y\u00fcr\u00fcy\u00fc\u015f\u00fc ve beraberinde gelen aksiyon dolu s\u00fcreci ya\u015farken hayatta kalmak i\u00e7in en yak\u0131nlar\u0131na bile g\u00fcvenmekte zorlanacakt\u0131r. Gizemli bir d\u00fcnya, aksiyon, a\u015fk&#8230; Hepsi tek bir \u00f6yk\u00fcde, Arkasya\u2019n\u0131n kap\u0131lar\u0131 ard\u0131nda. <\/p>\n","protected":false},"excerpt":{"rendered":"<p>\u201cY\u00fcz y\u0131lda bir gelen B\u00fcy\u00fck Arkasya Sava\u015f\u0131\u201d Arkasya d\u00fcnyas\u0131nda bir sava\u015f\u00e7\u0131 ve gardiyan\u0131n birbirini bulmas\u0131 kader olarak tan\u0131mlanabilirdi. Lara i\u00e7in Rafael\u2019in de hayat\u0131na d\u00e2hil olmas\u0131yla bu<span class=\"excerpt-hellip\"> [\u2026]<\/span><\/p>\n","protected":false},"featured_media":0,"template":"","meta":{"_monsterinsights_skip_tracking":false,"_monsterinsights_sitenote_active":false,"_monsterinsights_sitenote_note":"","_monsterinsights_sitenote_category":0},"product_brand":[],"product_cat":[12291,14777],"product_tag":[],"class_list":{"0":"post-758501","1":"product","2":"type-product","3":"status-publish","5":"product_cat-edebiyat","6":"product_cat-fantastik","7":"pa_cilt-ciltsiz","8":"pa_tur-kitap","9":"pa_yayinevi-hayat-yayinlari","10":"pa_yazar-zumrut-tanrioven","12":"first","13":"instock","14":"sale","15":"shipping-taxable","16":"purchasable","17":"product-type-simple"},"_links":{"self":[{"href":"https:\/\/roveyayinevi.com.tr\/index.php\/wp-json\/wp\/v2\/product\/758501","targetHints":{"allow":["GET"]}}],"collection":[{"href":"https:\/\/roveyayinevi.com.tr\/index.php\/wp-json\/wp\/v2\/product"}],"about":[{"href":"https:\/\/roveyayinevi.com.tr\/index.php\/wp-json\/wp\/v2\/types\/product"}],"wp:attachment":[{"href":"https:\/\/roveyayinevi.com.tr\/index.php\/wp-json\/wp\/v2\/media?parent=758501"}],"wp:term":[{"taxonomy":"product_brand","embeddable":true,"href":"https:\/\/roveyayinevi.com.tr\/index.php\/wp-json\/wp\/v2\/product_brand?post=758501"},{"taxonomy":"product_cat","embeddable":true,"href":"https:\/\/roveyayinevi.com.tr\/index.php\/wp-json\/wp\/v2\/product_cat?post=758501"},{"taxonomy":"product_tag","embeddable":true,"href":"https:\/\/roveyayinevi.com.tr\/index.php\/wp-json\/wp\/v2\/product_tag?post=758501"}],"curies":[{"name":"wp","href":"https:\/\/api.w.org\/{rel}","templated":true}]}}