{"id":758500,"date":"2025-08-28T08:06:39","date_gmt":"2025-08-28T05:06:39","guid":{"rendered":"https:\/\/roveyayinevi.com.tr\/index.php\/urun\/aynanin-ici-aynanin-disina-karsi\/"},"modified":"2026-04-16T03:11:26","modified_gmt":"2026-04-16T00:11:26","slug":"aynanin-ici-aynanin-disina-karsi","status":"publish","type":"product","link":"https:\/\/roveyayinevi.com.tr\/index.php\/urun\/aynanin-ici-aynanin-disina-karsi\/","title":{"rendered":"Aynan\u0131n \u0130\u00e7i, Aynan\u0131n D\u0131\u015f\u0131na Kar\u015f\u0131"},"content":{"rendered":"<p>Attil\u00e2 \u0130lhan, T\u00fcrkiye Cumhuriyeti k\u00fclt\u00fcr ge\u00e7mi\u015fini, kendisinin de bir \u00f6m\u00fcr yak\u0131ndan tan\u0131\u011f\u0131 oldu\u011fu s\u0131n\u0131flar \u00e7at\u0131\u015fmas\u0131n\u0131n ve sosyal karma\u015fan\u0131n en ince ayr\u0131nt\u0131lar\u0131n\u0131, farkl\u0131 yaz\u0131n t\u00fcrlerinin parodilerini de katarak, yap\u0131tlar\u0131n\u0131n sayfalar\u0131na, hem de reng\u00e2renk bir yelpaze i\u00e7inden farkl\u0131 bak\u0131\u015f a\u00e7\u0131lar\u0131n\u0131 yan yana tutarak aktarmay\u0131 ba\u015farm\u0131\u015f \u00e7ok \u00f6nemli bir romanc\u0131d\u0131r\u2026 Bir yandan \u201caynan\u0131n i\u00e7inde\u201d g\u00f6rd\u00fcklerini romanlar\u0131 arac\u0131l\u0131\u011f\u0131yla duygusal arka planlarda \u00e7o\u011falt\u0131p k\u00fclt\u00fcr\u00fcm\u00fcze katarken, bir yandan da \u201cac\u0131lar ve an\u0131lar\u201d k\u0131sm\u0131na ge\u00e7ip tan\u0131\u011f\u0131 oldu\u011fu toplumsal olaylar\u0131, d\u00fcnyadaki siyasal geli\u015fmeleri geni\u015f okuma birikimi ve i\u00e7inde oldu\u011fu kuramsal tart\u0131\u015fmalar \u0131\u015f\u0131\u011f\u0131nda, kendi \u00f6zg\u00fcn bak\u0131\u015f a\u00e7\u0131s\u0131yla yorumlamaya \u00e7al\u0131\u015fm\u0131\u015ft\u0131r. Attil\u00e2 \u0130lhan\u2019\u0131n bu iki yan\u0131 aras\u0131nda, romanc\u0131 ile yorumcu ve siyasal ele\u015ftirmen Attil\u00e2 \u0130lhan aras\u0131nda \u00f6nemli bir ayr\u0131l\u0131k do\u011fmu\u015f gibidir. Attil\u00e2 \u0130lhan, siyasal ve kuramsal yorumlar\u0131nda, romanlar\u0131ndaki o \u00e7o\u011ful bak\u0131\u015f a\u00e7\u0131s\u0131n\u0131n gerisine d\u00fc\u015fm\u00fc\u015f gibi g\u00f6r\u00fcn\u00fcr\u2026 Belki de, d\u00fc\u015f\u00fcn\u00fcr ve siyasal eylem insan\u0131 Attil\u00e2 \u0130lhan, romanlar\u0131ndaki, kendi deyimiyle \u201ckendi biyografyalar\u0131n\u0131 kendileri yazan\u201d kahramanlar\u0131 kadar geni\u015f bir bak\u0131\u015f a\u00e7\u0131s\u0131na sahip olamam\u0131\u015f, ya da bir\u00e7ok \u00f6nemli konuda g\u00f6rebildi\u011finden \u00f6tesini g\u00f6rmek istememi\u015f bir ba\u015fka ki\u015filik olarak \u00e7\u0131kar sanki kar\u015f\u0131m\u0131za. Bu \u00e7al\u0131\u015fma, onun romanc\u0131l\u0131\u011f\u0131yla d\u00fc\u015f\u00fcn insanl\u0131\u011f\u0131n\u0131, kendince ideolojik \u00f6nermelerini birbirinden ayr\u0131 tutmak ve birbirleriyle kar\u015f\u0131la\u015ft\u0131rmak zorunda kald\u0131\u2026 Romana do\u011fru girmi\u015fti Attil\u00e2 \u0130lhan, h\u0131zla yol ald\u0131; kanatland\u0131, ufuklar a\u00e7t\u0131; roman d\u0131\u015f\u0131na \u00e7\u0131k\u0131p, k\u00fclt\u00fcr tarihimizi kendi bak\u0131\u015f a\u00e7\u0131s\u0131yla kuramsal olarak toparlamaya \u00e7al\u0131\u015f\u0131rken de bir\u00e7ok yerde yavanda ve yanl\u0131\u015fta kald\u0131\u2026<\/p>\n","protected":false},"excerpt":{"rendered":"<p>Attil\u00e2 \u0130lhan, T\u00fcrkiye Cumhuriyeti k\u00fclt\u00fcr ge\u00e7mi\u015fini, kendisinin de bir \u00f6m\u00fcr yak\u0131ndan tan\u0131\u011f\u0131 oldu\u011fu s\u0131n\u0131flar \u00e7at\u0131\u015fmas\u0131n\u0131n ve sosyal karma\u015fan\u0131n en ince ayr\u0131nt\u0131lar\u0131n\u0131, farkl\u0131 yaz\u0131n t\u00fcrlerinin parodilerini de<span class=\"excerpt-hellip\"> [\u2026]<\/span><\/p>\n","protected":false},"featured_media":0,"template":"","meta":{"_monsterinsights_skip_tracking":false,"_monsterinsights_sitenote_active":false,"_monsterinsights_sitenote_note":"","_monsterinsights_sitenote_category":0},"product_brand":[],"product_cat":[12291,12610],"product_tag":[],"class_list":{"0":"post-758500","1":"product","2":"type-product","3":"status-publish","5":"product_cat-edebiyat","6":"product_cat-elestiri-inceleme-kuram","7":"pa_cilt-ciltsiz","8":"pa_tur-kitap","9":"pa_yayinevi-abis-yayincilik","10":"pa_yazar-alper-akcam","12":"first","13":"instock","14":"sale","15":"shipping-taxable","16":"purchasable","17":"product-type-simple"},"_links":{"self":[{"href":"https:\/\/roveyayinevi.com.tr\/index.php\/wp-json\/wp\/v2\/product\/758500","targetHints":{"allow":["GET"]}}],"collection":[{"href":"https:\/\/roveyayinevi.com.tr\/index.php\/wp-json\/wp\/v2\/product"}],"about":[{"href":"https:\/\/roveyayinevi.com.tr\/index.php\/wp-json\/wp\/v2\/types\/product"}],"wp:attachment":[{"href":"https:\/\/roveyayinevi.com.tr\/index.php\/wp-json\/wp\/v2\/media?parent=758500"}],"wp:term":[{"taxonomy":"product_brand","embeddable":true,"href":"https:\/\/roveyayinevi.com.tr\/index.php\/wp-json\/wp\/v2\/product_brand?post=758500"},{"taxonomy":"product_cat","embeddable":true,"href":"https:\/\/roveyayinevi.com.tr\/index.php\/wp-json\/wp\/v2\/product_cat?post=758500"},{"taxonomy":"product_tag","embeddable":true,"href":"https:\/\/roveyayinevi.com.tr\/index.php\/wp-json\/wp\/v2\/product_tag?post=758500"}],"curies":[{"name":"wp","href":"https:\/\/api.w.org\/{rel}","templated":true}]}}