{"id":758499,"date":"2025-08-28T08:06:38","date_gmt":"2025-08-28T05:06:38","guid":{"rendered":"https:\/\/roveyayinevi.com.tr\/index.php\/urun\/kozmetik-mi-zehir-mi\/"},"modified":"2026-04-16T03:11:26","modified_gmt":"2026-04-16T00:11:26","slug":"kozmetik-mi-zehir-mi","status":"publish","type":"product","link":"https:\/\/roveyayinevi.com.tr\/index.php\/urun\/kozmetik-mi-zehir-mi\/","title":{"rendered":"Kozmetik mi Zehir mi?"},"content":{"rendered":"<p>Kozmetik mi Zehir mi? kitab\u0131 g\u00fczellik ve gen\u00e7lik vaatleri alt\u0131nda renklerle, kimyasallarla ve kokularla bizi \u00e7evreleyen, bug\u00fcnk\u00fc ve gelecekteki sa\u011fl\u0131\u011f\u0131m\u0131z\u0131 bozan, b\u00fcy\u00fck \u00e7apl\u0131 firmalar\u0131n hegemonyas\u0131na bir ba\u015fkald\u0131r\u0131d\u0131r.   Ne yaz\u0131k ki h\u00e2l\u00e2 kozmetiklerdeki kimyasallar g\u00f6z ard\u0131 ediliyor. Oysa en az g\u0131dalar hatta onlardan bile fazla kozmetiklerin i\u00e7eri\u011fine dikkat etmemiz gerekiyor. Dr. Didem N. G\u00fclmez\u2019in kaleme ald\u0131\u011f\u0131 Kozmetik mi Zehir mi? kitab\u0131 fark\u0131ndal\u0131\u011f\u0131n\u0131z\u0131 artt\u0131rma ve \u00e7\u0131kt\u0131\u011f\u0131n\u0131z kimyasals\u0131z ya\u015fam yolculu\u011funda yolunuzu ayd\u0131nlatma amac\u0131n\u0131 ta\u015f\u0131yor. Bedeninizi \u00e7\u00f6p kutusu misali toksinlerle doldurman\u0131n onlarca hastal\u0131\u011f\u0131n kap\u0131s\u0131n\u0131 aralad\u0131\u011f\u0131n\u0131 bilmenin art\u0131k zaman\u0131 geldi de ge\u00e7iyor.   Bu kitab\u0131 al\u0131\u015fveri\u015f yaparken elinizde bir rehber olmas\u0131 i\u00e7in kullanabilir, hayat\u0131n\u0131za kimyasals\u0131z bir ba\u015flang\u0131\u00e7 i\u00e7in ba\u015fucu kitab\u0131 olarak ekleyebilir ya da yaln\u0131zca fark\u0131ndal\u0131k i\u00e7in okuyabilirsiniz. Fark\u0131ndal\u0131\u011f\u0131n\u0131z artt\u0131k\u00e7a d\u00fcnyay\u0131 de\u011fi\u015ftirecek g\u00fcce sahip olaca\u011f\u0131n\u0131z\u0131 da unutmay\u0131n.   Kozmetik mi Zehir mi? kitab\u0131n\u0131 okurken bilginin muhte\u015fem b\u00fcy\u00fcs\u00fcne kap\u0131lacak, \u015fa\u015f\u0131racak ve uzun ya\u015fam yolculu\u011funuzda rotan\u0131z\u0131 yeniden olu\u015fturacaks\u0131n\u0131z.   Do\u011fal cilt bak\u0131m \u00f6nerileri   Etiket okuma fark\u0131ndal\u0131\u011f\u0131   Kimyasals\u0131z ya\u015famak m\u00fcmk\u00fcn   Do\u011fal cilt bak\u0131m \u00f6nerileri   Etiket okuma fark\u0131ndal\u0131\u011f\u0131   Kimyasals\u0131z ya\u015famak m\u00fcmk\u00fcn<\/p>\n","protected":false},"excerpt":{"rendered":"<p>Kozmetik mi Zehir mi? kitab\u0131 g\u00fczellik ve gen\u00e7lik vaatleri alt\u0131nda renklerle, kimyasallarla ve kokularla bizi \u00e7evreleyen, bug\u00fcnk\u00fc ve gelecekteki sa\u011fl\u0131\u011f\u0131m\u0131z\u0131 bozan, b\u00fcy\u00fck \u00e7apl\u0131 firmalar\u0131n hegemonyas\u0131na bir<span class=\"excerpt-hellip\"> [\u2026]<\/span><\/p>\n","protected":false},"featured_media":0,"template":"","meta":{"_monsterinsights_skip_tracking":false,"_monsterinsights_sitenote_active":false,"_monsterinsights_sitenote_note":"","_monsterinsights_sitenote_category":0},"product_brand":[],"product_cat":[13365],"product_tag":[],"class_list":{"0":"post-758499","1":"product","2":"type-product","3":"status-publish","5":"product_cat-saglik","6":"pa_cilt-ciltsiz","7":"pa_tur-kitap","8":"pa_yayinevi-nemesis-kitap","9":"pa_yazar-didem-n-gulmez","11":"first","12":"instock","13":"sale","14":"shipping-taxable","15":"purchasable","16":"product-type-simple"},"_links":{"self":[{"href":"https:\/\/roveyayinevi.com.tr\/index.php\/wp-json\/wp\/v2\/product\/758499","targetHints":{"allow":["GET"]}}],"collection":[{"href":"https:\/\/roveyayinevi.com.tr\/index.php\/wp-json\/wp\/v2\/product"}],"about":[{"href":"https:\/\/roveyayinevi.com.tr\/index.php\/wp-json\/wp\/v2\/types\/product"}],"wp:attachment":[{"href":"https:\/\/roveyayinevi.com.tr\/index.php\/wp-json\/wp\/v2\/media?parent=758499"}],"wp:term":[{"taxonomy":"product_brand","embeddable":true,"href":"https:\/\/roveyayinevi.com.tr\/index.php\/wp-json\/wp\/v2\/product_brand?post=758499"},{"taxonomy":"product_cat","embeddable":true,"href":"https:\/\/roveyayinevi.com.tr\/index.php\/wp-json\/wp\/v2\/product_cat?post=758499"},{"taxonomy":"product_tag","embeddable":true,"href":"https:\/\/roveyayinevi.com.tr\/index.php\/wp-json\/wp\/v2\/product_tag?post=758499"}],"curies":[{"name":"wp","href":"https:\/\/api.w.org\/{rel}","templated":true}]}}