{"id":758495,"date":"2025-08-28T08:06:29","date_gmt":"2025-08-28T05:06:29","guid":{"rendered":"https:\/\/roveyayinevi.com.tr\/index.php\/urun\/duvarlar-2\/"},"modified":"2026-04-13T03:18:41","modified_gmt":"2026-04-13T00:18:41","slug":"duvarlar-2","status":"publish","type":"product","link":"https:\/\/roveyayinevi.com.tr\/index.php\/urun\/duvarlar-2\/","title":{"rendered":"Duvarlar"},"content":{"rendered":"<p>\u201cD\u00fcnyan\u0131n en b\u00fcy\u00fck yoku\u015fu insan\u0131n kendisi&#8230;\u201d   Caner Almaz, ilk roman\u0131 Ya\u015famaklar\u2019da, k\u0131r\u0131lgan bir inan\u00e7la birbirine tutunan Kenan ve F\u00fcsun\u2019un \u201chayat\u0131 atlatma\u201d \u00e7abas\u0131na ortak etmi\u015fti okurunu. \u015eimdi Duvarlar ile hik\u00e2yenin ba\u015f\u0131na, sahnenin gerisine, 1970\u2019li y\u0131llara uzan\u0131yor. Bir ku\u015fak \u00f6nce, yak\u0131n tarihimizin ac\u0131lar\u0131 aras\u0131nda kendi yollar\u0131n\u0131 y\u00fcr\u00fcy\u00fcp kendi se\u00e7imlerini yapan Halil, Birg\u00fcl, Aysel ve O\u011fuz\u2019un omuzlar\u0131ndaki y\u00fcke incelikli ama serinkanl\u0131 bir \u00fcslupla ses veren Caner Almaz, a\u015fk, dostluk, dayan\u0131\u015fma, idealler ve ihanetle s\u0131nanan yorgun bir ku\u015fa\u011f\u0131n \u00f6yk\u00fcs\u00fcn\u00fc anlat\u0131yor: \u201cUmutlar\u0131n toplam\u0131 ge\u00e7mi\u015fin y\u00fck\u00fcn\u00fc s\u0131rtlayabilir mi?\u201d   Paketten birer sigara daha al\u0131yoruz. Evin kap\u0131s\u0131na bak\u0131yorum: Boyas\u0131, cilas\u0131 kavlam\u0131\u015f. Dam\u0131 rutubetten kabarm\u0131\u015f evi izliyorum. Ev, diyorum, insan\u0131n mutlu oldu\u011fu yer. Birka\u00e7 saat \u00f6nce evsizdim, \u015fimdi huzurla rutubetli dama bak\u0131yorum. \u0130nsan\u0131n evi Halil, mutlu oldu\u011fu yer.<\/p>\n","protected":false},"excerpt":{"rendered":"<p>\u201cD\u00fcnyan\u0131n en b\u00fcy\u00fck yoku\u015fu insan\u0131n kendisi&#8230;\u201d Caner Almaz, ilk roman\u0131 Ya\u015famaklar\u2019da, k\u0131r\u0131lgan bir inan\u00e7la birbirine tutunan Kenan ve F\u00fcsun\u2019un \u201chayat\u0131 atlatma\u201d \u00e7abas\u0131na ortak etmi\u015fti okurunu. \u015eimdi<span class=\"excerpt-hellip\"> [\u2026]<\/span><\/p>\n","protected":false},"featured_media":0,"template":"","meta":{"_monsterinsights_skip_tracking":false,"_monsterinsights_sitenote_active":false,"_monsterinsights_sitenote_note":"","_monsterinsights_sitenote_category":0},"product_brand":[],"product_cat":[12291,12711],"product_tag":[],"class_list":{"0":"post-758495","1":"product","2":"type-product","3":"status-publish","5":"product_cat-edebiyat","6":"product_cat-roman-oyku","7":"pa_cilt-ciltsiz","8":"pa_tur-kitap","9":"pa_yayinevi-everest-yayinlari","10":"pa_yazar-caner-almaz","12":"first","13":"instock","14":"sale","15":"shipping-taxable","16":"purchasable","17":"product-type-simple"},"_links":{"self":[{"href":"https:\/\/roveyayinevi.com.tr\/index.php\/wp-json\/wp\/v2\/product\/758495","targetHints":{"allow":["GET"]}}],"collection":[{"href":"https:\/\/roveyayinevi.com.tr\/index.php\/wp-json\/wp\/v2\/product"}],"about":[{"href":"https:\/\/roveyayinevi.com.tr\/index.php\/wp-json\/wp\/v2\/types\/product"}],"wp:attachment":[{"href":"https:\/\/roveyayinevi.com.tr\/index.php\/wp-json\/wp\/v2\/media?parent=758495"}],"wp:term":[{"taxonomy":"product_brand","embeddable":true,"href":"https:\/\/roveyayinevi.com.tr\/index.php\/wp-json\/wp\/v2\/product_brand?post=758495"},{"taxonomy":"product_cat","embeddable":true,"href":"https:\/\/roveyayinevi.com.tr\/index.php\/wp-json\/wp\/v2\/product_cat?post=758495"},{"taxonomy":"product_tag","embeddable":true,"href":"https:\/\/roveyayinevi.com.tr\/index.php\/wp-json\/wp\/v2\/product_tag?post=758495"}],"curies":[{"name":"wp","href":"https:\/\/api.w.org\/{rel}","templated":true}]}}