{"id":758493,"date":"2025-08-28T08:06:25","date_gmt":"2025-08-28T05:06:25","guid":{"rendered":"https:\/\/roveyayinevi.com.tr\/index.php\/urun\/lanetli-lutuf\/"},"modified":"2026-04-16T03:11:25","modified_gmt":"2026-04-16T00:11:25","slug":"lanetli-lutuf","status":"publish","type":"product","link":"https:\/\/roveyayinevi.com.tr\/index.php\/urun\/lanetli-lutuf\/","title":{"rendered":"Lanetli L\u00fctuf"},"content":{"rendered":"<p>\u00dc\u00e7 nik\u00e2h.Alessa Paladino\u2019ya bah\u015fedilen lanetli l\u00fctuf, dokundu\u011fu her talibi \u00f6ld\u00fcr\u00fcr.Ve \u00fc\u00e7 cenaze. A\u00e7 bir iblis s\u00fcr\u00fcs\u00fcn\u00fcn Alessa\u2019n\u0131n ya\u015fad\u0131\u011f\u0131 aday\u0131 yok etmesine yaln\u0131zca haftalar kalm\u0131\u015ft\u0131r. Gen\u00e7 k\u0131z bir ortak bulmak ve \u00fclkesini bu istiladankorumak zorundad\u0131r. Adan\u0131n en g\u00fc\u00e7l\u00fc rahiplerinden biri, halk\u0131 tek kurtulu\u015f umudunun Alessa\u2019y\u0131 feda etmek oldu\u011funa ikna eder.Kendi askerleri ona suikast d\u00fczenlemeye \u00e7al\u0131\u015f\u0131r, art\u0131k Alessa\u2019n\u0131n can g\u00fcvenli\u011fi kalmam\u0131\u015ft\u0131r. \u00c7aresiz kalan Alessa, ki\u015fisel korumas\u0131 olmas\u0131 i\u00e7in katil olarak mimlenmi\u015f,alayc\u0131 serseri Dante\u2019yi i\u015fe al\u0131r. \u0130syan, kap\u0131lar\u0131n d\u0131\u015f\u0131nda patlarken, Dante\u2019nin karanl\u0131k s\u0131rlar\u0131 en b\u00fcy\u00fck ihanet olmaya adayd\u0131r. Alessa\u2019n\u0131n hem hayat\u0131n\u0131n hem de kalbinin anahtar\u0131na sahip olan Dante, gen\u00e7 k\u0131z\u0131n yetene\u011fine h\u00e2kim olmas\u0131na yard\u0131m edebilecek midir? Emily Thiede\u2019in heyecan verici ilk fantastik roman\u0131 Lanetli L\u00fctuf, okurlara hem s\u00fcr\u00fckleyici bir macera hem de b\u00fcy\u00fcleyicibir a\u015fk hik\u00e2yesi vadediyor.  *  \u201cOkurlar, Alessa\u2019n\u0131n g\u00f6rev, a\u015fk ve ihanetle bo\u011fu\u015furken ayn\u0131zamanda nazik ve ba\u011f\u0131ms\u0131z kalmay\u0131 ba\u015faran ruhuna hayran kalacak.\u201d\u2013Booklist \u201cLanetli L\u00fctuf s\u00fcr\u00fckleyici, tutkulu ve b\u00fcy\u00fck tehlikelerle dolu.\u201d<\/p>\n","protected":false},"excerpt":{"rendered":"<p>\u00dc\u00e7 nik\u00e2h.Alessa Paladino\u2019ya bah\u015fedilen lanetli l\u00fctuf, dokundu\u011fu her talibi \u00f6ld\u00fcr\u00fcr.Ve \u00fc\u00e7 cenaze. A\u00e7 bir iblis s\u00fcr\u00fcs\u00fcn\u00fcn Alessa\u2019n\u0131n ya\u015fad\u0131\u011f\u0131 aday\u0131 yok etmesine yaln\u0131zca haftalar kalm\u0131\u015ft\u0131r. Gen\u00e7 k\u0131z<span class=\"excerpt-hellip\"> [\u2026]<\/span><\/p>\n","protected":false},"featured_media":0,"template":"","meta":{"_monsterinsights_skip_tracking":false,"_monsterinsights_sitenote_active":false,"_monsterinsights_sitenote_note":"","_monsterinsights_sitenote_category":0},"product_brand":[],"product_cat":[12291,12711],"product_tag":[],"class_list":{"0":"post-758493","1":"product","2":"type-product","3":"status-publish","5":"product_cat-edebiyat","6":"product_cat-roman-oyku","7":"pa_cilt-ciltsiz","8":"pa_tur-kitap","9":"pa_yayinevi-nemesis-kitap","10":"pa_yazar-emily-thiede","12":"first","13":"instock","14":"sale","15":"shipping-taxable","16":"purchasable","17":"product-type-simple"},"_links":{"self":[{"href":"https:\/\/roveyayinevi.com.tr\/index.php\/wp-json\/wp\/v2\/product\/758493","targetHints":{"allow":["GET"]}}],"collection":[{"href":"https:\/\/roveyayinevi.com.tr\/index.php\/wp-json\/wp\/v2\/product"}],"about":[{"href":"https:\/\/roveyayinevi.com.tr\/index.php\/wp-json\/wp\/v2\/types\/product"}],"wp:attachment":[{"href":"https:\/\/roveyayinevi.com.tr\/index.php\/wp-json\/wp\/v2\/media?parent=758493"}],"wp:term":[{"taxonomy":"product_brand","embeddable":true,"href":"https:\/\/roveyayinevi.com.tr\/index.php\/wp-json\/wp\/v2\/product_brand?post=758493"},{"taxonomy":"product_cat","embeddable":true,"href":"https:\/\/roveyayinevi.com.tr\/index.php\/wp-json\/wp\/v2\/product_cat?post=758493"},{"taxonomy":"product_tag","embeddable":true,"href":"https:\/\/roveyayinevi.com.tr\/index.php\/wp-json\/wp\/v2\/product_tag?post=758493"}],"curies":[{"name":"wp","href":"https:\/\/api.w.org\/{rel}","templated":true}]}}