{"id":758492,"date":"2025-08-28T08:06:24","date_gmt":"2025-08-28T05:06:24","guid":{"rendered":"https:\/\/roveyayinevi.com.tr\/index.php\/urun\/kimya-kitabi-ciltli\/"},"modified":"2026-04-16T03:11:25","modified_gmt":"2026-04-16T00:11:25","slug":"kimya-kitabi-ciltli","status":"publish","type":"product","link":"https:\/\/roveyayinevi.com.tr\/index.php\/urun\/kimya-kitabi-ciltli\/","title":{"rendered":"Kimya Kitab\u0131 (Ciltli)"},"content":{"rendered":"<p>Element nedir? Bitkilerden plastik nas\u0131l yap\u0131l\u0131r? Kimyasallar neden reaksiyona girer? \u00c7a\u011flar boyunca bilim insanlar\u0131 ve filozoflar bu ve benzeri sorulara yan\u0131t aram\u0131\u015flard\u0131r ve \u00e7o\u011fu zaman patlamalarla sonu\u00e7lanan deneyler yapm\u0131\u015flard\u0131r. Sade bir dille yaz\u0131lm\u0131\u015f olan Kimya Kitab\u0131, kolayca anla\u015f\u0131lan k\u0131sa ve \u00f6zl\u00fc a\u00e7\u0131klamalar\u0131, 95 temel ilkenin d\u00fc\u011f\u00fcmlerini ad\u0131m ad\u0131m \u00e7\u00f6zen \u015femalar\u0131, bilimsel ke\u015fifleri unutulmaz k\u0131lan klasik al\u0131nt\u0131lar\u0131 ve esprili \u00e7izimleriyle ba\u015fucu kitab\u0131n\u0131z olacak. <\/p>\n","protected":false},"excerpt":{"rendered":"<p>Element nedir? Bitkilerden plastik nas\u0131l yap\u0131l\u0131r? Kimyasallar neden reaksiyona girer? \u00c7a\u011flar boyunca bilim insanlar\u0131 ve filozoflar bu ve benzeri sorulara yan\u0131t aram\u0131\u015flard\u0131r ve \u00e7o\u011fu zaman patlamalarla<span class=\"excerpt-hellip\"> [\u2026]<\/span><\/p>\n","protected":false},"featured_media":0,"template":"","meta":{"_monsterinsights_skip_tracking":false,"_monsterinsights_sitenote_active":false,"_monsterinsights_sitenote_note":"","_monsterinsights_sitenote_category":0},"product_brand":[],"product_cat":[13005,15998],"product_tag":[],"class_list":{"0":"post-758492","1":"product","2":"type-product","3":"status-publish","5":"product_cat-bilim-muhendislik","6":"product_cat-bilim-tarihi","7":"pa_cilt-ciltli","8":"pa_tur-kitap","9":"pa_yayinevi-alfa-yayinlari","10":"pa_yazar-kolektif","12":"first","13":"instock","14":"sale","15":"shipping-taxable","16":"purchasable","17":"product-type-simple"},"_links":{"self":[{"href":"https:\/\/roveyayinevi.com.tr\/index.php\/wp-json\/wp\/v2\/product\/758492","targetHints":{"allow":["GET"]}}],"collection":[{"href":"https:\/\/roveyayinevi.com.tr\/index.php\/wp-json\/wp\/v2\/product"}],"about":[{"href":"https:\/\/roveyayinevi.com.tr\/index.php\/wp-json\/wp\/v2\/types\/product"}],"wp:attachment":[{"href":"https:\/\/roveyayinevi.com.tr\/index.php\/wp-json\/wp\/v2\/media?parent=758492"}],"wp:term":[{"taxonomy":"product_brand","embeddable":true,"href":"https:\/\/roveyayinevi.com.tr\/index.php\/wp-json\/wp\/v2\/product_brand?post=758492"},{"taxonomy":"product_cat","embeddable":true,"href":"https:\/\/roveyayinevi.com.tr\/index.php\/wp-json\/wp\/v2\/product_cat?post=758492"},{"taxonomy":"product_tag","embeddable":true,"href":"https:\/\/roveyayinevi.com.tr\/index.php\/wp-json\/wp\/v2\/product_tag?post=758492"}],"curies":[{"name":"wp","href":"https:\/\/api.w.org\/{rel}","templated":true}]}}