{"id":758486,"date":"2025-08-28T08:06:13","date_gmt":"2025-08-28T05:06:13","guid":{"rendered":"https:\/\/roveyayinevi.com.tr\/index.php\/urun\/kucuk-umutlar\/"},"modified":"2026-04-16T03:11:25","modified_gmt":"2026-04-16T00:11:25","slug":"kucuk-umutlar","status":"publish","type":"product","link":"https:\/\/roveyayinevi.com.tr\/index.php\/urun\/kucuk-umutlar\/","title":{"rendered":"K\u00fc\u00e7\u00fck Umutlar"},"content":{"rendered":"<p>Bir s\u00fcre sonra d\u0131\u015far\u0131y\u0131 unuttu. Mum \u0131\u015f\u0131\u011f\u0131nda kalemi ko\u015fturmaya ba\u015flad\u0131: \u201cAnnem \u00f6l\u00fcm\u00fc bekliyor, sudoku \u00e7\u00f6zerek, apartman bah\u00e7esine muntazam aral\u0131klarla kurdele \u00e7i\u00e7e\u011fi ektirerek, s\u0131rt\u0131ndaki kamburu g\u00fcnbeg\u00fcn b\u00fcy\u00fcterek, a\u011f\u0131r ya\u015fl\u0131l\u0131k kokusunu ve ya\u015fl\u0131 ad\u0131mlar\u0131n\u0131 bir odadan di\u011ferine s\u00fcr\u00fckleyerek. Ben birazdan bar\u0131naktaki yatakta olaca\u011f\u0131m ve bal\u0131k\u00e7\u0131 denizde. Kulaklar\u0131mda ge\u00e7mi\u015fin bestesi: Hay\u0131rs\u0131z evlat, hay\u0131rs\u0131z sevgili, hay\u0131rs\u0131z yazar. Ve ortak bir yang\u0131n. Memleket.\u201d Leyla defteri kapad\u0131. Tatl\u0131 bir esinti y\u00fcz\u00fcn\u00fc yalad\u0131. \u015eimdi hat\u0131rlama zaman\u0131yd\u0131. Yaz\u0131lamayan\u0131. Tophaneli Hasan ekonomik sorunlar\u0131n can\u0131na tak etmesiyle ya\u015famaktan vazge\u00e7mi\u015f, sevdiklerine b\u0131rakaca\u011f\u0131 veda mektubunu yazman\u0131n derdine d\u00fc\u015fm\u00fc\u015ft\u00fcr. Hasan bir g\u00fcn ger\u00e7ek bir yazarla, Leyla\u2019yla tan\u0131\u015f\u0131r. Bir t\u00fcrl\u00fc yazamad\u0131\u011f\u0131 mektup i\u00e7in Leyla\u2019dan medet umarken birden onun kurgusu i\u00e7indeki evrende ya\u015fad\u0131\u011f\u0131ndan \u015f\u00fcphelenmeye ba\u015flar. Yoksa kaderi bu yazar\u0131n ellerinde midir? Son roman\u0131 y\u00fcz\u00fcnden bir sabah bask\u0131n\u0131yla g\u00f6zalt\u0131na al\u0131nan Leyla\u2019n\u0131n ise ba\u015fka dertleri vard\u0131r. G\u00f6n\u00fcl K\u0131v\u0131lc\u0131m K\u00fc\u00e7\u00fck Umutlar\u2019da g\u00fcndelik ya\u015fam\u0131n dayatt\u0131klar\u0131na kar\u015f\u0131l\u0131k k\u00fc\u00e7\u00fck umutlar\u0131na sar\u0131lanlar\u0131 anlat\u0131yor.<\/p>\n","protected":false},"excerpt":{"rendered":"<p>Bir s\u00fcre sonra d\u0131\u015far\u0131y\u0131 unuttu. Mum \u0131\u015f\u0131\u011f\u0131nda kalemi ko\u015fturmaya ba\u015flad\u0131: \u201cAnnem \u00f6l\u00fcm\u00fc bekliyor, sudoku \u00e7\u00f6zerek, apartman bah\u00e7esine muntazam aral\u0131klarla kurdele \u00e7i\u00e7e\u011fi ektirerek, s\u0131rt\u0131ndaki kamburu g\u00fcnbeg\u00fcn b\u00fcy\u00fcterek,<span class=\"excerpt-hellip\"> [\u2026]<\/span><\/p>\n","protected":false},"featured_media":0,"template":"","meta":{"_monsterinsights_skip_tracking":false,"_monsterinsights_sitenote_active":false,"_monsterinsights_sitenote_note":"","_monsterinsights_sitenote_category":0},"product_brand":[],"product_cat":[12291,12711],"product_tag":[],"class_list":{"0":"post-758486","1":"product","2":"type-product","3":"status-publish","5":"product_cat-edebiyat","6":"product_cat-roman-oyku","7":"pa_cilt-ciltsiz","8":"pa_tur-kitap","9":"pa_yayinevi-everest-yayinlari","10":"pa_yazar-gonul-kivilcim","12":"first","13":"instock","14":"sale","15":"shipping-taxable","16":"purchasable","17":"product-type-simple"},"_links":{"self":[{"href":"https:\/\/roveyayinevi.com.tr\/index.php\/wp-json\/wp\/v2\/product\/758486","targetHints":{"allow":["GET"]}}],"collection":[{"href":"https:\/\/roveyayinevi.com.tr\/index.php\/wp-json\/wp\/v2\/product"}],"about":[{"href":"https:\/\/roveyayinevi.com.tr\/index.php\/wp-json\/wp\/v2\/types\/product"}],"wp:attachment":[{"href":"https:\/\/roveyayinevi.com.tr\/index.php\/wp-json\/wp\/v2\/media?parent=758486"}],"wp:term":[{"taxonomy":"product_brand","embeddable":true,"href":"https:\/\/roveyayinevi.com.tr\/index.php\/wp-json\/wp\/v2\/product_brand?post=758486"},{"taxonomy":"product_cat","embeddable":true,"href":"https:\/\/roveyayinevi.com.tr\/index.php\/wp-json\/wp\/v2\/product_cat?post=758486"},{"taxonomy":"product_tag","embeddable":true,"href":"https:\/\/roveyayinevi.com.tr\/index.php\/wp-json\/wp\/v2\/product_tag?post=758486"}],"curies":[{"name":"wp","href":"https:\/\/api.w.org\/{rel}","templated":true}]}}