{"id":758485,"date":"2025-08-28T08:06:11","date_gmt":"2025-08-28T05:06:11","guid":{"rendered":"https:\/\/roveyayinevi.com.tr\/index.php\/urun\/gunlerden-bir-gun-2\/"},"modified":"2026-04-16T03:11:25","modified_gmt":"2026-04-16T00:11:25","slug":"gunlerden-bir-gun-2","status":"publish","type":"product","link":"https:\/\/roveyayinevi.com.tr\/index.php\/urun\/gunlerden-bir-gun-2\/","title":{"rendered":"G\u00fcnlerden Bir G\u00fcn"},"content":{"rendered":"<p>Bazen bir turnan\u0131n kanad\u0131na tak\u0131l\u0131r hayat. Akasyal\u0131 Meydan\u0131n \u00c7ocuklar\u0131&#8217;yla sevilen Hatice Demir, dil ustal\u0131\u011f\u0131n\u0131 \u015fiirsel bir k\u0131sa romanla sergiliyor. Turnalar\u0131n mesken tuttu\u011fu bir g\u00f6l\u00fcn yak\u0131nlar\u0131ndaki k\u00f6yde, ge\u00e7mi\u015fle bug\u00fcn\u00fc ahenkle harmanl\u0131yor, yitirilenler \u00fczerine d\u00fc\u015f\u00fcnd\u00fcr\u00fcyor. \u0130\u00e7ten anlat\u0131m\u0131yla kimseyi geride b\u0131rakmadan b\u00fcy\u00fcmenin s\u0131k\u0131nt\u0131lar\u0131n\u0131, k\u00fcsk\u00fcnl\u00fckleri, \u00f6zlemleri gidermek i\u00e7in d\u00fcmeni sevgiye ve umuda k\u0131r\u0131yor. Do\u011fan\u0131n seslerine kulak veren, ya\u015fam\u0131n g\u00fcvenilir d\u00f6ng\u00fcs\u00fcne g\u00f6z k\u0131rpan bir hik\u00e2ye anlat\u0131yor. G\u00fcne\u015f&#8217;in k\u00f6yde ge\u00e7en tatilleri farkl\u0131la\u015fm\u0131\u015ft\u0131r. Biricik dedesi, oyun arkada\u015f\u0131 K\u00e2mil Efe&#8217;nin beklenmedik \u015fekilde de\u011fi\u015fen hayat\u0131 ve Umut&#8217;un k\u00fcsk\u00fcnl\u00fc\u011f\u00fc onu alt\u00fcst eder. Neyse ki, yak\u0131nlardaki g\u00f6l\u00fcn e\u015fsiz do\u011fas\u0131n\u0131n sunduklar\u0131, arkada\u015flar\u0131 ve G\u00fcn adl\u0131 turnas\u0131 yan\u0131ndad\u0131r. Mantar toplay\u0131p yumurta arad\u0131\u011f\u0131 orman, alt\u0131nda piknik yapt\u0131klar\u0131 s\u00f6\u011f\u00fcd\u00fcn g\u00f6lgesi, anneannesinin nohut mayal\u0131 ekme\u011fi, ac\u0131 tatl\u0131 \u00e7ocukluk an\u0131lar\u0131yla mutlu olsa da, ger\u00e7eklerle y\u00fczle\u015fmekten ka\u00e7amayacakt\u0131r\u2026<\/p>\n","protected":false},"excerpt":{"rendered":"<p>Bazen bir turnan\u0131n kanad\u0131na tak\u0131l\u0131r hayat. Akasyal\u0131 Meydan\u0131n \u00c7ocuklar\u0131&#8217;yla sevilen Hatice Demir, dil ustal\u0131\u011f\u0131n\u0131 \u015fiirsel bir k\u0131sa romanla sergiliyor. Turnalar\u0131n mesken tuttu\u011fu bir g\u00f6l\u00fcn yak\u0131nlar\u0131ndaki k\u00f6yde,<span class=\"excerpt-hellip\"> [\u2026]<\/span><\/p>\n","protected":false},"featured_media":0,"template":"","meta":{"_monsterinsights_skip_tracking":false,"_monsterinsights_sitenote_active":false,"_monsterinsights_sitenote_note":"","_monsterinsights_sitenote_category":0},"product_brand":[],"product_cat":[12274,12284],"product_tag":[],"class_list":{"0":"post-758485","1":"product","2":"type-product","3":"status-publish","5":"product_cat-cocuk-ve-genclik-kitaplari","6":"product_cat-hikayeler","7":"pa_cilt-ciltsiz","8":"pa_tur-kitap","9":"pa_yayinevi-gunisigi-kitapligi","10":"pa_yazar-hatice-demir","12":"first","13":"instock","14":"sale","15":"shipping-taxable","16":"purchasable","17":"product-type-simple"},"_links":{"self":[{"href":"https:\/\/roveyayinevi.com.tr\/index.php\/wp-json\/wp\/v2\/product\/758485","targetHints":{"allow":["GET"]}}],"collection":[{"href":"https:\/\/roveyayinevi.com.tr\/index.php\/wp-json\/wp\/v2\/product"}],"about":[{"href":"https:\/\/roveyayinevi.com.tr\/index.php\/wp-json\/wp\/v2\/types\/product"}],"wp:attachment":[{"href":"https:\/\/roveyayinevi.com.tr\/index.php\/wp-json\/wp\/v2\/media?parent=758485"}],"wp:term":[{"taxonomy":"product_brand","embeddable":true,"href":"https:\/\/roveyayinevi.com.tr\/index.php\/wp-json\/wp\/v2\/product_brand?post=758485"},{"taxonomy":"product_cat","embeddable":true,"href":"https:\/\/roveyayinevi.com.tr\/index.php\/wp-json\/wp\/v2\/product_cat?post=758485"},{"taxonomy":"product_tag","embeddable":true,"href":"https:\/\/roveyayinevi.com.tr\/index.php\/wp-json\/wp\/v2\/product_tag?post=758485"}],"curies":[{"name":"wp","href":"https:\/\/api.w.org\/{rel}","templated":true}]}}