{"id":758484,"date":"2025-08-28T08:06:10","date_gmt":"2025-08-28T05:06:10","guid":{"rendered":"https:\/\/roveyayinevi.com.tr\/index.php\/urun\/yoz-politikaci-saptirmalari\/"},"modified":"2026-04-16T03:11:25","modified_gmt":"2026-04-16T00:11:25","slug":"yoz-politikaci-saptirmalari","status":"publish","type":"product","link":"https:\/\/roveyayinevi.com.tr\/index.php\/urun\/yoz-politikaci-saptirmalari\/","title":{"rendered":"Yoz Politikac\u0131 Sapt\u0131rmalar\u0131"},"content":{"rendered":"<p>Toplum bireyleri \u00e7a\u011fc\u0131l e\u011fitim ve bilimin \u0131\u015f\u0131\u011f\u0131ndan yoksun b\u0131rak\u0131ld\u0131k\u00e7a safsata ve hurafelerin karanl\u0131\u011f\u0131na itilirler. Ele\u015ftirel d\u00fc\u015f\u00fcnceden korkanlar kalabal\u0131klar\u0131n d\u00fc\u015f\u00fcnme yetisini k\u00f6reltmeye y\u00f6nelik aldat\u0131c\u0131 savlar kullan\u0131rlar.   Mant\u0131k yan\u0131lg\u0131lar\u0131 \u201crastlant\u0131sal olarak ortaya \u00e7\u0131kan ak\u0131l y\u00fcr\u00fctme hatalar\u0131\u201d olarak tan\u0131mlan\u0131r. Ancak bilin\u00e7li ve ama\u00e7l\u0131 yap\u0131ld\u0131\u011f\u0131nda yan\u0131lg\u0131 olmaktan \u00e7\u0131k\u0131p aldatmaya y\u00f6nelik s\u00f6ylemlere d\u00f6n\u00fc\u015ferek \u201cmant\u0131k sapt\u0131rmalar\u0131\u201d h\u00e2lini al\u0131r. Sapt\u0131rmalar \u201creddedilemezmi\u015f gibi ileri s\u00fcr\u00fclen ancak ger\u00e7ekte hi\u00e7bir \u015feyi kan\u0131tlamayan\u201d savlard\u0131r. \u00c7o\u011fu bo\u015f ve bir anlamda \u00e7\u00f6p s\u00f6zler olmalar\u0131na kar\u015f\u0131n bu \u00f6zellikleri ortaya konduktan sonra bile s\u00fcr\u00fcle\u015ftirilmi\u015f kalabal\u0131klar i\u00e7in ikna ediciliklerini korurlar. Bilin\u00e7li olarak, bile bile yap\u0131lan bir d\u00fc\u015f\u00fcnce cinayetidir. Toplum bireylerini aldat\u0131r, ko\u015fulland\u0131r\u0131r ve s\u00fcr\u00fcle\u015ftirir.   Kimi d\u00f6nemlerde bu t\u00fcr sapt\u0131rmalar politikan\u0131n en s\u0131k kullan\u0131lan, ola\u011fan bir y\u00f6nteme d\u00f6n\u00fc\u015f\u00fcr. Kimilerince bir politik ustal\u0131k becerisi gibi sunulabilir. Bir t\u00fcr \u201ckar\u015f\u0131s\u0131ndakini aptal yerine koyma\u201d moda s\u00f6ylemiyle \u201ckar\u015f\u0131dakinin akl\u0131yla alay etme\u201d eylemidir. Bireylerin fark\u0131ndal\u0131klar\u0131 k\u00f6reltilerek toplumu aldatmaya y\u00f6nelik \u201cbir nitelikli doland\u0131r\u0131c\u0131l\u0131k\u201d boyutu kazanmaktad\u0131r.   \u0130kbal basamaklar\u0131n\u0131 h\u0131zla t\u0131rmanmak isteyen politikac\u0131 adaylar\u0131na bu y\u00f6ntemler \u00e2deta ders olarak verilir. Geri kalm\u0131\u015f \u00fclkelerde h\u0131zla \u00e7o\u011falan \u201canas\u0131n\u0131n g\u00f6z\u00fc\u201d, \u201chino\u011fluhin\u201d, \u201cka\u015farlanm\u0131\u015f\u201d \u201casalak\u201d politikac\u0131lar b\u00f6yle yeti\u015fir. Tek koruyucu y\u00f6ntem sapt\u0131rmalara y\u00f6nelik toplum fark\u0131ndal\u0131\u011f\u0131n\u0131n art\u0131r\u0131lmas\u0131d\u0131r. Bu kitap s\u00f6z konusu fark\u0131ndal\u0131\u011f\u0131 art\u0131rma \u00e7abalar\u0131na katk\u0131 yapmak amac\u0131yla haz\u0131rlanm\u0131\u015ft\u0131r. Ancak yoz politikac\u0131 adaylar\u0131 taraf\u0131ndan ba\u015fvuru kayna\u011f\u0131 olarak kullan\u0131lma tehlikesi de ak\u0131ldan \u00e7\u0131kar\u0131lmamal\u0131d\u0131r\u2026 <\/p>\n","protected":false},"excerpt":{"rendered":"<p>Toplum bireyleri \u00e7a\u011fc\u0131l e\u011fitim ve bilimin \u0131\u015f\u0131\u011f\u0131ndan yoksun b\u0131rak\u0131ld\u0131k\u00e7a safsata ve hurafelerin karanl\u0131\u011f\u0131na itilirler. Ele\u015ftirel d\u00fc\u015f\u00fcnceden korkanlar kalabal\u0131klar\u0131n d\u00fc\u015f\u00fcnme yetisini k\u00f6reltmeye y\u00f6nelik aldat\u0131c\u0131 savlar kullan\u0131rlar. Mant\u0131k<span class=\"excerpt-hellip\"> [\u2026]<\/span><\/p>\n","protected":false},"featured_media":0,"template":"","meta":{"_monsterinsights_skip_tracking":false,"_monsterinsights_sitenote_active":false,"_monsterinsights_sitenote_note":"","_monsterinsights_sitenote_category":0},"product_brand":[],"product_cat":[12337],"product_tag":[],"class_list":{"0":"post-758484","1":"product","2":"type-product","3":"status-publish","5":"product_cat-politika-siyaset","6":"pa_cilt-ciltsiz","7":"pa_tur-kitap","8":"pa_yayinevi-favori-yayinlari","9":"pa_yazar-cagatay-guler","11":"first","12":"instock","13":"sale","14":"shipping-taxable","15":"purchasable","16":"product-type-simple"},"_links":{"self":[{"href":"https:\/\/roveyayinevi.com.tr\/index.php\/wp-json\/wp\/v2\/product\/758484","targetHints":{"allow":["GET"]}}],"collection":[{"href":"https:\/\/roveyayinevi.com.tr\/index.php\/wp-json\/wp\/v2\/product"}],"about":[{"href":"https:\/\/roveyayinevi.com.tr\/index.php\/wp-json\/wp\/v2\/types\/product"}],"wp:attachment":[{"href":"https:\/\/roveyayinevi.com.tr\/index.php\/wp-json\/wp\/v2\/media?parent=758484"}],"wp:term":[{"taxonomy":"product_brand","embeddable":true,"href":"https:\/\/roveyayinevi.com.tr\/index.php\/wp-json\/wp\/v2\/product_brand?post=758484"},{"taxonomy":"product_cat","embeddable":true,"href":"https:\/\/roveyayinevi.com.tr\/index.php\/wp-json\/wp\/v2\/product_cat?post=758484"},{"taxonomy":"product_tag","embeddable":true,"href":"https:\/\/roveyayinevi.com.tr\/index.php\/wp-json\/wp\/v2\/product_tag?post=758484"}],"curies":[{"name":"wp","href":"https:\/\/api.w.org\/{rel}","templated":true}]}}