{"id":758483,"date":"2025-08-28T08:06:09","date_gmt":"2025-08-28T05:06:09","guid":{"rendered":"https:\/\/roveyayinevi.com.tr\/index.php\/urun\/arthur-yeni-yili-kutluyor\/"},"modified":"2026-04-16T03:11:25","modified_gmt":"2026-04-16T00:11:25","slug":"arthur-yeni-yili-kutluyor","status":"publish","type":"product","link":"https:\/\/roveyayinevi.com.tr\/index.php\/urun\/arthur-yeni-yili-kutluyor\/","title":{"rendered":"Arthur Yeni Y\u0131l\u0131 Kutluyor"},"content":{"rendered":"<p>Bug\u00fcn \u00e7ok \u00f6zel bir g\u00fcn. Arthur arkada\u015flar\u0131yla birlikte yeni y\u0131l\u0131 kutluyor! Peki yeni y\u0131l kutlamas\u0131nda ne yap\u0131l\u0131r? Afacanlar, hep birlikte yeni y\u0131l kutlamas\u0131 haz\u0131rl\u0131yor ve birbirlerine y\u0131lba\u015f\u0131nda yapmaktan en keyif ald\u0131klar\u0131 \u015feyi g\u00f6steriyorlar. Arkada\u015flar\u0131n\u0131zla birlikte neyin ger\u00e7ekten \u00f6nemli oldu\u011funu ke\u015ffetmeye dair ne\u015feli bir kitap. K\u00fc\u00e7\u00fck yarat\u0131klar ve 3 ya\u015f\u0131ndan b\u00fcy\u00fck \u00e7ocuklar i\u00e7in.<\/p>\n","protected":false},"excerpt":{"rendered":"<p>Bug\u00fcn \u00e7ok \u00f6zel bir g\u00fcn. Arthur arkada\u015flar\u0131yla birlikte yeni y\u0131l\u0131 kutluyor! Peki yeni y\u0131l kutlamas\u0131nda ne yap\u0131l\u0131r? Afacanlar, hep birlikte yeni y\u0131l kutlamas\u0131 haz\u0131rl\u0131yor ve birbirlerine<span class=\"excerpt-hellip\"> [\u2026]<\/span><\/p>\n","protected":false},"featured_media":0,"template":"","meta":{"_monsterinsights_skip_tracking":false,"_monsterinsights_sitenote_active":false,"_monsterinsights_sitenote_note":"","_monsterinsights_sitenote_category":0},"product_brand":[],"product_cat":[12274,12284],"product_tag":[],"class_list":{"0":"post-758483","1":"product","2":"type-product","3":"status-publish","5":"product_cat-cocuk-ve-genclik-kitaplari","6":"product_cat-hikayeler","7":"pa_cilt-ciltsiz","8":"pa_tur-kitap","9":"pa_yayinevi-eksik-parca-yayinlari","10":"pa_yazar-federico-van-lunter","12":"first","13":"instock","14":"sale","15":"shipping-taxable","16":"purchasable","17":"product-type-simple"},"_links":{"self":[{"href":"https:\/\/roveyayinevi.com.tr\/index.php\/wp-json\/wp\/v2\/product\/758483","targetHints":{"allow":["GET"]}}],"collection":[{"href":"https:\/\/roveyayinevi.com.tr\/index.php\/wp-json\/wp\/v2\/product"}],"about":[{"href":"https:\/\/roveyayinevi.com.tr\/index.php\/wp-json\/wp\/v2\/types\/product"}],"wp:attachment":[{"href":"https:\/\/roveyayinevi.com.tr\/index.php\/wp-json\/wp\/v2\/media?parent=758483"}],"wp:term":[{"taxonomy":"product_brand","embeddable":true,"href":"https:\/\/roveyayinevi.com.tr\/index.php\/wp-json\/wp\/v2\/product_brand?post=758483"},{"taxonomy":"product_cat","embeddable":true,"href":"https:\/\/roveyayinevi.com.tr\/index.php\/wp-json\/wp\/v2\/product_cat?post=758483"},{"taxonomy":"product_tag","embeddable":true,"href":"https:\/\/roveyayinevi.com.tr\/index.php\/wp-json\/wp\/v2\/product_tag?post=758483"}],"curies":[{"name":"wp","href":"https:\/\/api.w.org\/{rel}","templated":true}]}}