{"id":758481,"date":"2025-08-28T08:06:05","date_gmt":"2025-08-28T05:06:05","guid":{"rendered":"https:\/\/roveyayinevi.com.tr\/index.php\/urun\/bebekler-okulu\/"},"modified":"2026-04-16T03:11:25","modified_gmt":"2026-04-16T00:11:25","slug":"bebekler-okulu","status":"publish","type":"product","link":"https:\/\/roveyayinevi.com.tr\/index.php\/urun\/bebekler-okulu\/","title":{"rendered":"Bebekler Okulu"},"content":{"rendered":"<p>Oyunca\u011f\u0131m\u0131z\u0131 yere at\u0131yoruz. Her seferinde d\u00fc\u015f\u00fcyorlar! Yine d\u00fc\u015fecek mi diye tekrar tekrar at\u0131yoruz. Yine d\u00fc\u015f\u00fcyorlar! Yemekleri avu\u00e7luyoruz! Bazen p\u00fcsk\u00fcrt\u00fcyoruz. Meyveleri k\u00fc\u00e7\u00fck di\u015flerimizle \u0131s\u0131r\u0131p b\u0131rak\u0131yoruz. Pastalar\u0131 parmakl\u0131yoruz. Dolaplar\u0131 bir \u00e7\u0131rp\u0131da bo\u015falt\u0131yoruz! Duvarlar\u0131 boyuyoruz. \u0130\u015fimize gelmezse a\u011flay\u0131p ba\u011f\u0131r\u0131yoruz. Kimseyi uyutmuyoruz. Buras\u0131 bebekler okulu. Gitti\u011fimiz her yere \u00e7\u0131\u011fl\u0131klar, kahkahalar, \u00e7\u0131ng\u0131raklar, salyalar, tombik parmaklar, her yeri di\u015flenmi\u015f kitaplar, teki kay\u0131p eldivenler, kocaman bezler, lekeli \u00f6nl\u00fckler, emilmekten s\u0131r\u0131ls\u0131klam olmu\u015f battaniyeler, her \u015feye hayretle bakan heyecanl\u0131 g\u00f6zler g\u00f6t\u00fcr\u00fcyoruz. <\/p>\n","protected":false},"excerpt":{"rendered":"<p>Oyunca\u011f\u0131m\u0131z\u0131 yere at\u0131yoruz. Her seferinde d\u00fc\u015f\u00fcyorlar! Yine d\u00fc\u015fecek mi diye tekrar tekrar at\u0131yoruz. Yine d\u00fc\u015f\u00fcyorlar! Yemekleri avu\u00e7luyoruz! Bazen p\u00fcsk\u00fcrt\u00fcyoruz. Meyveleri k\u00fc\u00e7\u00fck di\u015flerimizle \u0131s\u0131r\u0131p b\u0131rak\u0131yoruz. Pastalar\u0131 parmakl\u0131yoruz.<span class=\"excerpt-hellip\"> [\u2026]<\/span><\/p>\n","protected":false},"featured_media":0,"template":"","meta":{"_monsterinsights_skip_tracking":false,"_monsterinsights_sitenote_active":false,"_monsterinsights_sitenote_note":"","_monsterinsights_sitenote_category":0},"product_brand":[],"product_cat":[12274,12284],"product_tag":[],"class_list":{"0":"post-758481","1":"product","2":"type-product","3":"status-publish","5":"product_cat-cocuk-ve-genclik-kitaplari","6":"product_cat-hikayeler","7":"pa_cilt-ciltsiz","8":"pa_tur-kitap","9":"pa_yayinevi-eksik-parca-yayinlari","10":"pa_yazar-nihan-kaya","12":"first","13":"instock","14":"sale","15":"shipping-taxable","16":"purchasable","17":"product-type-simple"},"_links":{"self":[{"href":"https:\/\/roveyayinevi.com.tr\/index.php\/wp-json\/wp\/v2\/product\/758481","targetHints":{"allow":["GET"]}}],"collection":[{"href":"https:\/\/roveyayinevi.com.tr\/index.php\/wp-json\/wp\/v2\/product"}],"about":[{"href":"https:\/\/roveyayinevi.com.tr\/index.php\/wp-json\/wp\/v2\/types\/product"}],"wp:attachment":[{"href":"https:\/\/roveyayinevi.com.tr\/index.php\/wp-json\/wp\/v2\/media?parent=758481"}],"wp:term":[{"taxonomy":"product_brand","embeddable":true,"href":"https:\/\/roveyayinevi.com.tr\/index.php\/wp-json\/wp\/v2\/product_brand?post=758481"},{"taxonomy":"product_cat","embeddable":true,"href":"https:\/\/roveyayinevi.com.tr\/index.php\/wp-json\/wp\/v2\/product_cat?post=758481"},{"taxonomy":"product_tag","embeddable":true,"href":"https:\/\/roveyayinevi.com.tr\/index.php\/wp-json\/wp\/v2\/product_tag?post=758481"}],"curies":[{"name":"wp","href":"https:\/\/api.w.org\/{rel}","templated":true}]}}