{"id":758477,"date":"2025-08-28T08:06:00","date_gmt":"2025-08-28T05:06:00","guid":{"rendered":"https:\/\/roveyayinevi.com.tr\/index.php\/urun\/medya-felsefesi\/"},"modified":"2026-01-29T03:49:04","modified_gmt":"2026-01-29T00:49:04","slug":"medya-felsefesi","status":"publish","type":"product","link":"https:\/\/roveyayinevi.com.tr\/index.php\/urun\/medya-felsefesi\/","title":{"rendered":"Medya Felsefesi"},"content":{"rendered":"<p>\u201c1980\u2019lerin sonlar\u0131ndan bu yana internetin y\u00fckseli\u015fi ve a\u011f ba\u011flant\u0131l\u0131 toplumun ortaya \u00e7\u0131k\u0131\u015f\u0131, g\u00fcnl\u00fck ya\u015fam\u0131n h\u0131zl\u0131 ve derin bir d\u00f6n\u00fc\u015f\u00fcm\u00fcne yol a\u00e7t\u0131. Bu devrimin temelinde bilgisayar yer almaktad\u0131r. Bilgisayar, sadece kendisini de\u011fil, belki de tarih boyunca insano\u011flunun kulland\u0131\u011f\u0131 hemen her kitlesel-ki\u015fisel ileti\u015fim arac\u0131n\u0131 ve s\u00fcrecini d\u00f6n\u00fc\u015ft\u00fcrebilen bir medya teknolojisidir. Medya Felsefesi kitab\u0131nda Hassan ve Sutherland, medyan\u0131n Klasik Yunan\u2019dan g\u00fcn\u00fcm\u00fcze kadar olan felsefi ve teknolojik y\u00f6r\u00fcngesini ara\u015ft\u0131rarak k\u00fcresel medya konumuna yeni ve a\u00e7\u0131kl\u0131k kazand\u0131r\u0131c\u0131 bir \u0131\u015f\u0131k tutmaya \u00e7al\u0131\u015fm\u0131\u015flar. Genel hatlar\u0131yla bu kitap, siyasetin arabuluculu\u011fu, nesnellik sorunu, otomatlar ve makine metaforu, analog ve dijital, teknolojik determinizm konular\u0131n\u0131 ele almaktad\u0131r. A\u00e7\u0131k ve ilgi \u00e7ekici bir formatta sunulan Medya Felsefesi, ayn\u0131 zamanda a\u011f toplumunun k\u00f6kenlerine ili\u015fkin eri\u015filebilir ve kapsaml\u0131 bir ara\u015ft\u0131rma niteli\u011fi de ta\u015f\u0131maktad\u0131r. Bu ba\u011flamda felsefe, medya teorisi, siyaset, tarih ve ileti\u015fim \u00e7al\u0131\u015fmalar\u0131 gibi alanlarda \u00f6\u011frenciler i\u00e7in temel bir kitapt\u0131r.   Robert Hassan: Avustralya\u2019n\u0131n Melbourne \u00dcniversitesi\u2019nde Medya ve \u0130leti\u015fim K\u00fclt\u00fcr\u00fc ve \u0130leti\u015fim Profes\u00f6r\u00fcd\u00fcr. Thomas Sutherland: Lincoln Film Medya Okulu ve Gazetecilik Sanat Koleji\u2019nde Medya \u00c7al\u0131\u015fmalar\u0131 alan\u0131nda K\u0131demli \u00d6\u011fretim G\u00f6revlisidir. <\/p>\n","protected":false},"excerpt":{"rendered":"<p>\u201c1980\u2019lerin sonlar\u0131ndan bu yana internetin y\u00fckseli\u015fi ve a\u011f ba\u011flant\u0131l\u0131 toplumun ortaya \u00e7\u0131k\u0131\u015f\u0131, g\u00fcnl\u00fck ya\u015fam\u0131n h\u0131zl\u0131 ve derin bir d\u00f6n\u00fc\u015f\u00fcm\u00fcne yol a\u00e7t\u0131. Bu devrimin temelinde bilgisayar yer<span class=\"excerpt-hellip\"> [\u2026]<\/span><\/p>\n","protected":false},"featured_media":0,"template":"","meta":{"_monsterinsights_skip_tracking":false,"_monsterinsights_sitenote_active":false,"_monsterinsights_sitenote_note":"","_monsterinsights_sitenote_category":0},"product_brand":[],"product_cat":[15983,13488],"product_tag":[],"class_list":{"0":"post-758477","1":"product","2":"type-product","3":"status-publish","5":"product_cat-iletisim-ve-medya","6":"product_cat-toplum-ve-insan","7":"pa_cilt-ciltsiz","8":"pa_tur-kitap","9":"pa_yayinevi-utopya-yayinevi","10":"pa_yazar-robert-hassan-thomas-sutherland","12":"first","13":"instock","14":"sale","15":"shipping-taxable","16":"purchasable","17":"product-type-simple"},"_links":{"self":[{"href":"https:\/\/roveyayinevi.com.tr\/index.php\/wp-json\/wp\/v2\/product\/758477","targetHints":{"allow":["GET"]}}],"collection":[{"href":"https:\/\/roveyayinevi.com.tr\/index.php\/wp-json\/wp\/v2\/product"}],"about":[{"href":"https:\/\/roveyayinevi.com.tr\/index.php\/wp-json\/wp\/v2\/types\/product"}],"wp:attachment":[{"href":"https:\/\/roveyayinevi.com.tr\/index.php\/wp-json\/wp\/v2\/media?parent=758477"}],"wp:term":[{"taxonomy":"product_brand","embeddable":true,"href":"https:\/\/roveyayinevi.com.tr\/index.php\/wp-json\/wp\/v2\/product_brand?post=758477"},{"taxonomy":"product_cat","embeddable":true,"href":"https:\/\/roveyayinevi.com.tr\/index.php\/wp-json\/wp\/v2\/product_cat?post=758477"},{"taxonomy":"product_tag","embeddable":true,"href":"https:\/\/roveyayinevi.com.tr\/index.php\/wp-json\/wp\/v2\/product_tag?post=758477"}],"curies":[{"name":"wp","href":"https:\/\/api.w.org\/{rel}","templated":true}]}}