{"id":758473,"date":"2025-08-28T08:05:54","date_gmt":"2025-08-28T05:05:54","guid":{"rendered":"https:\/\/roveyayinevi.com.tr\/index.php\/urun\/uyumluluk\/"},"modified":"2026-04-16T03:11:25","modified_gmt":"2026-04-16T00:11:25","slug":"uyumluluk","status":"publish","type":"product","link":"https:\/\/roveyayinevi.com.tr\/index.php\/urun\/uyumluluk\/","title":{"rendered":"Uyumluluk"},"content":{"rendered":"<p>Ayd\u0131nlanma Devrimi, zihinsel d\u00fc\u015f\u00fcncenin bireysel geli\u015fimini sa\u011flam\u0131\u015f, ki\u015finin kendine \u00f6zg\u00fc ve akla uygun yarg\u0131lar vermeyi sa\u011flayan bir yetene\u011finin geli\u015fmesine neden olmu\u015ftur. Bireyin kendi d\u00fc\u015f\u00fcnce \u00f6zg\u00fcrl\u00fc\u011f\u00fcn\u00fc mant\u0131kl\u0131 ifadelerle yayabilmesini sa\u011flayarak insan ki\u015fili\u011finin, kendi ahlaki uyumlulu\u011fu ile ba\u011fda\u015ft\u0131\u011f\u0131n\u0131 ortaya koymu\u015ftur.  Bu ahlaki uyumluluk ki\u015fiye toplum i\u00e7indeki ya\u015fam kurallar\u0131n\u0131n uygulanmas\u0131nda ve sa\u011fduyulu ilkeler alt\u0131nda zihinsel yetenekle fikirlerin olu\u015fmas\u0131ndaki g\u00fcveni vermi\u015f, b\u00f6ylelikle ki\u015finin kendi ama\u00e7lar\u0131n\u0131 ahlaki a\u00e7\u0131dan de\u011ferlendirilebilmesini sa\u011flam\u0131\u015ft\u0131r. Ki\u015fiyi insan yapan, onur sahibi k\u0131lan toplum eti\u011fine ba\u011flayan, fertler aras\u0131ndaki diyalo\u011fun uyumlu olmas\u0131d\u0131r. Bilin\u00e7li bir karakterin uygulamalar\u0131 \u00e7a\u011fda\u015f d\u00fc\u015f\u00fcncelerin toplumdaki kurallar\u0131n\u0131 saydamla\u015ft\u0131r\u0131r, birlikteli\u011fi peki\u015ftirir, de\u011fer yarg\u0131lar\u0131n\u0131 belirginle\u015ftirir ve uyumlulu\u011fu sa\u011flar. Prof. Dr. Cihat Karaali, toplumsal ya\u015famda gereksinim duyulan temel \u00f6\u011fenin \u201cuyumluluk\u201d oldu\u011funu belirtiyor, bireyin geli\u015fimi i\u00e7in alt\u0131n de\u011ferinde \u00f6\u011f\u00fctler sunuyor. <\/p>\n","protected":false},"excerpt":{"rendered":"<p>Ayd\u0131nlanma Devrimi, zihinsel d\u00fc\u015f\u00fcncenin bireysel geli\u015fimini sa\u011flam\u0131\u015f, ki\u015finin kendine \u00f6zg\u00fc ve akla uygun yarg\u0131lar vermeyi sa\u011flayan bir yetene\u011finin geli\u015fmesine neden olmu\u015ftur. Bireyin kendi d\u00fc\u015f\u00fcnce \u00f6zg\u00fcrl\u00fc\u011f\u00fcn\u00fc mant\u0131kl\u0131<span class=\"excerpt-hellip\"> [\u2026]<\/span><\/p>\n","protected":false},"featured_media":0,"template":"","meta":{"_monsterinsights_skip_tracking":false,"_monsterinsights_sitenote_active":false,"_monsterinsights_sitenote_note":"","_monsterinsights_sitenote_category":0},"product_brand":[],"product_cat":[12364,12376],"product_tag":[],"class_list":{"0":"post-758473","1":"product","2":"type-product","3":"status-publish","5":"product_cat-genel-konular","6":"product_cat-kisisel-gelisim","7":"pa_cilt-ciltsiz","8":"pa_tur-kitap","9":"pa_yayinevi-cumhuriyet-kitaplari","10":"pa_yazar-cihat-karaali","12":"first","13":"instock","14":"sale","15":"shipping-taxable","16":"purchasable","17":"product-type-simple"},"_links":{"self":[{"href":"https:\/\/roveyayinevi.com.tr\/index.php\/wp-json\/wp\/v2\/product\/758473","targetHints":{"allow":["GET"]}}],"collection":[{"href":"https:\/\/roveyayinevi.com.tr\/index.php\/wp-json\/wp\/v2\/product"}],"about":[{"href":"https:\/\/roveyayinevi.com.tr\/index.php\/wp-json\/wp\/v2\/types\/product"}],"wp:attachment":[{"href":"https:\/\/roveyayinevi.com.tr\/index.php\/wp-json\/wp\/v2\/media?parent=758473"}],"wp:term":[{"taxonomy":"product_brand","embeddable":true,"href":"https:\/\/roveyayinevi.com.tr\/index.php\/wp-json\/wp\/v2\/product_brand?post=758473"},{"taxonomy":"product_cat","embeddable":true,"href":"https:\/\/roveyayinevi.com.tr\/index.php\/wp-json\/wp\/v2\/product_cat?post=758473"},{"taxonomy":"product_tag","embeddable":true,"href":"https:\/\/roveyayinevi.com.tr\/index.php\/wp-json\/wp\/v2\/product_tag?post=758473"}],"curies":[{"name":"wp","href":"https:\/\/api.w.org\/{rel}","templated":true}]}}