{"id":758469,"date":"2025-08-28T08:05:47","date_gmt":"2025-08-28T05:05:47","guid":{"rendered":"https:\/\/roveyayinevi.com.tr\/index.php\/urun\/mesrutiyetten-cumhuriyete-tarih-toplum-ve-siyaset\/"},"modified":"2026-04-16T03:11:25","modified_gmt":"2026-04-16T00:11:25","slug":"mesrutiyetten-cumhuriyete-tarih-toplum-ve-siyaset","status":"publish","type":"product","link":"https:\/\/roveyayinevi.com.tr\/index.php\/urun\/mesrutiyetten-cumhuriyete-tarih-toplum-ve-siyaset\/","title":{"rendered":"Me\u015frutiyet&#8217;ten Cumhuriyet&#8217;e Tarih, Toplum ve Siyaset"},"content":{"rendered":"<p>Erik Jan Z\u00fcrcher\u2019in Me\u015frutiyet\u2019ten Cumhuriyet\u2019e kitab\u0131, modern T\u00fcrkiye\u2019nin neredeyse her tart\u0131\u015fma ba\u015fl\u0131\u011f\u0131 i\u00e7in derin bir kavray\u0131\u015fa temel te\u015fkil edebilecek makalelerden olu\u015fuyor. Osmanl\u0131\u2019n\u0131n son d\u00f6neminden Cumhuriyet\u2019in ilk y\u0131llar\u0131na uzanan d\u00f6nemi kar\u015f\u0131la\u015ft\u0131rmal\u0131 ve detayc\u0131 bir bi\u00e7imde ele al\u0131p \u00f6zg\u00fcll\u00fckleri, s\u00fcreklilik ve kopu\u015flar\u0131 anlamaya imk\u00e2n tan\u0131yor, tarihyaz\u0131m\u0131na dair tart\u0131\u015fmalar\u0131 zenginle\u015ftiriyor.Meslekten tarih\u00e7iler ve \u00f6\u011frenciler kadar T\u00fcrkiye\u2019nin g\u00fcncel meseleleriyle me\u015fgul olan her okura hitap eden bir \u00e7al\u0131\u015fma.\u201cOsmanl\u0131 ve T\u00fcrkiye tarihini, Birinci D\u00fcnya Sava\u015f\u0131\u2019ndan \u00f6nce ya\u015fanan devrimler tarihinin ya da imparatorluklar\u0131n \u00e7\u00f6k\u00fc\u015f\u00fcn\u00fcn ve anti-emperyalist m\u00fccadele tarihinin bir par\u00e7as\u0131 olarak g\u00f6rd\u00fc\u011f\u00fcm\u00fczde, ya\u015fanan olaylar anlam kazan\u0131r ve bunca zamand\u0131r T\u00fcrk tarihyaz\u0131m\u0131na egemen olan istisnac\u0131l\u0131ktan kurtulmu\u015f oluruz.\u201dERIK JAN Z\u00dcRCHER<\/p>\n","protected":false},"excerpt":{"rendered":"<p>Erik Jan Z\u00fcrcher\u2019in Me\u015frutiyet\u2019ten Cumhuriyet\u2019e kitab\u0131, modern T\u00fcrkiye\u2019nin neredeyse her tart\u0131\u015fma ba\u015fl\u0131\u011f\u0131 i\u00e7in derin bir kavray\u0131\u015fa temel te\u015fkil edebilecek makalelerden olu\u015fuyor. Osmanl\u0131\u2019n\u0131n son d\u00f6neminden Cumhuriyet\u2019in ilk<span class=\"excerpt-hellip\"> [\u2026]<\/span><\/p>\n","protected":false},"featured_media":0,"template":"","meta":{"_monsterinsights_skip_tracking":false,"_monsterinsights_sitenote_active":false,"_monsterinsights_sitenote_note":"","_monsterinsights_sitenote_category":0},"product_brand":[],"product_cat":[12304,13493],"product_tag":[],"class_list":{"0":"post-758469","1":"product","2":"type-product","3":"status-publish","5":"product_cat-tarih","6":"product_cat-turkiye-ve-cumhuriyet-tarihi","7":"pa_cilt-ciltsiz","8":"pa_tur-kitap","9":"pa_yayinevi-iletisim-yayinlari","10":"pa_yazar-erik-jan-zurcher","12":"first","13":"instock","14":"sale","15":"shipping-taxable","16":"purchasable","17":"product-type-simple"},"_links":{"self":[{"href":"https:\/\/roveyayinevi.com.tr\/index.php\/wp-json\/wp\/v2\/product\/758469","targetHints":{"allow":["GET"]}}],"collection":[{"href":"https:\/\/roveyayinevi.com.tr\/index.php\/wp-json\/wp\/v2\/product"}],"about":[{"href":"https:\/\/roveyayinevi.com.tr\/index.php\/wp-json\/wp\/v2\/types\/product"}],"wp:attachment":[{"href":"https:\/\/roveyayinevi.com.tr\/index.php\/wp-json\/wp\/v2\/media?parent=758469"}],"wp:term":[{"taxonomy":"product_brand","embeddable":true,"href":"https:\/\/roveyayinevi.com.tr\/index.php\/wp-json\/wp\/v2\/product_brand?post=758469"},{"taxonomy":"product_cat","embeddable":true,"href":"https:\/\/roveyayinevi.com.tr\/index.php\/wp-json\/wp\/v2\/product_cat?post=758469"},{"taxonomy":"product_tag","embeddable":true,"href":"https:\/\/roveyayinevi.com.tr\/index.php\/wp-json\/wp\/v2\/product_tag?post=758469"}],"curies":[{"name":"wp","href":"https:\/\/api.w.org\/{rel}","templated":true}]}}