{"id":758468,"date":"2025-08-28T08:05:45","date_gmt":"2025-08-28T05:05:45","guid":{"rendered":"https:\/\/roveyayinevi.com.tr\/index.php\/urun\/drakula-2\/"},"modified":"2026-04-12T03:15:27","modified_gmt":"2026-04-12T00:15:27","slug":"drakula-2","status":"publish","type":"product","link":"https:\/\/roveyayinevi.com.tr\/index.php\/urun\/drakula-2\/","title":{"rendered":"Drakula"},"content":{"rendered":"<p>Murat Ba\u015fekim \u00e7evirisi,Franco Moretti\u2019nin \u00f6ns\u00f6z\u00fc,Yazar ve d\u00f6nem kronolojisi,Kitaba dair g\u00f6rsellerle.Drakula, vampirlerin ve vampir avc\u0131lar\u0131n\u0131n deh\u015fetli bir r\u00fcyay\u0131 and\u0131ran d\u00fcnyas\u0131n\u0131 her detay\u0131yla resmeden bir korku edebiyat\u0131 ba\u015fyap\u0131t\u0131.Hukuk m\u00fc\u015faviri olan Jonathan Harker, Transilvanya\u2019ya yapt\u0131\u011f\u0131 bir i\u015f seyahatinin ard\u0131ndan hem kendisini hem \u00e7evresindekileri korku dolu bir olaylar zincirinin i\u00e7inde bulur. Drakula Kalesi\u2019nde ge\u00e7irdi\u011fi gerilimli g\u00fcnlerde do\u011fa\u00fcst\u00fc g\u00fc\u00e7leri olan kad\u0131nlarla ve geceleri iyice tuhafla\u015fan Kont Drakula\u2019yla ba\u015f etmeye \u00e7al\u0131\u015f\u0131r. Oradan ka\u00e7\u0131p \u0130ngiltere\u2019ye d\u00f6nd\u00fc\u011f\u00fcndeyse ak\u0131l almaz olaylar dalga dalga b\u00fcy\u00fcr. Harker\u2019\u0131n ve arkada\u015flar\u0131n\u0131n, bir vampir sarmal\u0131n\u0131n i\u00e7inde s\u0131k\u0131\u015ft\u0131\u011f\u0131 fark edilir ve bu k\u00fc\u00e7\u00fck grup, Dr. Van Helsing \u00f6nderli\u011finde amans\u0131z bir m\u00fccadeleye giri\u015fir.Bram Stoker vampir edebiyat\u0131n\u0131n mucidi de\u011fil elbette fakat Drakula\u2019yla birlikte bu t\u00fcrde b\u00fcy\u00fck bir d\u00f6n\u00fc\u015f\u00fcm yaratt\u0131\u011f\u0131 ve onu adeta yeniden tan\u0131mlad\u0131\u011f\u0131 tart\u0131\u015fmas\u0131z bir ger\u00e7ek.\u201cStoker bize fevkalade korku sahneleri sunuyor; unutulmaz sahneler bunlar ve hi\u00e7bir film bunlar\u0131n hakk\u0131n\u0131 tam anlam\u0131yla veremedi.\u201dSTEPHEN KINGD\u00fcnya edebiyat\u0131n\u0131n ba\u015fyap\u0131tlar\u0131 \u0130leti\u015fim Klasikleri dizisinde!\u0130leti\u015fim Yay\u0131nlar\u0131, Murat Belge y\u00f6netiminde edebiyat klasikleri yay\u0131mlamaya devam ediyor. \u0130leti\u015fim Klasikleri dizisinden \u00e7\u0131kan kitaplar, edebiyata kar\u015f\u0131 sorumlulu\u011fu okuma zevkiyle bulu\u015fturan bir anlay\u0131\u015fla haz\u0131rlan\u0131yor. Eserler orijinal dillerinden ve tam metin \u00e7evirileriyle yay\u0131ma haz\u0131rlan\u0131rken, ana metne e\u015flik eden ve yetkin isimlerin yazd\u0131\u011f\u0131 \u00f6ns\u00f6z ve sons\u00f6zlere yer veriliyor. Ayr\u0131ca her kitab\u0131n ba\u015f\u0131nda, yazar\u0131n hayat\u0131na ve ya\u015fad\u0131\u011f\u0131 d\u00f6neme \u0131\u015f\u0131k tutan bir kronoloji bulunuyor. \u0130leti\u015fim Klasikleri\u2019nin i\u00e7eri\u011fi eserin ilk bask\u0131 kapa\u011f\u0131, el yazmas\u0131ndan \u00f6rnek sayfalar, haritalar ve \u00f6zel \u00e7izimlerle zenginle\u015ftiriliyor. Diziye \u00f6zel olarak haz\u0131rlanan kapak tasar\u0131m\u0131nda ise, resim tarihinden \u00f6zenle se\u00e7ilmi\u015f g\u00f6rseller kullan\u0131l\u0131yor.Zengin bir i\u00e7erikle haz\u0131rlanan \u0130leti\u015fim Klasikleri dizisi, g\u00fcvenilir ve \u00f6zenli biredisyonla okurla bulu\u015furken, alan\u0131nda referans kaynaklar sunuyor.<\/p>\n","protected":false},"excerpt":{"rendered":"<p>Murat Ba\u015fekim \u00e7evirisi,Franco Moretti\u2019nin \u00f6ns\u00f6z\u00fc,Yazar ve d\u00f6nem kronolojisi,Kitaba dair g\u00f6rsellerle.Drakula, vampirlerin ve vampir avc\u0131lar\u0131n\u0131n deh\u015fetli bir r\u00fcyay\u0131 and\u0131ran d\u00fcnyas\u0131n\u0131 her detay\u0131yla resmeden bir korku edebiyat\u0131 ba\u015fyap\u0131t\u0131.Hukuk<span class=\"excerpt-hellip\"> [\u2026]<\/span><\/p>\n","protected":false},"featured_media":0,"template":"","meta":{"_monsterinsights_skip_tracking":false,"_monsterinsights_sitenote_active":false,"_monsterinsights_sitenote_note":"","_monsterinsights_sitenote_category":0},"product_brand":[],"product_cat":[12291,12711],"product_tag":[],"class_list":{"0":"post-758468","1":"product","2":"type-product","3":"status-publish","5":"product_cat-edebiyat","6":"product_cat-roman-oyku","7":"pa_cilt-ciltsiz","8":"pa_tur-kitap","9":"pa_yayinevi-iletisim-yayinlari","10":"pa_yazar-bram-stoker","12":"first","13":"instock","14":"sale","15":"shipping-taxable","16":"purchasable","17":"product-type-simple"},"_links":{"self":[{"href":"https:\/\/roveyayinevi.com.tr\/index.php\/wp-json\/wp\/v2\/product\/758468","targetHints":{"allow":["GET"]}}],"collection":[{"href":"https:\/\/roveyayinevi.com.tr\/index.php\/wp-json\/wp\/v2\/product"}],"about":[{"href":"https:\/\/roveyayinevi.com.tr\/index.php\/wp-json\/wp\/v2\/types\/product"}],"wp:attachment":[{"href":"https:\/\/roveyayinevi.com.tr\/index.php\/wp-json\/wp\/v2\/media?parent=758468"}],"wp:term":[{"taxonomy":"product_brand","embeddable":true,"href":"https:\/\/roveyayinevi.com.tr\/index.php\/wp-json\/wp\/v2\/product_brand?post=758468"},{"taxonomy":"product_cat","embeddable":true,"href":"https:\/\/roveyayinevi.com.tr\/index.php\/wp-json\/wp\/v2\/product_cat?post=758468"},{"taxonomy":"product_tag","embeddable":true,"href":"https:\/\/roveyayinevi.com.tr\/index.php\/wp-json\/wp\/v2\/product_tag?post=758468"}],"curies":[{"name":"wp","href":"https:\/\/api.w.org\/{rel}","templated":true}]}}