{"id":758466,"date":"2025-08-28T08:05:42","date_gmt":"2025-08-28T05:05:42","guid":{"rendered":"https:\/\/roveyayinevi.com.tr\/index.php\/urun\/feminist-sosyal-hizmet\/"},"modified":"2026-04-16T03:11:25","modified_gmt":"2026-04-16T00:11:25","slug":"feminist-sosyal-hizmet","status":"publish","type":"product","link":"https:\/\/roveyayinevi.com.tr\/index.php\/urun\/feminist-sosyal-hizmet\/","title":{"rendered":"Feminist Sosyal Hizmet"},"content":{"rendered":"<p>Feminizm, g\u00fcn\u00fcm\u00fcz\u00fcn s\u00f6zde postmodern d\u00fcnyas\u0131nda eski moda bir kelime gibi g\u00f6r\u00fcnmektedir. Bat\u0131 medyas\u0131 kendilerinden emin bir \u015fekilde, post-feminist bir d\u00f6neme girdi\u011fimizi iddia ederek, feminizmin art\u0131k modas\u0131n\u0131n ge\u00e7mi\u015f oldu\u011funu ileri s\u00fcrmektedir. Benim gibi kad\u0131nlar i\u00e7in bu garip bir \u00e7eli\u015fkidir. Kad\u0131nlar; yoksullu\u011fun kad\u0131ns\u0131la\u015fmas\u0131n\u0131, artan cinsel \u015fiddet d\u00fczeylerini, yak\u0131n ge\u00e7mi\u015fte ya\u015fad\u0131klar\u0131 devlet yard\u0131mlar\u0131 kayb\u0131n\u0131 deneyimledik\u00e7e feminist iddialar\u0131n ger\u00e7ekle\u015fti\u011fi, kad\u0131nlar\u0131n ve k\u0131zlar\u0131n enerjilerini art\u0131k bu konuyla t\u00fcketmemesi gerekti\u011fi fikrine hayret ediyorum.Sanayile\u015fmekte olan ya da du\u0308\u015fu\u0308k gelirli u\u0308lkelerdeki kad\u0131nlar i\u00e7in gu\u0308nlu\u0308k hayat\u0131n ger\u00e7ekleri du\u0308\u015fu\u0308nu\u0308ldu\u0308\u011fu\u0308nde, bu u\u0308lkelerde yoksulluk yayg\u0131nd\u0131r ve bir\u00e7ok \u00e7ocuk, kad\u0131n ve erkek, yiyecek, su ve bar\u0131nma gibi ya\u015fam\u0131n temel ihtiya\u00e7lar\u0131n\u0131 gu\u0308vence alt\u0131na almak i\u00e7in mu\u0308cadele etmektedir. Sanayile\u015fmi\u015f u\u0308lkelerde \u00e7ok say\u0131da topluluk, u\u0308retim merkezlerini kaybetmi\u015ftir. Bunlarla birlikte, gen\u00e7 kad\u0131nlar\u0131n ekonomik ba\u011f\u0131ms\u0131zl\u0131klar\u0131n\u0131 kazanmalar\u0131 ve kendi yollar\u0131na gitmeleri i\u00e7in istihdam f\u0131rsatlar\u0131 da ortadan kalkm\u0131\u015ft\u0131r.Feministler e\u015fitlik\u00e7i sosyal ili\u015fkilerin kurulmas\u0131n\u0131 \u00f6ng\u00f6ru\u0308rler. Ayn\u0131 zamanda feministler, kad\u0131nlar\u0131n ya\u015fad\u0131klar\u0131 ko\u015fullar\u0131 kendi bak\u0131\u015f a\u00e7\u0131lar\u0131ndan iyile\u015ftirmeye \u00e7al\u0131\u015fan kad\u0131nlar olarak, yu\u0308zy\u0131llard\u0131r kad\u0131nlara eziyet eden adaletsiz toplumsal ili\u015fkilere du\u0308nyan\u0131n her yerinde farkl\u0131 \u015fekillerde meydan okumu\u015flard\u0131r.Feminist sosyal hizmet, kendi topluluklar\u0131nda kad\u0131nlarla \u00e7al\u0131\u015fan kad\u0131nlar\u0131n yu\u0308ru\u0308ttu\u0308\u011fu\u0308 feminist sosyal eylemden do\u011fmu\u015ftur. Bu kad\u0131nlar\u0131n amac\u0131, kad\u0131nlar\u0131n bireysel ve \u00f6zel olarak nitelendirilen sorunlar\u0131 ile onlar\u0131n toplumdaki sosyal konum ve durumlar\u0131n\u0131 ili\u015fkilendirerek kad\u0131nlar\u0131n refah\u0131n\u0131 artt\u0131rmakt\u0131r. Bu, bireysel sorunlar\u0131n kamuyu ilgilendiren konular olarak yeniden tan\u0131mlanmas\u0131 anlam\u0131na gelmektedir. Feminist Sosyal Hizmet, uygulaman\u0131n merkezine kad\u0131nlar\u0131 ve yap\u0131sal cinsiyet e\u015fitsizliklerinin ortadan kald\u0131r\u0131lmas\u0131n\u0131 koyarak bu sorunlar\u0131 ele almay\u0131 ama\u00e7lamaktad\u0131r.  Kad\u0131nlar\u0131n \u00f6zel ihtiya\u00e7lar\u0131n\u0131 bu\u0308tu\u0308ncu\u0308l bir \u015fekilde kar\u015f\u0131lamak ve -onlar\u0131 etkileyen say\u0131s\u0131z gerilim ve bask\u0131 bi\u00e7imleri de dahil olmak u\u0308zere- ya\u015famlar\u0131n\u0131n karma\u015f\u0131kl\u0131\u011f\u0131yla u\u011fra\u015fmak, feminist sosyal hizmetin ayr\u0131lmaz bir par\u00e7as\u0131d\u0131r. Sosyal ili\u015fkilerin birbirine ba\u011f\u0131ml\u0131 do\u011fas\u0131na odaklan\u0131lmas\u0131, kad\u0131nlar\u0131n etkile\u015fimde bulundu\u011fu erkeklerin, \u00e7ocuklar\u0131n ve di\u011fer kad\u0131nlar\u0131n ihtiya\u00e7lar\u0131n\u0131n da ele al\u0131nmas\u0131n\u0131 sa\u011flamaktad\u0131r.Lena Dominelli <\/p>\n","protected":false},"excerpt":{"rendered":"<p>Feminizm, g\u00fcn\u00fcm\u00fcz\u00fcn s\u00f6zde postmodern d\u00fcnyas\u0131nda eski moda bir kelime gibi g\u00f6r\u00fcnmektedir. Bat\u0131 medyas\u0131 kendilerinden emin bir \u015fekilde, post-feminist bir d\u00f6neme girdi\u011fimizi iddia ederek, feminizmin art\u0131k modas\u0131n\u0131n<span class=\"excerpt-hellip\"> [\u2026]<\/span><\/p>\n","protected":false},"featured_media":0,"template":"","meta":{"_monsterinsights_skip_tracking":false,"_monsterinsights_sitenote_active":false,"_monsterinsights_sitenote_note":"","_monsterinsights_sitenote_category":0},"product_brand":[],"product_cat":[13252,12324],"product_tag":[],"class_list":{"0":"post-758466","1":"product","2":"type-product","3":"status-publish","5":"product_cat-kadin-calismalari","6":"product_cat-sosyoloji","7":"pa_cilt-ciltsiz","8":"pa_tur-kitap","9":"pa_yayinevi-nika-yayinevi","10":"pa_yazar-lena-dominelli","12":"first","13":"instock","14":"sale","15":"shipping-taxable","16":"purchasable","17":"product-type-simple"},"_links":{"self":[{"href":"https:\/\/roveyayinevi.com.tr\/index.php\/wp-json\/wp\/v2\/product\/758466","targetHints":{"allow":["GET"]}}],"collection":[{"href":"https:\/\/roveyayinevi.com.tr\/index.php\/wp-json\/wp\/v2\/product"}],"about":[{"href":"https:\/\/roveyayinevi.com.tr\/index.php\/wp-json\/wp\/v2\/types\/product"}],"wp:attachment":[{"href":"https:\/\/roveyayinevi.com.tr\/index.php\/wp-json\/wp\/v2\/media?parent=758466"}],"wp:term":[{"taxonomy":"product_brand","embeddable":true,"href":"https:\/\/roveyayinevi.com.tr\/index.php\/wp-json\/wp\/v2\/product_brand?post=758466"},{"taxonomy":"product_cat","embeddable":true,"href":"https:\/\/roveyayinevi.com.tr\/index.php\/wp-json\/wp\/v2\/product_cat?post=758466"},{"taxonomy":"product_tag","embeddable":true,"href":"https:\/\/roveyayinevi.com.tr\/index.php\/wp-json\/wp\/v2\/product_tag?post=758466"}],"curies":[{"name":"wp","href":"https:\/\/api.w.org\/{rel}","templated":true}]}}