{"id":758465,"date":"2025-08-28T08:05:41","date_gmt":"2025-08-28T05:05:41","guid":{"rendered":"https:\/\/roveyayinevi.com.tr\/index.php\/urun\/afetin-sosyal-insasi-turkiyenin-deprem-sosyolojisi\/"},"modified":"2026-04-16T03:11:25","modified_gmt":"2026-04-16T00:11:25","slug":"afetin-sosyal-insasi-turkiyenin-deprem-sosyolojisi","status":"publish","type":"product","link":"https:\/\/roveyayinevi.com.tr\/index.php\/urun\/afetin-sosyal-insasi-turkiyenin-deprem-sosyolojisi\/","title":{"rendered":"Afetin Sosyal \u0130n\u015fas\u0131: T\u00fcrkiye\u2019nin Deprem Sosyolojisi"},"content":{"rendered":"<p>\u201cDepremin [\u2026] nedenleri ve sonu\u00e7lar\u0131 ile birlikte etrafl\u0131 bir \u015fekilde ele al\u0131nmas\u0131n\u0131n yerbilimin kapsam\u0131na s\u0131\u011fmayaca\u011f\u0131, depremin anla\u015f\u0131lmas\u0131nda insan fakt\u00f6r\u00fcn\u00fc merkeze almayan her t\u00fcrden yakla\u015f\u0131m\u0131n g\u00fcd\u00fck kalaca\u011f\u0131 a\u015fik\u00e2rd\u0131r. Depremi anlamak i\u00e7in elbette yeri anlamak, ama daha \u00f6nemlisi \u00fcst\u00fcndeki binay\u0131 anlamak gerekir. Binay\u0131 anlamaksa, insan\u0131 anlamakla m\u00fcmk\u00fcn. Binay\u0131 yapan insan, o yerdeki o \u00f6l\u00e7\u00fcmleri yapan da insan, imar iznini veren de insan, binan\u0131n i\u00e7inde ya\u015fayan da insan. Deprem olunca enkaz\u0131n alt\u0131nda kalan da insan. \u0130lk yard\u0131ma giden de, di\u011ferk\u00e2ml\u0131\u011f\u0131yla \u00f6ne \u00e7\u0131kan da bencilli\u011fiyle g\u00f6ze batan da\u2026 Yeri sallayan o olmasa da depremi felakete d\u00f6n\u00fc\u015ft\u00fcren faildir insan. Depremde, failli\u011fi nedeniyle mercek alt\u0131na almam\u0131z gereken bu be\u015feri boyutu, ancak toplumbilim ile kavrayabilir ve yerli yerine oturtabiliriz.\u201d 6 \u015eubat 2023 depremlerinin ard\u0131ndan sosyologlar yanlar\u0131nda \u015fehir planc\u0131lar, mimarlar, in\u015faat m\u00fchendisleri, siyaset bilimciler, kamu y\u00f6netimcileri, sivil toplumcular, haberciler, arama-kurtarmac\u0131lar gibi farkl\u0131 disiplinlinlerden uzmanlar ile toplumsal fayda i\u00e7in kolektif bir akademik \u00fcretimde bir araya geldiler. Deprem Sosyolojisi A\u00e7\u0131k Dersi\u2019nden ortaya \u00e7\u0131kan afet sosyolojisi alan\u0131ndaki bu kaynak eser; depremi k\u00fclt\u00fcr, siyaset, afet-felaket ili\u015fkisi, risk, tehlike, zararg\u00f6rebilirlik \/k\u0131r\u0131lganl\u0131k, mekan, kent, planlama, g\u00f6\u00e7, bina-imar ili\u015fkisi, g\u00f6n\u00fcll\u00fck ve dayan\u0131\u015fma kavramlar\u0131yla okurken T\u00fcrkiye\u2019de depremin sosyal (fay) hatlar\u0131n\u0131 ortaya koyuyor. K\u00fclt\u00fcr, Siyaset Derken SosyolojiDeprem Sosyolojisine Giri\u015f Ula\u015f Sunata \u2022 Deprem K\u00fclt\u00fcr\u00fc ve Politikas\u0131 \u015e\u00fckr\u00fc Aslan \u2022 Depreme Kar\u015f\u0131 Siyasal Refleksler Murat Arpac\u0131Risk, Tehlike, Zararg\u00f6rebilirlikAfet Risk Y\u00f6netiminin \u00d6nemi ve Deprem Tehlikelerine Kar\u015f\u0131 Zararg\u00f6rebilirlik Mehmet Baki Bilik \u2022 Afet Risk Y\u00f6netiminde Yerel Y\u00f6netimlerin Sorumluluklar\u0131 Nazan C\u00f6mert Baechler \u2022 Deprem Riski ve Ekonomik Faaliyetlerin Yer De\u011fi\u015ftirmesi G. Pelin Olcay \u2022 Afet ve Toplumsal Cinsiyete Sosyolojik Bir Bak\u0131\u015f F. Umut Be\u015fp\u0131nar &amp; Zeynep Be\u015fp\u0131narK\u0131r\u0131lganl\u0131klar ve Mek\u00e2nDeprem \u00c7al\u0131\u015fmalar\u0131nda Sosyal K\u0131r\u0131lganl\u0131k \u00d6l\u00e7\u00fcm\u00fc ve Mek\u00e2nda Temsili  Kezban \u00c7elik \u2022 Depremin N\u00fcfus De\u011fi\u015fimine ve Mek\u00e2na Etkisi Alanur \u00c7avlin Bircan \u2022 T\u00fcrkiye\u2019de Deprem ve G\u00f6\u00e7 Seda Yurtcanl\u0131 Duymaz \u2022 Mek\u00e2nda Adalet ve Deprem Bahar BayhanAfet, Kent, PlanlamaAfette E\u015fg\u00fcd\u00fcm ve Koordinasyon A\u00e7\u0131s\u0131ndan Kurumlar \u0130lknur \u00d6ner \u2022 Deprem, Planlama ve Kentsel D\u00f6n\u00fc\u015f\u00fcm  Pelin P\u0131nar Giritlio\u011flu \u2022 Depremde \u0130\u015f\u00e7i, Halk ve \u00c7evre Sa\u011fl\u0131\u011f\u0131: Enkaz\u0131n Molozla\u015ft\u0131r\u0131lmas\u0131  Asl\u0131 OdmanBinan\u0131n Sosyal \u0130n\u015fas\u0131\u201c\u015eantiye\u201dde Sosyal \u0130li\u015fki A\u011f\u0131 Taylan Ula\u015f Evcimen \u2022 Depreme Dayan\u0131kl\u0131 Yap\u0131larda Mimari Tasar\u0131m ve Mimar\u0131n Rol\u00fc  Meltem Vatan \u2022 Turgut Cansever, Depreme Bir \u00c7\u00f6z\u00fcm \u00d6nerisi Olarak Ufk\u00ee \u015eehir \u015eevket Ercan K\u0131z\u0131layG\u00f6n\u00fcll\u00fcl\u00fck ve Dayan\u0131\u015fmaAfet Y\u00f6netiminde G\u00f6n\u00fcll\u00fc Kat\u0131l\u0131m\u0131 ve Topluluk-Temelli Yerel Yap\u0131lanma Elvan Cantekin \u2022 Depremde Sivil Toplum Cengiz \u00c7ift\u00e7i \u2022 Deprem ve Habercilik: Kamu Faydas\u0131 \u0130\u00e7in Yay\u0131nc\u0131l\u0131\u011f\u0131n Olanak ve S\u0131n\u0131rlar\u0131 Can Ertuna \u2022 Son S\u00f6z Helga RIttersberger-T\u0131l\u0131\u00e7 <\/p>\n","protected":false},"excerpt":{"rendered":"<p>\u201cDepremin [\u2026] nedenleri ve sonu\u00e7lar\u0131 ile birlikte etrafl\u0131 bir \u015fekilde ele al\u0131nmas\u0131n\u0131n yerbilimin kapsam\u0131na s\u0131\u011fmayaca\u011f\u0131, depremin anla\u015f\u0131lmas\u0131nda insan fakt\u00f6r\u00fcn\u00fc merkeze almayan her t\u00fcrden yakla\u015f\u0131m\u0131n g\u00fcd\u00fck kalaca\u011f\u0131<span class=\"excerpt-hellip\"> [\u2026]<\/span><\/p>\n","protected":false},"featured_media":0,"template":"","meta":{"_monsterinsights_skip_tracking":false,"_monsterinsights_sitenote_active":false,"_monsterinsights_sitenote_note":"","_monsterinsights_sitenote_category":0},"product_brand":[],"product_cat":[12325,12324],"product_tag":[],"class_list":{"0":"post-758465","1":"product","2":"type-product","3":"status-publish","5":"product_cat-diger-sosyoloji","6":"product_cat-sosyoloji","7":"pa_cilt-ciltsiz","8":"pa_tur-kitap","9":"pa_yayinevi-nika-yayinevi","10":"pa_yazar-ulas-sunata","12":"first","13":"instock","14":"sale","15":"shipping-taxable","16":"purchasable","17":"product-type-simple"},"_links":{"self":[{"href":"https:\/\/roveyayinevi.com.tr\/index.php\/wp-json\/wp\/v2\/product\/758465","targetHints":{"allow":["GET"]}}],"collection":[{"href":"https:\/\/roveyayinevi.com.tr\/index.php\/wp-json\/wp\/v2\/product"}],"about":[{"href":"https:\/\/roveyayinevi.com.tr\/index.php\/wp-json\/wp\/v2\/types\/product"}],"wp:attachment":[{"href":"https:\/\/roveyayinevi.com.tr\/index.php\/wp-json\/wp\/v2\/media?parent=758465"}],"wp:term":[{"taxonomy":"product_brand","embeddable":true,"href":"https:\/\/roveyayinevi.com.tr\/index.php\/wp-json\/wp\/v2\/product_brand?post=758465"},{"taxonomy":"product_cat","embeddable":true,"href":"https:\/\/roveyayinevi.com.tr\/index.php\/wp-json\/wp\/v2\/product_cat?post=758465"},{"taxonomy":"product_tag","embeddable":true,"href":"https:\/\/roveyayinevi.com.tr\/index.php\/wp-json\/wp\/v2\/product_tag?post=758465"}],"curies":[{"name":"wp","href":"https:\/\/api.w.org\/{rel}","templated":true}]}}