{"id":758462,"date":"2025-08-28T08:05:37","date_gmt":"2025-08-28T05:05:37","guid":{"rendered":"https:\/\/roveyayinevi.com.tr\/index.php\/urun\/ucuncu-dongu\/"},"modified":"2026-04-16T03:11:25","modified_gmt":"2026-04-16T00:11:25","slug":"ucuncu-dongu","status":"publish","type":"product","link":"https:\/\/roveyayinevi.com.tr\/index.php\/urun\/ucuncu-dongu\/","title":{"rendered":"\u00dc\u00e7\u00fcnc\u00fc D\u00f6ng\u00fc"},"content":{"rendered":"<p>\u00dc\u00e7\u00fcnc\u00fc D\u00f6ng\u00fc &#8220;Anlay\u0131\u015f&#8221; yeti\u015fkinler i\u00e7in bir hayat bilgisi kitab\u0131d\u0131r. \u0130\u00e7eri\u011finde insanlar aras\u0131 ili\u015fkiler, insan i\u00e7i dinamikler, astronomik, astrolojik, mitolojik, etimolojik, felsefik, psikolojik, psikoterapik, sosyolojik ve metafizik \u00f6geler ve bu \u00f6gelerin matematiksel, geometrik ve fiziksel ba\u011flant\u0131lar\u0131 irdelenmektedir. \u00dc\u00e7\u00fcnc\u00fc D\u00f6ng\u00fc &#8220;Anlay\u0131\u015f&#8221; bir varolu\u015fu anlama ve tan\u0131ma rehberi olarak g\u00f6r\u00fclebilir. Bu kitab\u0131 bitirdi\u011finde, hayat\u0131n boyunca kendine sordu\u011fun sorular\u0131n bir\u00e7o\u011funun cevab\u0131n\u0131 bulman temenni edilmektedir. \u00dc\u00e7\u00fcnc\u00fc D\u00f6ng\u00fc &#8220;Anlay\u0131\u015f&#8221; hayata bak\u0131\u015f\u0131n\u0131 de\u011fi\u015ftirebilir, farkl\u0131 bir hayat vizyonu edinmene vesile olabilir.   Faruk Umut K\u00fc\u00e7\u00fcker, Birinci D\u00f6ng\u00fc \u201cAray\u0131\u015f\u201d ve \u0130kinci D\u00f6ng\u00fc \u201cUyan\u0131\u015f\u201d eserleriyle okuyucular\u0131n\u0131n ruhlar\u0131na \u0131\u015f\u0131k tutarak, i\u00e7sel ve d\u0131\u015fsal yolculuklar\u0131nda kendi benlik ve toplumsal bilin\u00e7lerini anlama ve ya\u015fama noktas\u0131nda rehber olurken, serinin devam niteli\u011fi ta\u015f\u0131yan \u00dc\u00e7\u00fcnc\u00fc D\u00f6ng\u00fc \u201cAnlay\u0131\u015f\u201d eseriyle ruhlar\u0131ndaki \u0131\u015f\u0131\u011f\u0131n varolu\u015fsal derinliklerine n\u00fcfuz edilmesi noktas\u0131nda okuyucular\u0131n\u0131n \u00e7\u0131kt\u0131klar\u0131 bu yolda birer \u0131\u015f\u0131\u011fa evrilmelerini sa\u011flam\u0131\u015ft\u0131r.<\/p>\n","protected":false},"excerpt":{"rendered":"<p>\u00dc\u00e7\u00fcnc\u00fc D\u00f6ng\u00fc &#8220;Anlay\u0131\u015f&#8221; yeti\u015fkinler i\u00e7in bir hayat bilgisi kitab\u0131d\u0131r. \u0130\u00e7eri\u011finde insanlar aras\u0131 ili\u015fkiler, insan i\u00e7i dinamikler, astronomik, astrolojik, mitolojik, etimolojik, felsefik, psikolojik, psikoterapik, sosyolojik ve metafizik<span class=\"excerpt-hellip\"> [\u2026]<\/span><\/p>\n","protected":false},"featured_media":0,"template":"","meta":{"_monsterinsights_skip_tracking":false,"_monsterinsights_sitenote_active":false,"_monsterinsights_sitenote_note":"","_monsterinsights_sitenote_category":0},"product_brand":[],"product_cat":[12291,14777],"product_tag":[],"class_list":{"0":"post-758462","1":"product","2":"type-product","3":"status-publish","5":"product_cat-edebiyat","6":"product_cat-fantastik","7":"pa_cilt-ciltsiz","8":"pa_tur-kitap","9":"pa_yayinevi-elpis-yayinlari","10":"pa_yazar-faruk-umut-kucuker","12":"first","13":"instock","14":"sale","15":"shipping-taxable","16":"purchasable","17":"product-type-simple"},"_links":{"self":[{"href":"https:\/\/roveyayinevi.com.tr\/index.php\/wp-json\/wp\/v2\/product\/758462","targetHints":{"allow":["GET"]}}],"collection":[{"href":"https:\/\/roveyayinevi.com.tr\/index.php\/wp-json\/wp\/v2\/product"}],"about":[{"href":"https:\/\/roveyayinevi.com.tr\/index.php\/wp-json\/wp\/v2\/types\/product"}],"wp:attachment":[{"href":"https:\/\/roveyayinevi.com.tr\/index.php\/wp-json\/wp\/v2\/media?parent=758462"}],"wp:term":[{"taxonomy":"product_brand","embeddable":true,"href":"https:\/\/roveyayinevi.com.tr\/index.php\/wp-json\/wp\/v2\/product_brand?post=758462"},{"taxonomy":"product_cat","embeddable":true,"href":"https:\/\/roveyayinevi.com.tr\/index.php\/wp-json\/wp\/v2\/product_cat?post=758462"},{"taxonomy":"product_tag","embeddable":true,"href":"https:\/\/roveyayinevi.com.tr\/index.php\/wp-json\/wp\/v2\/product_tag?post=758462"}],"curies":[{"name":"wp","href":"https:\/\/api.w.org\/{rel}","templated":true}]}}