{"id":758459,"date":"2025-08-28T08:05:31","date_gmt":"2025-08-28T05:05:31","guid":{"rendered":"https:\/\/roveyayinevi.com.tr\/index.php\/urun\/pozitif-etki\/"},"modified":"2026-04-16T03:11:25","modified_gmt":"2026-04-16T00:11:25","slug":"pozitif-etki","status":"publish","type":"product","link":"https:\/\/roveyayinevi.com.tr\/index.php\/urun\/pozitif-etki\/","title":{"rendered":"Pozitif Etki"},"content":{"rendered":"<p>Etkili bili\u015fsel davran\u0131\u015f\u00e7\u0131 terapiyi ve pozitif psikolojiyi temel alan bu canland\u0131r\u0131c\u0131 k\u0131lavuz, olumsuz d\u00fc\u015f\u00fcncenin \u00fcstesinden gelmenize ve stresi azaltmak, g\u00fcveni art\u0131rmak, sakin ve s\u00fcrd\u00fcr\u00fclebilir mutlulu\u011fu bulmak i\u00e7in pozitifli\u011fin g\u00fcc\u00fcnden yararlanman\u0131za yard\u0131mc\u0131 olacak basit beceriler i\u00e7ermektedir. Bu ilham verici y\u00f6ntemlerle endi\u015felenmeyi b\u0131rakmaktan daha fazlas\u0131n\u0131 yapmay\u0131, uzun s\u00fcreli dinginlik i\u00e7in bak\u0131\u015f a\u00e7\u0131n\u0131z\u0131 tamamen de\u011fi\u015ftirmeyi \u00f6\u011freneceksiniz. <\/p>\n","protected":false},"excerpt":{"rendered":"<p>Etkili bili\u015fsel davran\u0131\u015f\u00e7\u0131 terapiyi ve pozitif psikolojiyi temel alan bu canland\u0131r\u0131c\u0131 k\u0131lavuz, olumsuz d\u00fc\u015f\u00fcncenin \u00fcstesinden gelmenize ve stresi azaltmak, g\u00fcveni art\u0131rmak, sakin ve s\u00fcrd\u00fcr\u00fclebilir mutlulu\u011fu bulmak<span class=\"excerpt-hellip\"> [\u2026]<\/span><\/p>\n","protected":false},"featured_media":0,"template":"","meta":{"_monsterinsights_skip_tracking":false,"_monsterinsights_sitenote_active":false,"_monsterinsights_sitenote_note":"","_monsterinsights_sitenote_category":0},"product_brand":[],"product_cat":[12364,12376],"product_tag":[],"class_list":{"0":"post-758459","1":"product","2":"type-product","3":"status-publish","5":"product_cat-genel-konular","6":"product_cat-kisisel-gelisim","7":"pa_cilt-ciltsiz","8":"pa_tur-kitap","9":"pa_yayinevi-leopar-yayinlari","10":"pa_yazar-dan-tomasulo","12":"first","13":"instock","14":"sale","15":"shipping-taxable","16":"purchasable","17":"product-type-simple"},"_links":{"self":[{"href":"https:\/\/roveyayinevi.com.tr\/index.php\/wp-json\/wp\/v2\/product\/758459","targetHints":{"allow":["GET"]}}],"collection":[{"href":"https:\/\/roveyayinevi.com.tr\/index.php\/wp-json\/wp\/v2\/product"}],"about":[{"href":"https:\/\/roveyayinevi.com.tr\/index.php\/wp-json\/wp\/v2\/types\/product"}],"wp:attachment":[{"href":"https:\/\/roveyayinevi.com.tr\/index.php\/wp-json\/wp\/v2\/media?parent=758459"}],"wp:term":[{"taxonomy":"product_brand","embeddable":true,"href":"https:\/\/roveyayinevi.com.tr\/index.php\/wp-json\/wp\/v2\/product_brand?post=758459"},{"taxonomy":"product_cat","embeddable":true,"href":"https:\/\/roveyayinevi.com.tr\/index.php\/wp-json\/wp\/v2\/product_cat?post=758459"},{"taxonomy":"product_tag","embeddable":true,"href":"https:\/\/roveyayinevi.com.tr\/index.php\/wp-json\/wp\/v2\/product_tag?post=758459"}],"curies":[{"name":"wp","href":"https:\/\/api.w.org\/{rel}","templated":true}]}}